{"id":21253,"date":"2023-09-12T12:14:47","date_gmt":"2023-09-12T10:14:47","guid":{"rendered":"https:\/\/e-adams.pl\/produkt\/rubi-wiertlo-drygres-premium-65mm\/"},"modified":"2024-02-15T11:49:35","modified_gmt":"2024-02-15T10:49:35","slug":"wiertlo-rubi-drygres-premium-65mm","status":"publish","type":"product","link":"https:\/\/e-adams.pl\/de\/produkt\/wiertlo-rubi-drygres-premium-65mm\/","title":{"rendered":"Wiert\u0142o RUBI DRYGRES PREMIUM 65mm"},"content":{"rendered":"<h3>OPIS:<\/h3>\n<p>Wiert\u0142o z <a href=\"https:\/\/e-adams.pl\/oferta\/rubi\/\">serii RUBI<\/a> DRYGRES PREMIUM to wiert\u0142o kt\u00f3rego przeznaczeniem jest praca na sucho. Doskonale nadaje si\u0119 do wiercenia otwor\u00f3w w bardzo twardych p\u0142ytkach.\u00a0 Podczas produkcji wierte\u0142 zastosowano technologi\u0119 lutowania pr\u00f3\u017cniowego VACUUM BRAZED. Dzi\u0119ki tej technologii, wiert\u0142a wytrzymuj\u0105 wy\u017csze temperatury powstaj\u0105ce w skutek pracy, co znacznie wyd\u0142u\u017ca \u017cywotno\u015b\u0107 wierte\u0142. Mo\u017cna za\u0142o\u017cy\u0107 je na dowoln\u0105 szlifierk\u0119 k\u0105tow\u0105 ze standardowym gwintem M14. \u017bywotno\u015b\u0107 wierte\u0142 uzale\u017cniona jest od ich \u015brednicy. Mniejsze wiert\u0142a tj. od \u015brednicy 6 do 12mm cechuj\u0105 si\u0119 \u017cywotno\u015bci\u0105 na poziomie 60 otwor\u00f3w, natomiast dla wierte\u0142 o \u015brednicy od 20 do 85mm \u017cywotno\u015b\u0107 ta wynosi ~150 otwor\u00f3w.<\/p>\n<h3>Dane techniczne:<\/h3>\n<ul>\n<li>Rodzaj uchwytu: M14<\/li>\n<li>Praca z udarem: nie<\/li>\n<li>Praca na mokro: nie<\/li>\n<li>\u015arednica \u00f8: 65 mm<\/li>\n<li>Rodzaj opakowania: pojedyncze<\/li>\n<li>Ilo\u015b\u0107 w opakowaniu: 1<\/li>\n<\/ul>\n<h2>Przeznaczenie:<\/h2>\n<ul>\n<li>Wiercenie otwor\u00f3w w: Granit \/ Gres \/ Marmur \/ P\u0142ytki ceramiczne<\/li>\n<\/ul>\n","protected":false},"excerpt":{"rendered":"<p>Wiert\u0142o Rubi doskonale nadaje si\u0119 do wiercenia otwor\u00f3w w bardzo twardych p\u0142ytkach i praca na sucho, a zastosowane podczas produkcji technologie znacznie wyd\u0142u\u017caj\u0105 \u017cywotno\u015b\u0107 wiert\u0142a.<\/p>\n","protected":false},"featured_media":21614,"comment_status":"open","ping_status":"closed","template":"","meta":{"_acf_changed":false,"inline_featured_image":false},"product_cat":[1910],"product_tag":[1890,1878,1887,1888],"class_list":{"0":"post-21253","1":"product","2":"type-product","3":"status-publish","4":"has-post-thumbnail","6":"product_cat-wiertla","7":"product_tag-drygres-premium","8":"product_tag-rubi","9":"product_tag-wiercenie-na-sucho","10":"product_tag-wietlo","12":"first","13":"instock","14":"shipping-taxable","15":"purchasable","16":"product-type-simple"},"acf":[],"_links":{"self":[{"href":"https:\/\/e-adams.pl\/de\/wp-json\/wp\/v2\/product\/21253","targetHints":{"allow":["GET"]}}],"collection":[{"href":"https:\/\/e-adams.pl\/de\/wp-json\/wp\/v2\/product"}],"about":[{"href":"https:\/\/e-adams.pl\/de\/wp-json\/wp\/v2\/types\/product"}],"replies":[{"embeddable":true,"href":"https:\/\/e-adams.pl\/de\/wp-json\/wp\/v2\/comments?post=21253"}],"wp:featuredmedia":[{"embeddable":true,"href":"https:\/\/e-adams.pl\/de\/wp-json\/wp\/v2\/media\/21614"}],"wp:attachment":[{"href":"https:\/\/e-adams.pl\/de\/wp-json\/wp\/v2\/media?parent=21253"}],"wp:term":[{"taxonomy":"product_cat","embeddable":true,"href":"https:\/\/e-adams.pl\/de\/wp-json\/wp\/v2\/product_cat?post=21253"},{"taxonomy":"product_tag","embeddable":true,"href":"https:\/\/e-adams.pl\/de\/wp-json\/wp\/v2\/product_tag?post=21253"}],"curies":[{"name":"wp","href":"https:\/\/api.w.org\/{rel}","templated":true}]}}