{"id":21257,"date":"2023-09-12T12:14:50","date_gmt":"2023-09-12T10:14:50","guid":{"rendered":"https:\/\/e-adams.pl\/produkt\/rubi-wiertlo-easy-gres-10mm-na-mokro\/"},"modified":"2024-02-15T11:49:35","modified_gmt":"2024-02-15T10:49:35","slug":"wiertlo-na-mokro-rubi-easy-gres-10mm","status":"publish","type":"product","link":"https:\/\/e-adams.pl\/de\/produkt\/wiertlo-na-mokro-rubi-easy-gres-10mm\/","title":{"rendered":"Wiert\u0142o na mokro RUBI EASY GRES 10mm"},"content":{"rendered":"<h3>OPIS:<\/h3>\n<p><span class=\"read-more-text-visible\">Wiert\u0142o na mokro <a href=\"https:\/\/e-adams.pl\/oferta\/rubi\">RUBI EASY GRES<\/a> s\u0105 powlekane elektrolitycznie i przeznaczone do pracy z wiertark\u0105 elektryczn\u0105 bez udaru. Zalecane do pracy z ka\u017cdym rodzajem p\u0142ytek ceramicznych i innych materia\u0142\u00f3w, takich jak marmur, granit. Jako\u015b\u0107 diamentu pozwala na wiercenie otwor\u00f3w w gresie, gresie porcelanowym, granicie, marmurze i szkle.<br \/>\n<\/span><span class=\"read-more-text-hidden\"><br \/>\nWiert\u0142a EASYGRES o \u015brednicy 6-12 mm s\u0105 idealne do wyka\u0144czania \u0142azienki i umieszczenia element\u00f3w dekoracyjnych na dowolnej powierzchni ceramicznej. Powinno si\u0119 ich u\u017cywa\u0107 zawsze z prowadnic\u0105 EASYGRES zapewniaj\u0105c\u0105 ch\u0142odzenie i centrowanie wiert\u0142a.<\/span><\/p>\n<p>Koronki EASYGRES o \u015brednicy 20-120 mm pozwalaj\u0105 na profesjonalne przygotowanie otwor\u00f3w pod instalacje wodne, odp\u0142ywy, puszki elektryczne itd.<\/p>\n<p>\u015arednia trwa\u0142o\u015b\u0107 wierte\u0142 EASYGRES r\u00f3\u017cni si\u0119 zale\u017cnie od \u015brednicy. Dla wierte\u0142 6-12 mm jest to 10 otwor\u00f3w, a dla koronek 20-120 mm 25 otwor\u00f3w. \u015arednia trwa\u0142o\u015b\u0107 wierte\u0142 ZAWSZE zale\u017cy od typu materia\u0142u i jego grubo\u015bci, oraz odpowiedniego ch\u0142odzenia i u\u017cytkowania.<\/p>\n<p>Wiert\u0142a EASYGRES mog\u0105 wykonywa\u0107 otwory do 25 mm g\u0142\u0119boko\u015bci.<\/p>\n<p>Boczny otw\u00f3r pozwala na lepsze ch\u0142odzenie i usuwanie pozosta\u0142o\u015bci po wywierceniu ka\u017cdego otworu. Nale\u017cy pami\u0119ta\u0107 o ka\u017cdorazowym oczyszczeniu i sprawdzeniu wiert\u0142a przez rozpocz\u0119ciem wiercenia.<\/p>\n<p>Zalecana szybko\u015b\u0107 robocza wiert\u0142a wynosi od 400 do 1000 obr\/min. w zale\u017cno\u015bci od rodzaju wierconego materia\u0142u.<\/p>\n<h3>DANE TECHNICZNE:<\/h3>\n<ul>\n<li><b>Ref. &#8211;<\/b>\u00a0<span class=\"mpn\">4924<\/span><\/li>\n<li><b>EAN-13 &#8211;<\/b>\u00a0<span class=\"ean\">8413797049244<\/span><\/li>\n<li><b>Obroty na minut\u0119 &#8211;<\/b>\u00a01000 max.<\/li>\n<li><b>Maksymalna d\u0142ugo\u015b\u0107 wiercenia &#8211;<\/b>\u00a025 mm<\/li>\n<li><b>Ilo\u015b\u0107 sztuk w pude\u0142ku &#8211;<\/b>\u00a010<\/li>\n<\/ul>\n","protected":false},"excerpt":{"rendered":"<p><span class=\"read-more-text-visible\">Wiert\u0142o na mokro RUBI EASY GRES s\u0105 powlekane elektrolitycznie i przeznaczone do pracy z wiertark\u0105 elektryczn\u0105 bez udaru. Zalecane do pracy z ka\u017cdym rodzajem p\u0142ytek ceramicznych i innych materia\u0142\u00f3w, takich jak marmur, granit. Jako\u015b\u0107 diamentu pozwala na wiercenie otwor\u00f3w w gresie, gresie porcelanowym, granicie, marmurze i szkle.<\/span><\/p>\n","protected":false},"featured_media":22284,"comment_status":"open","ping_status":"closed","template":"","meta":{"_acf_changed":false,"inline_featured_image":false},"product_cat":[1910],"product_tag":[1848,1878,2175],"class_list":{"0":"post-21257","1":"product","2":"type-product","3":"status-publish","4":"has-post-thumbnail","6":"product_cat-wiertla","7":"product_tag-easy-gres","8":"product_tag-rubi","9":"product_tag-wiertlo-na-mokro","11":"first","12":"instock","13":"shipping-taxable","14":"purchasable","15":"product-type-simple"},"acf":[],"_links":{"self":[{"href":"https:\/\/e-adams.pl\/de\/wp-json\/wp\/v2\/product\/21257","targetHints":{"allow":["GET"]}}],"collection":[{"href":"https:\/\/e-adams.pl\/de\/wp-json\/wp\/v2\/product"}],"about":[{"href":"https:\/\/e-adams.pl\/de\/wp-json\/wp\/v2\/types\/product"}],"replies":[{"embeddable":true,"href":"https:\/\/e-adams.pl\/de\/wp-json\/wp\/v2\/comments?post=21257"}],"wp:featuredmedia":[{"embeddable":true,"href":"https:\/\/e-adams.pl\/de\/wp-json\/wp\/v2\/media\/22284"}],"wp:attachment":[{"href":"https:\/\/e-adams.pl\/de\/wp-json\/wp\/v2\/media?parent=21257"}],"wp:term":[{"taxonomy":"product_cat","embeddable":true,"href":"https:\/\/e-adams.pl\/de\/wp-json\/wp\/v2\/product_cat?post=21257"},{"taxonomy":"product_tag","embeddable":true,"href":"https:\/\/e-adams.pl\/de\/wp-json\/wp\/v2\/product_tag?post=21257"}],"curies":[{"name":"wp","href":"https:\/\/api.w.org\/{rel}","templated":true}]}}