{"id":21259,"date":"2023-09-12T12:14:52","date_gmt":"2023-09-12T10:14:52","guid":{"rendered":"https:\/\/e-adams.pl\/produkt\/rubi-wzornik-otworow-xl-72953\/"},"modified":"2024-05-10T11:02:39","modified_gmt":"2024-05-10T09:02:39","slug":"wzornik-otworow-rubi-xl","status":"publish","type":"product","link":"https:\/\/e-adams.pl\/de\/produkt\/wzornik-otworow-rubi-xl\/","title":{"rendered":"Wzornik otwor\u00f3w RUBI XL"},"content":{"rendered":"<h3>OPIS:<\/h3>\n<p><span class=\"read-more-text-visible\">Wzornik otwor\u00f3w <a title=\"Producent narzedzi\" href=\"https:\/\/e-adams.pl\/oferta\/rubi\/\">RUBI XL<\/a> to proste urz\u0105dzenie kopiuje i przenosi w spos\u00f3b \u0142atwy, szybki i dok\u0142adny po\u0142o\u017cenie otwor\u00f3w pod rurki, zawory wodne, puszki po\u0142\u0105cze\u0144 elektrycznych lub jakiekolwiek inne elementy, na kt\u00f3re mo\u017ce natkn\u0105\u0107 si\u0119 glazurnik podczas uk\u0142adania p\u0142ytek \u015bciennych lub pod\u0142ogowych, pod kt\u00f3re nast\u0119pnie trzeba nawierci\u0107 otwory.<br \/>\nSzeroka gama szablon\u00f3w, wspornik\u00f3w i znakownic obejmuje r\u00f3wnie\u017c praktyczny szablon do wyznaczania otwor\u00f3w.<br \/>\n<\/span><span class=\"read-more-text-hidden\"><br \/>\nMaksymalna d\u0142ugo\u015b\u0107 robocza to 65 cm licz\u0105c od tr\u00f3jk\u0105tnej podstawy do punktu wyznaczania otworu.<\/span><\/p>\n<p>Stosowanie szablonu do wyznaczania otwor\u00f3w jest bardzo proste. Co najmniej 3 s\u0105siednie p\u0142ytki musz\u0105 by\u0107 po\u0142o\u017cone wok\u00f3\u0142 miejsca, na kt\u00f3rym nale\u017cy przenie\u015b\u0107 miejsce wykonania otworu. Nale\u017cy ustawi\u0107 tr\u00f3jk\u0105tn\u0105 podstaw\u0119 szablonu w naro\u017cniku przy ju\u017c u\u0142o\u017conych p\u0142ytkach, a nast\u0119pnie przy u\u017cyciu okr\u0105g\u0142ych ko\u0144c\u00f3wek wyznaczy\u0107 po\u0142o\u017cenie planowanego otworu, po czym dokr\u0119ci\u0107 \u015bruby, by zablokowa\u0107 ustalon\u0105 pozycj\u0119.<\/p>\n<p>Nast\u0119pnie nale\u017cy przenie\u015b\u0107 szablon na now\u0105 p\u0142ytk\u0119 ustawiaj\u0105c tr\u00f3jk\u0105tn\u0105 podstaw\u0119 w tym naro\u017cniku p\u0142ytki, kt\u00f3ry ma by\u0107 po\u0142o\u017cony w punkcie, od kt\u00f3rego wyznaczano ca\u0142y pomiar.<br \/>\nNa ko\u0144cu nale\u017cy skopiowa\u0107 pozycj\u0119 otworu korzystaj\u0105c z okr\u0105g\u0142ego szablonu na ko\u0144cu urz\u0105dzenia.<\/p>\n<p>Stosuj\u0105c szablon RUBI do wyznaczania otwor\u00f3w profesjonalni glazurnicy mog\u0105 zwi\u0119kszy\u0107 wydajno\u015b\u0107 pracy uzyskuj\u0105c r\u00f3wnocze\u015bnie bardzo dobre rezultaty.<\/p>\n<h3>DANE TECHNICZNE:<\/h3>\n<ul>\n<li><b>Ref. &#8211;<\/b>\u00a0<span class=\"mpn\">72953<\/span><\/li>\n<li><b>EAN-13 &#8211;<\/b>\u00a0<span class=\"ean\">8413797729535<\/span><\/li>\n<li><b>Ilo\u015b\u0107 sztuk w pude\u0142ku &#8211;<\/b>\u00a06<\/li>\n<\/ul>\n","protected":false},"excerpt":{"rendered":"<p><span class=\"read-more-text-visible\">Wzornik otwor\u00f3w RUBI XL to proste urz\u0105dzenie kopiuje i przenosi w spos\u00f3b \u0142atwy, szybki i dok\u0142adny po\u0142o\u017cenie otwor\u00f3w pod rurki, zawory wodne, puszki po\u0142\u0105cze\u0144 elektrycznych lub jakiekolwiek inne elementy, na kt\u00f3re mo\u017ce natkn\u0105\u0107 si\u0119 glazurnik podczas uk\u0142adania p\u0142ytek \u015bciennych lub pod\u0142ogowych, pod kt\u00f3re nast\u0119pnie trzeba nawierci\u0107 otwory.<\/span><\/p>\n","protected":false},"featured_media":22152,"comment_status":"open","ping_status":"closed","template":"","meta":{"_acf_changed":false,"inline_featured_image":false},"product_cat":[2285],"product_tag":[1878,2100],"class_list":{"0":"post-21259","1":"product","2":"type-product","3":"status-publish","4":"has-post-thumbnail","6":"product_cat-akcesoria-glazurnicze","7":"product_tag-rubi","8":"product_tag-wzornik-otworow","10":"first","11":"instock","12":"shipping-taxable","13":"purchasable","14":"product-type-simple"},"acf":[],"_links":{"self":[{"href":"https:\/\/e-adams.pl\/de\/wp-json\/wp\/v2\/product\/21259","targetHints":{"allow":["GET"]}}],"collection":[{"href":"https:\/\/e-adams.pl\/de\/wp-json\/wp\/v2\/product"}],"about":[{"href":"https:\/\/e-adams.pl\/de\/wp-json\/wp\/v2\/types\/product"}],"replies":[{"embeddable":true,"href":"https:\/\/e-adams.pl\/de\/wp-json\/wp\/v2\/comments?post=21259"}],"wp:featuredmedia":[{"embeddable":true,"href":"https:\/\/e-adams.pl\/de\/wp-json\/wp\/v2\/media\/22152"}],"wp:attachment":[{"href":"https:\/\/e-adams.pl\/de\/wp-json\/wp\/v2\/media?parent=21259"}],"wp:term":[{"taxonomy":"product_cat","embeddable":true,"href":"https:\/\/e-adams.pl\/de\/wp-json\/wp\/v2\/product_cat?post=21259"},{"taxonomy":"product_tag","embeddable":true,"href":"https:\/\/e-adams.pl\/de\/wp-json\/wp\/v2\/product_tag?post=21259"}],"curies":[{"name":"wp","href":"https:\/\/api.w.org\/{rel}","templated":true}]}}