{"id":21261,"date":"2023-09-12T12:14:53","date_gmt":"2023-09-12T10:14:53","guid":{"rendered":"https:\/\/e-adams.pl\/produkt\/rubi-zestaw-6-wiertel-drygres-premium-51929\/"},"modified":"2024-02-15T11:49:35","modified_gmt":"2024-02-15T10:49:35","slug":"zestaw-6-wiertel-rubi-drygres-premium","status":"publish","type":"product","link":"https:\/\/e-adams.pl\/de\/produkt\/zestaw-6-wiertel-rubi-drygres-premium\/","title":{"rendered":"Zestaw 6 wierte\u0142 RUBI DRYGRES PREMIUM"},"content":{"rendered":"<h3>OPIS:<\/h3>\n<p>RUBI 51929 to zestaw 4 wierte\u0142 przeznaczonych do pracy na sucho. Doskonale sprawdz\u0105 si\u0119 do wiercenia otwor\u00f3w w bardzo twardych p\u0142ytkach. <a href=\"https:\/\/e-adams.pl\/oferta\/rubi\/\">RUBI<\/a> podczas produkcji wierte\u0142 z serii DRYGRESS PREMIUM zastosowa\u0142o technologi\u0119 lutowania pr\u00f3\u017cniowego VACUUM BRAZED. Dzi\u0119ki temu wiert\u0142a potrafi\u0105 wytrzyma\u0107 wy\u017csze temperatury powstaj\u0105ce w skutek tarcia w procesie wiercenia, co wyd\u0142u\u017ca \u017cywotno\u015b\u0107 ka\u017cdego wiert\u0142a t\u0105 zastosowan\u0105 technologi\u0105. RUBI 51929 mocowane s\u0105 na standardowy gwint M14, dzi\u0119ki czemu b\u0119d\u0105 pasowa\u0142y na ka\u017cd\u0105 szlifierk\u0119 (niezale\u017cnie od jej producenta), kt\u00f3ra posiada gwint M14. Wiert\u0142a z serii DRYGRESS PREMIUM o \u015brednicy od 6 do 12mm charakteryzuj\u0105 si\u0119 \u017cywotno\u015bci\u0105 na poziomie oko\u0142o 60 otwor\u00f3w natomiast wiert\u0142a o \u015brednicach od 20 do 85mm cechuje \u017cywotno\u015b\u0107 wynosz\u0105ca a\u017c 150 otwor\u00f3w.<\/p>\n<h3>Zawarto\u015b\u0107 zestawu:<\/h3>\n<ul>\n<li>prowadnica MULTIDRILL<\/li>\n<li>wiert\u0142o diamentowe do pracy na sucho \u00d8 6, 8, 20, 35, 50 i 68 mm<\/li>\n<li>walizka<\/li>\n<\/ul>\n<p><strong>Przeznaczenie:<\/strong> p\u0142ytki \u015bcienne, p\u0142ytki pod\u0142ogowe, porcelana, marmur, granit, p\u0142ytki ceramiczne, kamie\u0144 naturalny<\/p>\n","protected":false},"excerpt":{"rendered":"<p>Zestaw wierte\u0142 RUBI DRYGRES PREMIUM doskonale nadaje si\u0119 do wiercenia otwor\u00f3w w bardzo twardych p\u0142ytkach i praca na sucho, a zastosowane podczas produkcji technologie sprawiaj\u0105 ze wiert\u0142a diamentowe posiadaj\u0105 znacznie wyd\u0142u\u017caj\u0105 \u017cywotno\u015b\u0107.<\/p>\n","protected":false},"featured_media":21650,"comment_status":"open","ping_status":"closed","template":"","meta":{"_acf_changed":false,"inline_featured_image":false},"product_cat":[1910],"product_tag":[1908,1885,1887,1888],"class_list":{"0":"post-21261","1":"product","2":"type-product","3":"status-publish","4":"has-post-thumbnail","6":"product_cat-wiertla","7":"product_tag-koronka","8":"product_tag-rubi-drygres-premium","9":"product_tag-wiercenie-na-sucho","10":"product_tag-wietlo","12":"first","13":"outofstock","14":"shipping-taxable","15":"purchasable","16":"product-type-simple"},"acf":[],"_links":{"self":[{"href":"https:\/\/e-adams.pl\/de\/wp-json\/wp\/v2\/product\/21261","targetHints":{"allow":["GET"]}}],"collection":[{"href":"https:\/\/e-adams.pl\/de\/wp-json\/wp\/v2\/product"}],"about":[{"href":"https:\/\/e-adams.pl\/de\/wp-json\/wp\/v2\/types\/product"}],"replies":[{"embeddable":true,"href":"https:\/\/e-adams.pl\/de\/wp-json\/wp\/v2\/comments?post=21261"}],"wp:featuredmedia":[{"embeddable":true,"href":"https:\/\/e-adams.pl\/de\/wp-json\/wp\/v2\/media\/21650"}],"wp:attachment":[{"href":"https:\/\/e-adams.pl\/de\/wp-json\/wp\/v2\/media?parent=21261"}],"wp:term":[{"taxonomy":"product_cat","embeddable":true,"href":"https:\/\/e-adams.pl\/de\/wp-json\/wp\/v2\/product_cat?post=21261"},{"taxonomy":"product_tag","embeddable":true,"href":"https:\/\/e-adams.pl\/de\/wp-json\/wp\/v2\/product_tag?post=21261"}],"curies":[{"name":"wp","href":"https:\/\/api.w.org\/{rel}","templated":true}]}}