{"id":21262,"date":"2023-09-12T12:14:54","date_gmt":"2023-09-12T10:14:54","guid":{"rendered":"https:\/\/e-adams.pl\/produkt\/rubi-zestaw-do-konserwacji\/"},"modified":"2024-02-15T11:49:33","modified_gmt":"2024-02-15T10:49:33","slug":"zestaw-do-konserwacji-rubi","status":"publish","type":"product","link":"https:\/\/e-adams.pl\/de\/produkt\/zestaw-do-konserwacji-rubi\/","title":{"rendered":"Zestaw do konserwacji RUBI"},"content":{"rendered":"<h3>OPIS:<\/h3>\n<p>Zestaw do konserwacji RUBI to p\u0142yn do czyszczenia i nat\u0142uszczania niezb\u0119dny do nale\u017cytej konserwacji maszyn i narz\u0119dzi u\u017cywanych na budowie, prowadnic i zespo\u0142\u00f3w \u015blizgowych, osi, gwint\u00f3w, powierzchni metalowych itp. Dzi\u0119ki zastosowaniu nowoczesnych technologii jeste\u015bmy w stanie znacznie przed\u0142u\u017cy\u0107 funkcjonalno\u015b\u0107 i \u017cywotno\u015b\u0107 naszych urz\u0105dze\u0144.<\/p>\n<h3>DANE TECHNICZNE:<\/h3>\n<ul>\n<li><b>Ref. &#8211;<\/b>\u00a0<span class=\"mpn\">18980<\/span><\/li>\n<li><b>EAN-13 &#8211;<\/b>\u00a0<span class=\"ean\">8413797189803<\/span><\/li>\n<li><b>Ilo\u015b\u0107 sztuk w pude\u0142ku &#8211;<\/b>\u00a08<\/li>\n<\/ul>\n","protected":false},"excerpt":{"rendered":"<p>Zestaw do konserwacji RUBI to p\u0142yn do czyszczenia i nat\u0142uszczania niezb\u0119dny do nale\u017cytej konserwacji maszyn i narz\u0119dzi u\u017cywanych na budowie, prowadnic i zespo\u0142\u00f3w \u015blizgowych, osi, gwint\u00f3w, powierzchni metalowych itp. Dzi\u0119ki zastosowaniu nowoczesnych technologii jeste\u015bmy w stanie znacznie przed\u0142u\u017cy\u0107 funkcjonalno\u015b\u0107 i \u017cywotno\u015b\u0107 naszych urz\u0105dze\u0144.<\/p>\n","protected":false},"featured_media":22251,"comment_status":"open","ping_status":"closed","template":"","meta":{"_acf_changed":false,"inline_featured_image":false},"product_cat":[101],"product_tag":[1878,2162],"class_list":{"0":"post-21262","1":"product","2":"type-product","3":"status-publish","4":"has-post-thumbnail","6":"product_cat-bramy-okna-ogrodzenia","7":"product_tag-rubi","8":"product_tag-zestaw-do-konserwacji","10":"first","11":"instock","12":"shipping-taxable","13":"purchasable","14":"product-type-simple"},"acf":[],"_links":{"self":[{"href":"https:\/\/e-adams.pl\/de\/wp-json\/wp\/v2\/product\/21262","targetHints":{"allow":["GET"]}}],"collection":[{"href":"https:\/\/e-adams.pl\/de\/wp-json\/wp\/v2\/product"}],"about":[{"href":"https:\/\/e-adams.pl\/de\/wp-json\/wp\/v2\/types\/product"}],"replies":[{"embeddable":true,"href":"https:\/\/e-adams.pl\/de\/wp-json\/wp\/v2\/comments?post=21262"}],"wp:featuredmedia":[{"embeddable":true,"href":"https:\/\/e-adams.pl\/de\/wp-json\/wp\/v2\/media\/22251"}],"wp:attachment":[{"href":"https:\/\/e-adams.pl\/de\/wp-json\/wp\/v2\/media?parent=21262"}],"wp:term":[{"taxonomy":"product_cat","embeddable":true,"href":"https:\/\/e-adams.pl\/de\/wp-json\/wp\/v2\/product_cat?post=21262"},{"taxonomy":"product_tag","embeddable":true,"href":"https:\/\/e-adams.pl\/de\/wp-json\/wp\/v2\/product_tag?post=21262"}],"curies":[{"name":"wp","href":"https:\/\/api.w.org\/{rel}","templated":true}]}}