{"id":21263,"date":"2023-09-12T12:14:55","date_gmt":"2023-09-12T10:14:55","guid":{"rendered":"https:\/\/e-adams.pl\/produkt\/rubi-zestaw-easy-gres-plus\/"},"modified":"2024-05-10T11:02:39","modified_gmt":"2024-05-10T09:02:39","slug":"zestaw-wiertel-rubi-easygres-plus","status":"publish","type":"product","link":"https:\/\/e-adams.pl\/de\/produkt\/zestaw-wiertel-rubi-easygres-plus\/","title":{"rendered":"Zestaw wierte\u0142 RUBI EASYGRES PLUS"},"content":{"rendered":"<h3>OPIS:<\/h3>\n<p>W Zestaw RUBI EASYGRES PLUS znajduj\u0105 si\u0119 r\u00f3\u017cne wiert\u0142a, odpowiednie do najpopularniejszych prac wyko\u0144czeniowych.<\/p>\n<p>Wiert\u0142a EASYGRES s\u0105 najcz\u0119stszym wyborem glazurnik\u00f3w chc\u0105cych wykona\u0107 otwory o dowolnej \u015brednicy w niemal ka\u017cdym rodzaju p\u0142ytek.<\/p>\n<p>Wiert\u0142a diamentowe EASYGRES s\u0105 powlekane elektrolitycznie i przeznaczone do pracy z wiertark\u0105 elektryczn\u0105 bez udaru.<\/p>\n<p>&nbsp;<\/p>\n<p>Jako\u015b\u0107 diamentu pozwala na wiercenie otwor\u00f3w w gresie, gresie porcelanowym, granicie, marmurze i szkle.<\/p>\n<p>&nbsp;<\/p>\n<p>Wiert\u0142a o \u015brednicy 6-12 mm s\u0105 dost\u0119pne w zestawach sk\u0142adaj\u0105cych si\u0119 z: jednego lub wi\u0119cej wierte\u0142 (w zale\u017cno\u015bci od modelu), prowadnicy EASYGRES, tulejek centruj\u0105cych oraz dwustronnych przylepc\u00f3w.<\/p>\n<p>Dzi\u0119ki funkcjonalnej konstrukcji zbiorniczka wodnego z zaworkiem reguluj\u0105cym wyp\u0142yw wody, prowadnica EASYGRES umo\u017cliwia wykonywanie otwor\u00f3w zar\u00f3wno w pionie, jak i w poziomie. Przylepce umo\u017cliwiaj\u0105 \u0142atwe mocowanie prowadnicy na dowolnej powierzchni.<\/p>\n<p>&nbsp;<\/p>\n<p>Poza tymi praktycznymi zestawami<a href=\"https:\/\/e-adams.pl\/oferta\/rubi\/\"> RUBI oferuje<\/a> r\u00f3wnie\u017c zestaw EASYGRES PLUS, sk\u0142adaj\u0105cy si\u0119 z: 7 wierte\u0142 EASYGRES (20, 28, 35, 43, 50, 68 i 75 mm), prowadnicy MULTIDRILL, hydronetki oraz praktycznej walizki.<\/p>\n<p>Wiert\u0142a EASYGRES mog\u0105 wykonywa\u0107 otwory do 25 mm g\u0142\u0119boko\u015bci.<\/p>\n<p>&nbsp;<\/p>\n<p>Boczny otw\u00f3r pozwala na lepsze ch\u0142odzenie i usuwanie pozosta\u0142o\u015bci po wywierceniu ka\u017cdego otworu. Nale\u017cy pami\u0119ta\u0107 o ka\u017cdorazowym oczyszczeniu i sprawdzeniu wiert\u0142a przez rozpocz\u0119ciem wiercenia.<\/p>\n<p>Zalecana szybko\u015b\u0107 robocza wiert\u0142a wynosi od 400 do 1000 obr\/min. w zale\u017cno\u015bci od rodzaju wierconego materia\u0142u.<\/p>\n<p>Dla zapewnienia dobrego wyko\u0144czenia otworu oraz trwa\u0142o\u015bci wiert\u0142a nie nale\u017cy przekracza\u0107 podanych wielko\u015bci obrotowych, ani nie wywiera\u0107 nadmiernego nacisku na wiert\u0142o podczas pracy.<\/p>\n<h3>PARAMETRY TECHNICZNE:<\/h3>\n<ul>\n<li>EAN-13- 8413797509212<\/li>\n<li>Obroty na minut\u0119 &#8211; 500 max.<\/li>\n<li>Maksymalna d\u0142ugo\u015b\u0107 wiercenia &#8211; 27 mm<\/li>\n<li>Ilo\u015b\u0107 sztuk w pude\u0142ku &#8211; 1<\/li>\n<li>Ilo\u015b\u0107 sztuk na palecie &#8211; 720<\/li>\n<\/ul>\n<h3>W ZESTAWIE:<\/h3>\n<ul>\n<li>Wiert\u0142a o \u015brednicy 20, 28, 35, 43, 50, 65, 70 mm<\/li>\n<li>Hydronetka z w\u0119\u017cykiem<\/li>\n<li>Prowadnic\u0119 Multidrill<\/li>\n<li>Walizk\u0119<\/li>\n<li><\/li>\n<\/ul>\n","protected":false},"excerpt":{"rendered":"<p>Zestaw wierte\u0142 RUBI EASYGRES PLUS posiada elementy odpowiednie do najpopularniejszych prac wyko\u0144czeniowych. Wiert\u0142a EASYGRES s\u0105 najcz\u0119stszym wyborem glazurnik\u00f3w chc\u0105cych wykona\u0107 otwory o dowolnej \u015brednicy w niemal ka\u017cdym rodzaju p\u0142ytek.<br \/>\nWiert\u0142a diamentowe RUBI s\u0105 powlekane elektrolitycznie i przeznaczone do pracy z wiertark\u0105 elektryczn\u0105 bez udaru. Jako\u015b\u0107 diamentu pozwala na wiercenie otwor\u00f3w w gresie, gresie porcelanowym, granicie, marmurze i szkle.<\/p>\n","protected":false},"featured_media":21834,"comment_status":"open","ping_status":"closed","template":"","meta":{"_acf_changed":false,"inline_featured_image":false},"product_cat":[1910],"product_tag":[1908,1951,1949,1907],"class_list":{"0":"post-21263","1":"product","2":"type-product","3":"status-publish","4":"has-post-thumbnail","6":"product_cat-wiertla","7":"product_tag-koronka","8":"product_tag-rubie-easygress","9":"product_tag-wiertla","10":"product_tag-zestaw-wiertel","12":"first","13":"instock","14":"shipping-taxable","15":"purchasable","16":"product-type-simple"},"acf":[],"_links":{"self":[{"href":"https:\/\/e-adams.pl\/de\/wp-json\/wp\/v2\/product\/21263","targetHints":{"allow":["GET"]}}],"collection":[{"href":"https:\/\/e-adams.pl\/de\/wp-json\/wp\/v2\/product"}],"about":[{"href":"https:\/\/e-adams.pl\/de\/wp-json\/wp\/v2\/types\/product"}],"replies":[{"embeddable":true,"href":"https:\/\/e-adams.pl\/de\/wp-json\/wp\/v2\/comments?post=21263"}],"wp:featuredmedia":[{"embeddable":true,"href":"https:\/\/e-adams.pl\/de\/wp-json\/wp\/v2\/media\/21834"}],"wp:attachment":[{"href":"https:\/\/e-adams.pl\/de\/wp-json\/wp\/v2\/media?parent=21263"}],"wp:term":[{"taxonomy":"product_cat","embeddable":true,"href":"https:\/\/e-adams.pl\/de\/wp-json\/wp\/v2\/product_cat?post=21263"},{"taxonomy":"product_tag","embeddable":true,"href":"https:\/\/e-adams.pl\/de\/wp-json\/wp\/v2\/product_tag?post=21263"}],"curies":[{"name":"wp","href":"https:\/\/api.w.org\/{rel}","templated":true}]}}