{"id":21264,"date":"2023-09-12T12:14:56","date_gmt":"2023-09-12T10:14:56","guid":{"rendered":"https:\/\/e-adams.pl\/produkt\/rubi-zestaw-easy-gres-z-wiertlem-10mm\/"},"modified":"2024-02-15T11:49:35","modified_gmt":"2024-02-15T10:49:35","slug":"zestaw-rubi-easy-gres-z-wiertlem-10mm","status":"publish","type":"product","link":"https:\/\/e-adams.pl\/de\/produkt\/zestaw-rubi-easy-gres-z-wiertlem-10mm\/","title":{"rendered":"Zestaw RUBI EASY GRES z wiert\u0142em 10mm"},"content":{"rendered":"<h3>OPIS:<\/h3>\n<p><span class=\"read-more-text-visible\">Zestaw RUBI EASY GRES pozwala na wiercenie otwor\u00f3w w gresie, gresie porcelanowym, granicie, marmurze i szkle. Wiert\u0142a EASYGRES s\u0105 najcz\u0119stszym wyborem glazurnik\u00f3w chc\u0105cych wykona\u0107 otwory o dowolnej \u015brednicy w niemal ka\u017cdym rodzaju p\u0142ytek.<br \/>\nWiert\u0142a diamentowe EASYGRES s\u0105 powlekane elektrolitycznie i przeznaczone do pracy z wiertark\u0105 elektryczn\u0105 bez udaru. <\/span><span class=\"read-more-text-hidden\">W ofercie znajduj\u0105 si\u0119 r\u00f3\u017cne zestawy wierte\u0142, odpowiednie do najpopularniejszych prac wyko\u0144czeniowych.<\/p>\n<p>Wiert\u0142a o \u015brednicy 6-12 mm s\u0105 dost\u0119pne w zestawach sk\u0142adaj\u0105cych si\u0119 z: jednego lub wi\u0119cej wierte\u0142 (w zale\u017cno\u015bci od modelu), prowadnicy EASYGRES, tulejek centruj\u0105cych oraz dwustronnych przylepc\u00f3w.<br \/>\nDzi\u0119ki funkcjonalnej konstrukcji zbiorniczka wodnego z zaworkiem reguluj\u0105cym wyp\u0142yw wody, prowadnica EASYGRES umo\u017cliwia wykonywanie otwor\u00f3w zar\u00f3wno w pionie, jak i w poziomie. Przylepce umo\u017cliwiaj\u0105 \u0142atwe mocowanie prowadnicy na dowolnej powierzchni.<\/p>\n<p>Poza tymi praktycznymi zestawami RUBI oferuje r\u00f3wnie\u017c zestaw EASYGRES PLUS, sk\u0142adaj\u0105cy si\u0119 z: 7 wierte\u0142 EASYGRES (20, 28, 35, 43, 50, 68 i 75 mm), prowadnicy MULTIDRILL, hydronetki oraz praktycznej walizki.<br \/>\nW ofercie znajduje si\u0119 r\u00f3wnie\u017c zestaw z najpopularniejsz\u0105 koronk\u0105 o \u015brednicy 35 mmm oraz prowadnic\u0105 MULTIDRILL i hydronetk\u0105.<\/p>\n<p>\u015arednia trwa\u0142o\u015b\u0107 wierte\u0142 EASYGRES r\u00f3\u017cni si\u0119 zale\u017cnie od \u015brednicy. Dla wierte\u0142 6-12 mm jest to 10 otwor\u00f3w, a dla koronek 20-120 mm 25 otwor\u00f3w. \u015arednia trwa\u0142o\u015b\u0107 wierte\u0142 ZAWSZE zale\u017cy od typu materia\u0142u i jego grubo\u015bci, oraz odpowiedniego ch\u0142odzenia i u\u017cytkowania.<br \/>\nBoczny otw\u00f3r pozwala na lepsze ch\u0142odzenie i usuwanie pozosta\u0142o\u015bci po wywierceniu ka\u017cdego otworu. Nale\u017cy pami\u0119ta\u0107 o ka\u017cdorazowym oczyszczeniu i sprawdzeniu wiert\u0142a przez rozpocz\u0119ciem wiercenia.<\/span><\/p>\n<h3>DANE TECHNICZNE:<\/h3>\n<ul>\n<li><b>Ref. &#8211;<\/b>\u00a0<span class=\"mpn\">4929<\/span><\/li>\n<li><b>EAN-13 &#8211;<\/b>\u00a0<span class=\"ean\">8413797049299<\/span><\/li>\n<li><b>Obroty na minut\u0119 &#8211;<\/b>\u00a01000 max.<\/li>\n<li><b>Maksymalna d\u0142ugo\u015b\u0107 wiercenia &#8211;<\/b>\u00a025 mm<\/li>\n<li><b>Ilo\u015b\u0107 sztuk w pude\u0142ku &#8211;<\/b>\u00a010<\/li>\n<\/ul>\n<p>&nbsp;<\/p>\n","protected":false},"excerpt":{"rendered":"<p><span class=\"read-more-text-visible\">Zestaw RUBI EASY GRES pozwala na wiercenie otwor\u00f3w w gresie, gresie porcelanowym, granicie, marmurze i szkle. Wiert\u0142a EASYGRES s\u0105 najcz\u0119stszym wyborem glazurnik\u00f3w chc\u0105cych wykona\u0107 otwory o dowolnej \u015brednicy w niemal ka\u017cdym rodzaju p\u0142ytek.<\/span><\/p>\n","protected":false},"featured_media":22249,"comment_status":"open","ping_status":"closed","template":"","meta":{"_acf_changed":false,"inline_featured_image":false},"product_cat":[1910],"product_tag":[1848,2161],"class_list":{"0":"post-21264","1":"product","2":"type-product","3":"status-publish","4":"has-post-thumbnail","6":"product_cat-wiertla","7":"product_tag-easy-gres","8":"product_tag-zestaw-rubi","10":"first","11":"instock","12":"shipping-taxable","13":"purchasable","14":"product-type-simple"},"acf":[],"_links":{"self":[{"href":"https:\/\/e-adams.pl\/de\/wp-json\/wp\/v2\/product\/21264","targetHints":{"allow":["GET"]}}],"collection":[{"href":"https:\/\/e-adams.pl\/de\/wp-json\/wp\/v2\/product"}],"about":[{"href":"https:\/\/e-adams.pl\/de\/wp-json\/wp\/v2\/types\/product"}],"replies":[{"embeddable":true,"href":"https:\/\/e-adams.pl\/de\/wp-json\/wp\/v2\/comments?post=21264"}],"wp:featuredmedia":[{"embeddable":true,"href":"https:\/\/e-adams.pl\/de\/wp-json\/wp\/v2\/media\/22249"}],"wp:attachment":[{"href":"https:\/\/e-adams.pl\/de\/wp-json\/wp\/v2\/media?parent=21264"}],"wp:term":[{"taxonomy":"product_cat","embeddable":true,"href":"https:\/\/e-adams.pl\/de\/wp-json\/wp\/v2\/product_cat?post=21264"},{"taxonomy":"product_tag","embeddable":true,"href":"https:\/\/e-adams.pl\/de\/wp-json\/wp\/v2\/product_tag?post=21264"}],"curies":[{"name":"wp","href":"https:\/\/api.w.org\/{rel}","templated":true}]}}