{"id":21267,"date":"2023-09-12T12:14:59","date_gmt":"2023-09-12T10:14:59","guid":{"rendered":"https:\/\/e-adams.pl\/produkt\/rubi-zestaw-wiertel-drygres-4drill\/"},"modified":"2024-02-15T11:49:35","modified_gmt":"2024-02-15T10:49:35","slug":"zestaw-wiertel-rubi-drygres-4drill-mini","status":"publish","type":"product","link":"https:\/\/e-adams.pl\/de\/produkt\/zestaw-wiertel-rubi-drygres-4drill-mini\/","title":{"rendered":"Zestaw wierte\u0142 RUBI DRYGRES 4DRILL mini"},"content":{"rendered":"<h3>OPIS:<\/h3>\n<p><span class=\"read-more-text-visible\"><br \/>\nZestaw wierte\u0142 Rubi DRYGRES 4DRILL mini polecany jest do wszystkich rodzaj\u00f3w p\u0142ytek ceramicznych, przede wszystkim gresu porcelanowego, oraz innych materia\u0142\u00f3w wyko\u0144czeniowych jak marmur czy granit. Przy produkcji wierte\u0142 u\u017cyto technologii napawania pr\u00f3\u017cniowego, kt\u00f3ra zwi\u0119ksza odporno\u015b\u0107 na wysokie temperatury i \u015bcieranie. Zestaw sk\u0142ada si\u0119 z czterech wierte\u0142 o \u015brednicy 6, 8, 10 i 12 mm. \u015awietnie sprawdzaj\u0105 si\u0119 przy inastalacji akcesori\u00f3w \u0142azienkowych lub innych element\u00f3w dekoracyjnych na powierzchniach ceramicznych i kamiennych.<br \/>\n<\/span><\/p>\n<p><span class=\"read-more-text-visible\"><a href=\"https:\/\/e-adams.pl\/oferta\/rubi\/\">W ofercie RUBI<\/a> znajduje si\u0119 zestaw czterech wierte\u0142 DRYGRES 4DRILL w praktycznej plastikowej walizeczce z uchwytem. Opakowanie zapewnia ochron\u0119 dla wierte\u0142 podczas przenoszenia.<\/span><\/p>\n<p><span class=\"read-more-text-hidden\"><br \/>\nWiert\u0142a diamentowe\u00a0 4DRILL s\u0105 przeznaczone do u\u017cytkowania z wiertarkami elektrycznymi (tak\u017ce akumulatorowymi). Sze\u015bciok\u0105tne po\u0142\u0105czenie wierte\u0142 z g\u0142owic\u0105 13 mm.<\/span><\/p>\n<p>G\u0142\u0119boko\u015b\u0107 wiercenia\u00a0 4DRILL to 36 mm dla \u015brednic 6, 8 i 10 mm, i 40 mm dla \u015brednic 12, 14 i 20 mm. Wszystkie wiert\u0142a DRYGRES Rubi 4DRILL maj\u0105 w \u015brodku wosk. Wosk topi si\u0119 podczas u\u017cytkowania wiert\u0142a i poprawia ch\u0142odzenie oraz usuwanie pozosta\u0142o\u015bci po wierceniu (Kiedy wosk si\u0119 sko\u0144czy wiert\u0142o mo\u017ce pracowa\u0107 dalej. Dopiero ca\u0142kowite zu\u017cycie diamentu wskazuje na zako\u0144czenie \u017cywotno\u015bci wiert\u0142a.).<\/p>\n<p>Podczas wiercenia na sucho wa\u017cne jest prawid\u0142owe ch\u0142odzenie wiert\u0142a, dlatego nale\u017cy wykonywa\u0107 ci\u0105g\u0142\u0119 i okr\u0119\u017cne ruchy wiertark\u0105. Poprawia to przep\u0142yw powietrza wok\u00f3\u0142 wiert\u0142a.<\/p>\n<p>Korpus wierte\u0142 DRYGRES\u00a0 Rubi 4DRILL zako\u0144czony jest trzpieniem blokuj\u0105cym wosk. Zapewnia to lepsz\u0105 wydajno\u015b\u0107 i sztywno\u015b\u0107 oraz pozwala utrzyma\u0107 wosk w \u015brodku wiert\u0142a.<\/p>\n","protected":false},"excerpt":{"rendered":"<p><span class=\"read-more-text-hidden\">Zestaw wierte\u0142 diamentowych RUBI DRYGRES 4DRILL mini s\u0105 przeznaczone do u\u017cytkowania z wiertarkami elektrycznymi (tak\u017ce akumulatorowymi). Sze\u015bciok\u0105tne po\u0142\u0105czenie wierte\u0142 z g\u0142owic\u0105 13 mm.<\/span><\/p>\n","protected":false},"featured_media":21969,"comment_status":"open","ping_status":"closed","template":"","meta":{"_acf_changed":false,"inline_featured_image":false},"product_cat":[1910],"product_tag":[1989,1878,1907],"class_list":{"0":"post-21267","1":"product","2":"type-product","3":"status-publish","4":"has-post-thumbnail","6":"product_cat-wiertla","7":"product_tag-4drill","8":"product_tag-rubi","9":"product_tag-zestaw-wiertel","11":"first","12":"instock","13":"shipping-taxable","14":"purchasable","15":"product-type-simple"},"acf":[],"_links":{"self":[{"href":"https:\/\/e-adams.pl\/de\/wp-json\/wp\/v2\/product\/21267","targetHints":{"allow":["GET"]}}],"collection":[{"href":"https:\/\/e-adams.pl\/de\/wp-json\/wp\/v2\/product"}],"about":[{"href":"https:\/\/e-adams.pl\/de\/wp-json\/wp\/v2\/types\/product"}],"replies":[{"embeddable":true,"href":"https:\/\/e-adams.pl\/de\/wp-json\/wp\/v2\/comments?post=21267"}],"wp:featuredmedia":[{"embeddable":true,"href":"https:\/\/e-adams.pl\/de\/wp-json\/wp\/v2\/media\/21969"}],"wp:attachment":[{"href":"https:\/\/e-adams.pl\/de\/wp-json\/wp\/v2\/media?parent=21267"}],"wp:term":[{"taxonomy":"product_cat","embeddable":true,"href":"https:\/\/e-adams.pl\/de\/wp-json\/wp\/v2\/product_cat?post=21267"},{"taxonomy":"product_tag","embeddable":true,"href":"https:\/\/e-adams.pl\/de\/wp-json\/wp\/v2\/product_tag?post=21267"}],"curies":[{"name":"wp","href":"https:\/\/api.w.org\/{rel}","templated":true}]}}