{"id":21268,"date":"2023-09-12T12:15:00","date_gmt":"2023-09-12T10:15:00","guid":{"rendered":"https:\/\/e-adams.pl\/produkt\/semin-biala-farba-gruntujaca-prim-plaque-15-kg\/"},"modified":"2024-07-15T11:31:22","modified_gmt":"2024-07-15T09:31:22","slug":"biala-farba-gruntujaca-semin-prim-plaque-15kg","status":"publish","type":"product","link":"https:\/\/e-adams.pl\/de\/produkt\/biala-farba-gruntujaca-semin-prim-plaque-15kg\/","title":{"rendered":"Bia\u0142a farba gruntujaca SEMIN PRIM-PLAQUE 15kg"},"content":{"rendered":"<h3>OPIS:<\/h3>\n<p>Bia\u0142a farba gruntuj\u0105ca SEMIN PRIM-PLAQUE to uniwersalny, gotowy do u\u017cycia grunt do wn\u0119trz przygotowuj\u0105cy pod\u0142o\u017ce \u2013 tworz\u0105c bia\u0142\u0105 powierzchni\u0119 \u2013 przed zastosowaniem farby, tapet papierowych, pokry\u0107 \u015bciennych oraz ka\u017cdego rodzaju g\u0142adzi. U\u0142atwia p\u00f3\u017aniejsze usuwanie tapet papierowych oraz pokry\u0107 \u015bciennych zapobiegaj\u0105c ich \u201eodrywaniu si\u0119\u201d wraz z pod\u0142o\u017cem. zmniejsza zu\u017cycie farby docelowej.<\/p>\n<p>Zwyczajowo do osi\u0105gniecia zamierzonego celu pow\u0142oki malarskiej, wystarczy zastosowanie jednej warstwy farby gruntuj\u0105cej Prim &#8211; Plaque oraz jednej warstwy farby nawierzchniowej. Produkt przeznaczony<\/p>\n<h3>DANE TECHNICZNE:<\/h3>\n<p>\u2022 Zu\u017cycie: ok. 200 g\/m2<br \/>\n\u2022 G\u0119sto\u015b\u0107 masy; 1,5<br \/>\n\u2022 Suchy ekstrakt: 64,7%<br \/>\n\u2022 Kod EAN: 3585501035463<\/p>\n","protected":false},"excerpt":{"rendered":"<p>Bia\u0142a farba gruntuj\u0105ca SEMIN PRIM-PLAQUE to uniwersalny, gotowy do u\u017cycia grunt do wn\u0119trz przygotowuj\u0105cy pod\u0142o\u017ce \u2013 tworz\u0105c bia\u0142\u0105 powierzchni\u0119 \u2013 przed zastosowaniem farby, tapet papierowych, pokry\u0107 \u015bciennych oraz ka\u017cdego rodzaju g\u0142adzi. U\u0142atwia p\u00f3\u017aniejsze usuwanie tapet papierowych oraz pokry\u0107 \u015bciennych zapobiegaj\u0105c ich \u201eodrywaniu si\u0119\u201d wraz z pod\u0142o\u017cem. zmniejsza zu\u017cycie farby docelowej.<\/p>\n","protected":false},"featured_media":22150,"comment_status":"open","ping_status":"closed","template":"","meta":{"_acf_changed":false,"inline_featured_image":false},"product_cat":[331],"product_tag":[2099,2098],"class_list":{"0":"post-21268","1":"product","2":"type-product","3":"status-publish","4":"has-post-thumbnail","6":"product_cat-farby-podkladowe","7":"product_tag-biala-farba-gruntujaca","8":"product_tag-semin-prim-plaque","10":"first","11":"instock","12":"shipping-taxable","13":"purchasable","14":"product-type-simple"},"acf":[],"_links":{"self":[{"href":"https:\/\/e-adams.pl\/de\/wp-json\/wp\/v2\/product\/21268","targetHints":{"allow":["GET"]}}],"collection":[{"href":"https:\/\/e-adams.pl\/de\/wp-json\/wp\/v2\/product"}],"about":[{"href":"https:\/\/e-adams.pl\/de\/wp-json\/wp\/v2\/types\/product"}],"replies":[{"embeddable":true,"href":"https:\/\/e-adams.pl\/de\/wp-json\/wp\/v2\/comments?post=21268"}],"wp:featuredmedia":[{"embeddable":true,"href":"https:\/\/e-adams.pl\/de\/wp-json\/wp\/v2\/media\/22150"}],"wp:attachment":[{"href":"https:\/\/e-adams.pl\/de\/wp-json\/wp\/v2\/media?parent=21268"}],"wp:term":[{"taxonomy":"product_cat","embeddable":true,"href":"https:\/\/e-adams.pl\/de\/wp-json\/wp\/v2\/product_cat?post=21268"},{"taxonomy":"product_tag","embeddable":true,"href":"https:\/\/e-adams.pl\/de\/wp-json\/wp\/v2\/product_tag?post=21268"}],"curies":[{"name":"wp","href":"https:\/\/api.w.org\/{rel}","templated":true}]}}