{"id":21271,"date":"2023-09-12T12:15:02","date_gmt":"2023-09-12T10:15:02","guid":{"rendered":"https:\/\/e-adams.pl\/produkt\/semin-gotowa-gladz-polimerowa-do-wewnatrz-soft-5-kg\/"},"modified":"2024-05-10T11:02:26","modified_gmt":"2024-05-10T09:02:26","slug":"gotowa-gladz-polimerowa-do-wewnatrz-semin-soft-5-kg","status":"publish","type":"product","link":"https:\/\/e-adams.pl\/de\/produkt\/gotowa-gladz-polimerowa-do-wewnatrz-semin-soft-5-kg\/","title":{"rendered":"Gotowa g\u0142ad\u017a polimerowa do wewn\u0105trz SEMIN SOFT 5 KG"},"content":{"rendered":"<h3>Opis:<\/h3>\n<p>Gotowa do u\u017cycia g\u0142ad\u017a polimerowa SEMIN SOFT , g\u0142adkie powierzchnie, do u\u017cytku wewn\u0105trz pomieszcze\u0144, do \u015bcian i sufit\u00f3w, do nak\u0142adania r\u0119cznego lub maszynowego Airless.<br \/>\nDo u\u017cycia jako warstwa wyr\u00f3wnuj\u0105ca (podk\u0142adowa) i ostateczna (ko\u0144cowa) \u2013 jeden produkt. Dolomitowa masa szpachlowa jest gotow\u0105 do<br \/>\nu\u017cycia mas\u0105 szpachlow\u0105 na bazie mieszaniny wodnej dyspersji polimerowej, wype\u0142niaczy dolomitowych i dodatk\u00f3w modyfikuj\u0105cych najnowszej generacji. Po pe\u0142nym wyschni\u0119ciu charakteryzuje si\u0119 wysokim stopniem bia\u0142o\u015bci.<\/p>\n<h3>CHARAKTERYSTYKA:<\/h3>\n<p>Wydajno\u015b\u0107 : Ok. +\/- 1 kg\/m2 na warstw\u0119<br \/>\nGrubo\u015b\u0107 warstwy : 1-3 mm<br \/>\nCzas schni\u0119cia : min 12 godzin w zale\u017cno\u015bci od temperatury, wilgotno\u015bci i napowietrzenia pomieszczenia.<\/p>\n<h3>POD\u0141O\u017bA:<\/h3>\n<p>Tynki gipsowe, tynki tradycyjne, p\u0142yty g-k, bloczki betonowe oraz gazobetonowe. W przypadku pod\u0142o\u017cy niestabilnych, zagruntowa\u0107.<\/p>\n<h3>SPOS\u00d3B U\u017bYCIA:<\/h3>\n<p>Powierzchnie zapylone betonowe i gazobetonowe nale\u017cy uprzednio zagruntowa\u0107. Produkt mo\u017cna stosowa\u0107 wielowarstwowo. Gotow\u0105 mas\u0119 szpachlow\u0105 r\u00f3wnomiernie na\u0142o\u017cy\u0107 na powierzchni\u0119, przy czym grubo\u015b\u0107 warstwy nie mo\u017ce przekracza\u0107 3 mm. Poczeka\u0107 do przeschni\u0119cia. Na\u0142o\u017cenie drugiej warstwy po na\u0142o\u017ceniu pierwszej. Szlifowa\u0107 po ca\u0142kowitym wyschni\u0119ciu. Stosowa\u0107 w temperaturze +5C do +35C. Przed u\u017cyciem wymiesza\u0107. Przeznaczona do nak\u0142adania r\u0119cznego oraz maszynowego. Przy zastosowaniu r\u0119cznym przemiesza\u0107 i stosowa\u0107 bezpo\u015brednio. Przy zastosowaniu mechanicznym mo\u017cna doda\u0107 oko\u0142o 1 % wody dla uzyskania po\u017c\u0105danej konsystencji.<\/p>\n<h3>NARZ\u0118DZIA:<\/h3>\n<p>Graco Mark V&amp;VII, Graco T-Max 506, Wagner PS 3.39 etc. Dysza 0.031 i powy\u017cej. Czyszczenie narz\u0119dzi za pomoc\u0105 wody.<\/p>\n<h3><strong>PRZECHOWYWANIE:<\/strong><\/h3>\n<p>Okres przydatno\u015bci: 9 miesi\u0119cy od daty produkcji.<br \/>\nPrzechowywa\u0107 w oryginalnych, nienaruszonych opakowaniach, chroni\u0105c produkt przed mrozem, nas\u0142onecznieniem i wysok\u0105 temperatur\u0105.<\/p>\n","protected":false},"excerpt":{"rendered":"<p>Gotowa g\u0142ad\u017a polimerowa SEMIN SOFT , do u\u017cycia wewn\u0105trz budynku. Do nak\u0142adania r\u0119cznego, wa\u0142kiem oraz maszynowo. Mo\u017ce by\u0107 stosowana jako warstwa wyr\u00f3wnuj\u0105ca (podk\u0142adowa) oraz ko\u0144cowa na pod\u0142o\u017cach takich jak tynki gipsowe, tynki tradycyjne p\u0142yty G-K, bloczki betonowe oraz gazobetonowe.<\/p>\n","protected":false},"featured_media":21475,"comment_status":"open","ping_status":"closed","template":"","meta":{"_acf_changed":false,"inline_featured_image":false},"product_cat":[275],"product_tag":[1839,1840,1841],"class_list":{"0":"post-21271","1":"product","2":"type-product","3":"status-publish","4":"has-post-thumbnail","6":"product_cat-gipsy-zaprawy","7":"product_tag-gladkie-powierzchnie","8":"product_tag-gladz-wykonczeniowa","9":"product_tag-semin-soft","11":"first","12":"outofstock","13":"shipping-taxable","14":"purchasable","15":"product-type-simple"},"acf":[],"_links":{"self":[{"href":"https:\/\/e-adams.pl\/de\/wp-json\/wp\/v2\/product\/21271","targetHints":{"allow":["GET"]}}],"collection":[{"href":"https:\/\/e-adams.pl\/de\/wp-json\/wp\/v2\/product"}],"about":[{"href":"https:\/\/e-adams.pl\/de\/wp-json\/wp\/v2\/types\/product"}],"replies":[{"embeddable":true,"href":"https:\/\/e-adams.pl\/de\/wp-json\/wp\/v2\/comments?post=21271"}],"wp:featuredmedia":[{"embeddable":true,"href":"https:\/\/e-adams.pl\/de\/wp-json\/wp\/v2\/media\/21475"}],"wp:attachment":[{"href":"https:\/\/e-adams.pl\/de\/wp-json\/wp\/v2\/media?parent=21271"}],"wp:term":[{"taxonomy":"product_cat","embeddable":true,"href":"https:\/\/e-adams.pl\/de\/wp-json\/wp\/v2\/product_cat?post=21271"},{"taxonomy":"product_tag","embeddable":true,"href":"https:\/\/e-adams.pl\/de\/wp-json\/wp\/v2\/product_tag?post=21271"}],"curies":[{"name":"wp","href":"https:\/\/api.w.org\/{rel}","templated":true}]}}