{"id":21272,"date":"2023-09-12T12:15:03","date_gmt":"2023-09-12T10:15:03","guid":{"rendered":"https:\/\/e-adams.pl\/produkt\/semin-grunt-gleboko-penetrujacy-prim-sm-5-kg\/"},"modified":"2024-02-15T11:49:29","modified_gmt":"2024-02-15T10:49:29","slug":"grunt-gleboko-penetrujacy-semin-prim-sm-5kg","status":"publish","type":"product","link":"https:\/\/e-adams.pl\/de\/produkt\/grunt-gleboko-penetrujacy-semin-prim-sm-5kg\/","title":{"rendered":"Grunt g\u0142\u0119boko penetruj\u0105cy SEMIN PRIM SM 5kg"},"content":{"rendered":"<h3>OPIS:<\/h3>\n<p>Grunt g\u0142\u0119boko penetruj\u0105cy SEMIN PRIM SM jest skoncentrowanym gruntem g\u0142\u0119boko penetruj\u0105cym, do stosowania wewn\u0105trz i na zewn\u0105trz budynk\u00f3w. Mo\u017ce by\u0107 stosowany r\u00f3wnie\u017c na trudne pod\u0142o\u017ca pod\u0142ogowe (ma\u0142o lub zbyt porowate). Pozwala uzyska\u0107 odpowiedni\u0105 ch\u0142onno\u015b\u0107 i stabilno\u015b\u0107 powierzchni pod\u0142ogowej oraz zwi\u0119ksza przyczepno\u015b\u0107 takich produkt\u00f3w jak : wylewki pod\u0142ogowe, zaprawy klejowe do p\u0142ytek, itp.<\/p>\n<p>Mo\u017cliwa aplikacja na \u015bciany i sufity. Zu\u017cycie : Ok. 250 g\/m2 w zale\u017cno\u015bci od stopnia porowato\u015bci pod\u0142o\u017ca. Temperatura stosowania : 5-35\u00b0C. Polecany do wyr\u00f3wnywania ch\u0142onno\u015bci pod\u0142o\u017ca przed aplikacj\u0105 pokry\u0107 pod\u0142ogowych i \u015bciennych.<\/p>\n<p>Zwi\u0119ksza przyczepno\u015b\u0107 zapraw, klej\u00f3w oraz innych produkt\u00f3w przygotowuj\u0105cych pod\u0142ogi i \u015bciany. Nie zawiera rozpuszczalnika, mo\u017cliwe rozcie\u0144czenie wod\u0105 w proporcji 1:1 Skutecznie przygotowuje pod\u0142o\u017ce przed zastosowaniem pod\u0142ogowych wylewek samopoziomuj\u0105cych.<\/p>\n<p>&nbsp;<\/p>\n","protected":false},"excerpt":{"rendered":"<p>Grunt g\u0142\u0119boko penetruj\u0105cy SEMIN PRIM SM jest skoncentrowanym gruntem g\u0142\u0119boko penetruj\u0105cym, do stosowania wewn\u0105trz i na zewn\u0105trz budynk\u00f3w. Mo\u017ce by\u0107 stosowany r\u00f3wnie\u017c na trudne pod\u0142o\u017ca pod\u0142ogowe (ma\u0142o lub zbyt porowate). Pozwala uzyska\u0107 odpowiedni\u0105 ch\u0142onno\u015b\u0107 i stabilno\u015b\u0107 powierzchni pod\u0142ogowej oraz zwi\u0119ksza przyczepno\u015b\u0107 takich produkt\u00f3w jak : wylewki pod\u0142ogowe, zaprawy klejowe do p\u0142ytek, itp.<\/p>\n","protected":false},"featured_media":22223,"comment_status":"open","ping_status":"closed","template":"","meta":{"_acf_changed":false,"inline_featured_image":false},"product_cat":[1455],"product_tag":[2139,1671],"class_list":{"0":"post-21272","1":"product","2":"type-product","3":"status-publish","4":"has-post-thumbnail","6":"product_cat-grunty-2","7":"product_tag-grunt-gleboko-penetrujacy","8":"product_tag-semin","10":"first","11":"instock","12":"shipping-taxable","13":"purchasable","14":"product-type-simple"},"acf":[],"_links":{"self":[{"href":"https:\/\/e-adams.pl\/de\/wp-json\/wp\/v2\/product\/21272","targetHints":{"allow":["GET"]}}],"collection":[{"href":"https:\/\/e-adams.pl\/de\/wp-json\/wp\/v2\/product"}],"about":[{"href":"https:\/\/e-adams.pl\/de\/wp-json\/wp\/v2\/types\/product"}],"replies":[{"embeddable":true,"href":"https:\/\/e-adams.pl\/de\/wp-json\/wp\/v2\/comments?post=21272"}],"wp:featuredmedia":[{"embeddable":true,"href":"https:\/\/e-adams.pl\/de\/wp-json\/wp\/v2\/media\/22223"}],"wp:attachment":[{"href":"https:\/\/e-adams.pl\/de\/wp-json\/wp\/v2\/media?parent=21272"}],"wp:term":[{"taxonomy":"product_cat","embeddable":true,"href":"https:\/\/e-adams.pl\/de\/wp-json\/wp\/v2\/product_cat?post=21272"},{"taxonomy":"product_tag","embeddable":true,"href":"https:\/\/e-adams.pl\/de\/wp-json\/wp\/v2\/product_tag?post=21272"}],"curies":[{"name":"wp","href":"https:\/\/api.w.org\/{rel}","templated":true}]}}