{"id":21273,"date":"2023-09-12T12:15:03","date_gmt":"2023-09-12T10:15:03","guid":{"rendered":"https:\/\/e-adams.pl\/produkt\/semin-masa-reperacyjna-do-wnetrz-i-na-zewnatrz-fibrelastic-15-kg\/"},"modified":"2024-02-15T11:49:29","modified_gmt":"2024-02-15T10:49:29","slug":"gotowa-masa-naprawcza-semin-fibrelastic-15kg","status":"publish","type":"product","link":"https:\/\/e-adams.pl\/de\/produkt\/gotowa-masa-naprawcza-semin-fibrelastic-15kg\/","title":{"rendered":"Gotowa masa naprawcza SEMIN FIBRELASTIC 1,5kg"},"content":{"rendered":"<h3>OPIS:<\/h3>\n<p>Gotowa masa naprawcza SEMIN FIBRELASTIC to produkt reparacyjny stosowany wn\u0119trz i na zewn\u0105trz . Stosowana w trakcie prac renowacyjnych na r\u00f3\u017cne p\u0119kni\u0119cia, bez stosowania ta\u015bmy wzmacniaj\u0105cej. G\u0142ad\u017a gotowa charakteryzuje si\u0119 gotow\u0105 do na\u0142o\u017cenia bezpy\u0142ow\u0105 mas\u0105, kt\u00f3r\u0105 aplikujesz wprost na struktur\u0119.<\/p>\n<p>Dzi\u0119ki u\u017cyciu tego produktu osi\u0105gniesz idealnie g\u0142adkie powierzchnie, przygotowane do dalszego wyka\u0144czania \u2013 np. przy u\u017cyciu farb. Mas\u0119 da si\u0119 nak\u0142ada\u0107 r\u0119cznie lub z wykorzystaniem plastikowych narz\u0119dzi.<\/p>\n<h2>SPOS\u00d3B U\u017bYCIA:<\/h2>\n<p>Pod\u0142o\u017ce powinno by\u0107 czyste, oczyszczone z kurzu i pozbawione wszelkich t\u0142ustych plam. Nak\u0142ada\u0107 za pomoc\u0105 szpachli. W celu wygodniejszego nak\u0142adania masy szpachelk\u0105 mo\u017cna zwil\u017cy\u0107 wod\u0105. Po ca\u0142kowitym wyschni\u0119ciu masa FIBRELASTIC mo\u017ce by\u0107 pokryta ka\u017cdego radzaju farb\u0105, tynkami na bazie gipsu oraz masami gotowymi do u\u017cycia. Ze wzgl\u0119du na uziarnienie masy oraz obecno\u015b\u0107 w\u0142\u00f3kna szklanego uzyskana powierzchnia nie jest ca\u0142kowicie g\u0142adka.<\/p>\n<h3>DANE TECHNICZNE:<\/h3>\n<p>\u2022 opakowanie: 1,5 kg<br \/>\n\u2022 wydajno\u015b\u0107: ok. 1,3 kg\/m2\/mm grubo\u015bci<br \/>\n\u2022 czas schni\u0119cia: ok. 24 h dla warstwy o grubo\u015bci 1 mm<br \/>\n\u2022 kolor: jasnoszary<br \/>\n\u2022 elastyczno\u015b\u0107: sta\u0142a<br \/>\n\u2022 Kod towaru: 6412958<br \/>\n\u2022 Kod EAN: 3585501033575<\/p>\n<p>&nbsp;<\/p>\n","protected":false},"excerpt":{"rendered":"<p>Gotowa masa naprawcza SEMIN FIBRELASTIC to produkt reparacyjny stosowany wn\u0119trz i na zewn\u0105trz . Stosowana w trakcie prac renowacyjnych na r\u00f3\u017cne p\u0119kni\u0119cia, bez stosowania ta\u015bmy wzmacniaj\u0105cej. G\u0142ad\u017a gotowa charakteryzuje si\u0119 gotow\u0105 do na\u0142o\u017cenia bezpy\u0142ow\u0105 mas\u0105, kt\u00f3r\u0105 aplikujesz wprost na struktur\u0119.<\/p>\n","protected":false},"featured_media":22412,"comment_status":"open","ping_status":"closed","template":"","meta":{"_acf_changed":false,"inline_featured_image":false},"product_cat":[275],"product_tag":[2229,2230,1671],"class_list":{"0":"post-21273","1":"product","2":"type-product","3":"status-publish","4":"has-post-thumbnail","6":"product_cat-gipsy-zaprawy","7":"product_tag-fibrelastic","8":"product_tag-gotowa-masa-naprawcza","9":"product_tag-semin","11":"first","12":"outofstock","13":"shipping-taxable","14":"purchasable","15":"product-type-simple"},"acf":[],"_links":{"self":[{"href":"https:\/\/e-adams.pl\/de\/wp-json\/wp\/v2\/product\/21273","targetHints":{"allow":["GET"]}}],"collection":[{"href":"https:\/\/e-adams.pl\/de\/wp-json\/wp\/v2\/product"}],"about":[{"href":"https:\/\/e-adams.pl\/de\/wp-json\/wp\/v2\/types\/product"}],"replies":[{"embeddable":true,"href":"https:\/\/e-adams.pl\/de\/wp-json\/wp\/v2\/comments?post=21273"}],"wp:featuredmedia":[{"embeddable":true,"href":"https:\/\/e-adams.pl\/de\/wp-json\/wp\/v2\/media\/22412"}],"wp:attachment":[{"href":"https:\/\/e-adams.pl\/de\/wp-json\/wp\/v2\/media?parent=21273"}],"wp:term":[{"taxonomy":"product_cat","embeddable":true,"href":"https:\/\/e-adams.pl\/de\/wp-json\/wp\/v2\/product_cat?post=21273"},{"taxonomy":"product_tag","embeddable":true,"href":"https:\/\/e-adams.pl\/de\/wp-json\/wp\/v2\/product_tag?post=21273"}],"curies":[{"name":"wp","href":"https:\/\/api.w.org\/{rel}","templated":true}]}}