{"id":21274,"date":"2023-09-12T12:15:04","date_gmt":"2023-09-12T10:15:04","guid":{"rendered":"https:\/\/e-adams.pl\/produkt\/semin-perfect-joint-gotowa-masa-szpachlowa-ce78-25-kg\/"},"modified":"2024-05-10T11:02:25","modified_gmt":"2024-05-10T09:02:25","slug":"gotowa-masa-szpachlowa-semin-perfect-joint-ce78-25-kg","status":"publish","type":"product","link":"https:\/\/e-adams.pl\/de\/produkt\/gotowa-masa-szpachlowa-semin-perfect-joint-ce78-25-kg\/","title":{"rendered":"Gotowa masa szpachlowa SEMIN PERFECT JOINT  CE78 &#8211; 25kg"},"content":{"rendered":"<h3>OPIS:<\/h3>\n<p>Masa szpachlowa firmy SEMIN\u00a0 jest gotow\u0105 do u\u017cycia mas\u0105 w kategorii 3A, do zastosowania wewn\u0105trz pomieszcze\u0144, przeznaczona do spoinowania p\u0142yt gipsowo-kartonowych od poziomu Q1 przy u\u017cyciu ta\u015bmy zbroj\u0105cej. Produkt stosuje si\u0119 na wszystkie rodzaje p\u0142yt gipsowo-kartonowych z lub bez materia\u0142u izolacyjnego (we\u0142ny szklanej, we\u0142ny mineralnej, styropianu) o kraw\u0119dziach sko\u015bnych.<\/p>\n<h3><b>ZALETY<\/b><\/h3>\n<p>\u2022 Super g\u0142adka<\/p>\n<p>\u2022 \u0141atwa w rozprowadzaniu<\/p>\n<p>\u2022 Doskona\u0142a jako\u015b\u0107 wyko\u0144czenia<\/p>\n<p>\u2022 \u0141atwa do szlifowania<\/p>\n<p>\u2022 Nak\u0142adanie r\u0119czne lub maszynowe.<\/p>\n<h3><b>CHARAKTERYSTYKA<\/b><\/h3>\n<p>\u2022 Temperatura stosowania : od + 5\u00b0C do + 30\u00b0C<\/p>\n<p>\u2022 Przyczepno\u015b\u0107 ta\u015bmy : &gt;1000g<\/p>\n<p>\u2022 P\u0119kanie, powstawanie rys: brak rys a\u017c do 5 mm grubo\u015bci<\/p>\n<p>\u2022 G\u0119sto\u015b\u0107 : 1,7<\/p>\n<p>\u2022 Reakcja na ogie\u0144 : A2s1d0<\/p>\n<p>\u2022 Rozcie\u0144czanie : do 0,5 l na opakowanie<\/p>\n<p>\u2022 Czas schni\u0119cia : kolejn\u0105 warstw\u0119 nak\u0142ada\u0107 od 24 do 48 godzin od po\u0142o\u017cenia pierwszej warstwy, w zale\u017cno\u015bci od warunk\u00f3w otoczenia<\/p>\n<p>\u2022 Zu\u017cycie : ok. 500g\/m2 p\u0142yty g-k<\/p>\n<h3>SK\u0141AD<\/h3>\n<p>\u017bywica, woda, w\u0119glan wapnia, \u015brodek zag\u0119szczaj\u0105cy i inne. Masa jest koloru bia\u0142ego.<\/p>\n<h2>SPOS\u00d3B U\u017bYCIA<\/h2>\n<p>Przed u\u017cyciem mas\u0119 nale\u017cy wymiesza\u0107 w celu ujednolicenia produktu. Nie nale\u017cy nak\u0142ada\u0107 na wilgotne lub zamarzni\u0119te pod\u0142o\u017ca. Pod\u0142o\u017ce powinno by\u0107 odt\u0142uszczone, stabilne, czyste i wolne od py\u0142u. Mas\u0119 mo\u017cna nak\u0142ada\u0107 na p\u0142yty g-k za pomoc\u0105 wa\u0142ka, szpachelki lub maszynowo. Przed przyst\u0105pieniem do szpachlowania powierzchni lub do \u0142\u0105czenia p\u0142yt g-k wyr\u00f3wna\u0107 nier\u00f3wno\u015bci oraz uzupe\u0142ni\u0107 ubytki (takie jak ukruszone kraw\u0119dzie itp.) Przy spoinowaniu, w pierwszej warstwie osadzamy ta\u015bm\u0119 \u0142\u0105cz\u0105c\u0105. Kolejn\u0105 warstw\u0119 mo\u017cna na\u0142o\u017cy\u0107 po 24 godzinach. Zacz\u0119te opakowanie mo\u017cna wykorzysta\u0107 nast\u0119pnego dnia.<\/p>\n","protected":false},"excerpt":{"rendered":"<p>Gotowa do u\u017cycia masa szpachlowa z rodziny produkt\u00f3w SEMIN PERFECT JOINT CE 78. Przeznaczona do \u0142\u0105czenia p\u0142yt gipsowo-kartonowych oraz maskowania wkr\u0119t\u00f3w mocuj\u0105cych p\u0142yty GK lub szpachlowania powierzchni, masa gotowa do u\u017cycia, nie wymaga rozcie\u0144czania, dla up\u0142ynnienia mo\u017cna przemiesza\u0107, super g\u0142adka, doskona\u0142a jako\u015b\u0107 wyko\u0144czenia, \u0142atwa do szlifowania.<\/p>\n","protected":false},"featured_media":21470,"comment_status":"open","ping_status":"closed","template":"","meta":{"_acf_changed":false,"inline_featured_image":false},"product_cat":[275],"product_tag":[1836,981,1835],"class_list":{"0":"post-21274","1":"product","2":"type-product","3":"status-publish","4":"has-post-thumbnail","6":"product_cat-gipsy-zaprawy","7":"product_tag-latwa-do-szlifowania","8":"product_tag-masa-szpachlowa","9":"product_tag-semin-perfect-joint","11":"first","12":"instock","13":"shipping-taxable","14":"purchasable","15":"product-type-simple"},"acf":[],"_links":{"self":[{"href":"https:\/\/e-adams.pl\/de\/wp-json\/wp\/v2\/product\/21274","targetHints":{"allow":["GET"]}}],"collection":[{"href":"https:\/\/e-adams.pl\/de\/wp-json\/wp\/v2\/product"}],"about":[{"href":"https:\/\/e-adams.pl\/de\/wp-json\/wp\/v2\/types\/product"}],"replies":[{"embeddable":true,"href":"https:\/\/e-adams.pl\/de\/wp-json\/wp\/v2\/comments?post=21274"}],"wp:featuredmedia":[{"embeddable":true,"href":"https:\/\/e-adams.pl\/de\/wp-json\/wp\/v2\/media\/21470"}],"wp:attachment":[{"href":"https:\/\/e-adams.pl\/de\/wp-json\/wp\/v2\/media?parent=21274"}],"wp:term":[{"taxonomy":"product_cat","embeddable":true,"href":"https:\/\/e-adams.pl\/de\/wp-json\/wp\/v2\/product_cat?post=21274"},{"taxonomy":"product_tag","embeddable":true,"href":"https:\/\/e-adams.pl\/de\/wp-json\/wp\/v2\/product_tag?post=21274"}],"curies":[{"name":"wp","href":"https:\/\/api.w.org\/{rel}","templated":true}]}}