{"id":21276,"date":"2023-09-12T12:15:05","date_gmt":"2023-09-12T10:15:05","guid":{"rendered":"https:\/\/e-adams.pl\/produkt\/silikon-1001-uniwersalny-bialy-40ml\/"},"modified":"2024-07-15T11:31:14","modified_gmt":"2024-07-15T09:31:14","slug":"silikon-uniwersalny-1001-den-braven-bialy-40ml","status":"publish","type":"product","link":"https:\/\/e-adams.pl\/de\/produkt\/silikon-uniwersalny-1001-den-braven-bialy-40ml\/","title":{"rendered":"Silikon uniwersalny 1001 DEN BRAVEN Bia\u0142y 40ml"},"content":{"rendered":"<h3>OPIS:<\/h3>\n<p>Silikon uniwersalny 1001 DEN BRAVEN to produkt przeznaczony do uszczelniania wszelkiego rodzaju powierzchni i szczelin. Tworzy trwa\u0142\u0105 elastyczn\u0105, g\u0142adk\u0105, po\u0142yskliw\u0105, wodoodporn\u0105, szczeln\u0105 i odporn\u0105 na odbarwienia fug\u0119. Silikon mo\u017cna stosowa\u0107 zar\u00f3wno wewn\u0105trz, jak i na zewn\u0105trz pomieszcze\u0144 dzi\u0119ki czemu znajdzie wiele zastosowa\u0144.<\/p>\n<p>Dobrze przyczepny do szk\u0142a, ceramiki, porcelany, lakierowanego drewna, powierzchni szkliwionych, glazurowanych i emaliowanych.<\/p>\n<p>Produkt charakteryzuje si\u0119 wysok\u0105 odporno\u015bci\u0105 na warunki atmosferyczne: (-50\u00b0C do +120\u00b0C), promieniowanie UV, wilgo\u0107. Jest \u0142atwy w nak\u0142adaniu i formowaniu.<\/p>\n<h3>DANE TECHNICZNE:<\/h3>\n<ul>\n<li>Marka: Den Braven<\/li>\n<li>Pojemno\u015b\u0107: 40ml<\/li>\n<li>Kolor: Bia\u0142y<\/li>\n<li>Kod EAN: 4016960005159<\/li>\n<li>Kod producenta: 616722<\/li>\n<\/ul>\n","protected":false},"excerpt":{"rendered":"<p>Silikon uniwersalny 1001 DEN BRAVEN to produkt przeznaczony do uszczelniania wszelkiego rodzaju powierzchni i szczelin. Tworzy trwa\u0142\u0105 elastyczn\u0105, g\u0142adk\u0105, po\u0142yskliw\u0105, wodoodporn\u0105, szczeln\u0105 i odporn\u0105 na odbarwienia fug\u0119. Silikon mo\u017cna stosowa\u0107 zar\u00f3wno wewn\u0105trz, jak i na zewn\u0105trz pomieszcze\u0144 dzi\u0119ki czemu znajdzie wiele zastosowa\u0144.<\/p>\n","protected":false},"featured_media":22610,"comment_status":"open","ping_status":"closed","template":"","meta":{"_acf_changed":false,"inline_featured_image":false},"product_cat":[285],"product_tag":[955,1534],"class_list":{"0":"post-21276","1":"product","2":"type-product","3":"status-publish","4":"has-post-thumbnail","6":"product_cat-silikony-i-uszczelniacze","7":"product_tag-den-braven","8":"product_tag-silikon-uniwersalny","10":"first","11":"instock","12":"shipping-taxable","13":"purchasable","14":"product-type-simple"},"acf":[],"_links":{"self":[{"href":"https:\/\/e-adams.pl\/de\/wp-json\/wp\/v2\/product\/21276","targetHints":{"allow":["GET"]}}],"collection":[{"href":"https:\/\/e-adams.pl\/de\/wp-json\/wp\/v2\/product"}],"about":[{"href":"https:\/\/e-adams.pl\/de\/wp-json\/wp\/v2\/types\/product"}],"replies":[{"embeddable":true,"href":"https:\/\/e-adams.pl\/de\/wp-json\/wp\/v2\/comments?post=21276"}],"wp:featuredmedia":[{"embeddable":true,"href":"https:\/\/e-adams.pl\/de\/wp-json\/wp\/v2\/media\/22610"}],"wp:attachment":[{"href":"https:\/\/e-adams.pl\/de\/wp-json\/wp\/v2\/media?parent=21276"}],"wp:term":[{"taxonomy":"product_cat","embeddable":true,"href":"https:\/\/e-adams.pl\/de\/wp-json\/wp\/v2\/product_cat?post=21276"},{"taxonomy":"product_tag","embeddable":true,"href":"https:\/\/e-adams.pl\/de\/wp-json\/wp\/v2\/product_tag?post=21276"}],"curies":[{"name":"wp","href":"https:\/\/api.w.org\/{rel}","templated":true}]}}