{"id":21280,"date":"2023-09-12T12:15:08","date_gmt":"2023-09-12T10:15:08","guid":{"rendered":"https:\/\/e-adams.pl\/produkt\/smh-medium-30mb-do-rogow-wew-zielony-napis\/"},"modified":"2025-06-23T13:02:24","modified_gmt":"2025-06-23T11:02:24","slug":"tasma-do-rogow-wew-smh-medium-30m","status":"publish","type":"product","link":"https:\/\/e-adams.pl\/de\/produkt\/tasma-do-rogow-wew-smh-medium-30m\/","title":{"rendered":"Ta\u015bma do rog\u00f3w wew. SMH MEDIUM 30m"},"content":{"rendered":"<h3>OPIS:<\/h3>\n<p>Ta\u015bma do rog\u00f3w wew. SMH MEDIUM stosuje si\u0119 j\u0105 do \u0142\u0105czenia p\u0142yt gipsowo-kartonowych w naro\u017cnikach wewn\u0119trznych i na p\u0142askich powierzchniach w miejsce siatki, flizeliny, ta\u015bmy papierowej, oraz ta\u015bmy papierowej z wk\u0142adk\u0105 aluminiow\u0105.<br \/>\nTa\u015bma wyr\u00f3wnuje, prostuje i usztywnia skomplikowane, trudne do wyprowadzenia naro\u017cniki wewn\u0119trzne \u015bcian i sufit\u00f3w o dowolnym k\u0105cie rozwarcia.<br \/>\nMEDIUM znajduje zastosowanie w miejscach nara\u017conych na wilgo\u0107, gdzie ta\u015bma papierowa mog\u0142aby ulec zniszczeniu np. w okolicach wanien i prysznic\u00f3w.<\/p>\n<h2>Spos\u00f3b u\u017cycia:<\/h2>\n<p>1. Utnij ta\u015bm\u0119 na odpowiedni\u0105 d\u0142ugo\u015b\u0107 i przytnij ko\u0144c\u00f3wki pod k\u0105tem<br \/>\n45 stopni.<br \/>\n2. W przypadku naro\u017cnik\u00f3w wewn\u0119trznych zegnij ta\u015bm\u0119 wzd\u0142u\u017c (napisami do<br \/>\n\u015brodka), a nast\u0119pnie delikatnie wyprostuj.<br \/>\n3. W celu przyklejenia zastosuj mas\u0119 gipsow\u0105, po czym<br \/>\numie\u015b\u0107 ta\u015bm\u0119 MEDIUM w miejscu przeznaczenia.<br \/>\n4. W naro\u017cniku wewn\u0119trznym dopasuj tak, aby stworzy\u0107<br \/>\nprost\u0105 linie rogow\u0105 na za\u0142amaniu ta\u015bmy.<br \/>\n5. Wyci\u015bnij nadmiar masy gipsowej za pomoc\u0105 szpachelki, nie pozostawiaj\u0105c p\u0119cherzyk\u00f3w powietrza<br \/>\npod ta\u015bm\u0105.<br \/>\n6. Pokryj przyklejon\u0105 ta\u015bm\u0119 cienk\u0105 warstw\u0105 masy gipsowej o grubo\u015bci do 0,6 mm wyr\u00f3wnuj\u0105c z p\u0142aszczyzn\u0105 \u015bciany, pozostaw do wyschni\u0119cia.<br \/>\n7. W przypadku naro\u017cnik\u00f3w wewn\u0119trznych \u2013 nie wype\u0142niaj samego rogu mas\u0105 gipsow\u0105 po zainstalowaniu<br \/>\nta\u015bmy. Pozwoli to zachowa\u0107 prost\u0105 lini\u0119 rogow\u0105.<br \/>\n8. W razie potrzeby zastosuj ponownie mas\u0119 gipsow\u0105<br \/>\ni pozostaw do wyschni\u0119cia.<br \/>\n9. Wyr\u00f3wnaj nier\u00f3wno\u015bci papierem \u015bciernym o gradacji, co najmniej 180.<br \/>\n10. Wewn\u0119trzn\u0105 lini\u0119 zagi\u0119cia ta\u015bmy przeszlifuj kraw\u0119dzi\u0105 zgi\u0119tego papieru \u015bciernego.<\/p>\n","protected":false},"excerpt":{"rendered":"<p>Ta\u015bma do rog\u00f3w wew. SMH MEDIUM stosuje si\u0119 j\u0105 do \u0142\u0105czenia p\u0142yt gipsowo-kartonowych w naro\u017cnikach wewn\u0119trznych i na p\u0142askich powierzchniach w miejsce siatki, flizeliny, ta\u015bmy papierowej, oraz ta\u015bmy papierowej z wk\u0142adk\u0105 aluminiow\u0105.<br \/>\nTa\u015bma wyr\u00f3wnuje, prostuje i usztywnia skomplikowane, trudne do wyprowadzenia naro\u017cniki wewn\u0119trzne \u015bcian i sufit\u00f3w o dowolnym k\u0105cie rozwarcia.<\/p>\n","protected":false},"featured_media":22111,"comment_status":"open","ping_status":"closed","template":"","meta":{"_acf_changed":false,"inline_featured_image":false},"product_cat":[2282],"product_tag":[2052,2079,2053],"class_list":{"0":"post-21280","1":"product","2":"type-product","3":"status-publish","4":"has-post-thumbnail","6":"product_cat-tasmy-i-flizeliny","7":"product_tag-center-flex","8":"product_tag-smh-medium","9":"product_tag-tasma-do-rogow","11":"first","12":"instock","13":"shipping-taxable","14":"product-type-simple"},"acf":[],"_links":{"self":[{"href":"https:\/\/e-adams.pl\/de\/wp-json\/wp\/v2\/product\/21280","targetHints":{"allow":["GET"]}}],"collection":[{"href":"https:\/\/e-adams.pl\/de\/wp-json\/wp\/v2\/product"}],"about":[{"href":"https:\/\/e-adams.pl\/de\/wp-json\/wp\/v2\/types\/product"}],"replies":[{"embeddable":true,"href":"https:\/\/e-adams.pl\/de\/wp-json\/wp\/v2\/comments?post=21280"}],"wp:featuredmedia":[{"embeddable":true,"href":"https:\/\/e-adams.pl\/de\/wp-json\/wp\/v2\/media\/22111"}],"wp:attachment":[{"href":"https:\/\/e-adams.pl\/de\/wp-json\/wp\/v2\/media?parent=21280"}],"wp:term":[{"taxonomy":"product_cat","embeddable":true,"href":"https:\/\/e-adams.pl\/de\/wp-json\/wp\/v2\/product_cat?post=21280"},{"taxonomy":"product_tag","embeddable":true,"href":"https:\/\/e-adams.pl\/de\/wp-json\/wp\/v2\/product_tag?post=21280"}],"curies":[{"name":"wp","href":"https:\/\/api.w.org\/{rel}","templated":true}]}}