{"id":21283,"date":"2023-09-12T12:15:10","date_gmt":"2023-09-12T10:15:10","guid":{"rendered":"https:\/\/e-adams.pl\/produkt\/soh-orig-30mb-do-rogow-wew-pomaranczowy-napis\/"},"modified":"2025-06-23T13:02:13","modified_gmt":"2025-06-23T11:02:13","slug":"tasma-do-rogow-wew-soh-original-30m","status":"publish","type":"product","link":"https:\/\/e-adams.pl\/de\/produkt\/tasma-do-rogow-wew-soh-original-30m\/","title":{"rendered":"Ta\u015bma do rog\u00f3w wew. SOH ORIGINAL 30m"},"content":{"rendered":"<h3>OPIS:<\/h3>\n<p>Ta\u015bma do rog\u00f3w wew. SOH ORIGINAL jest doskona\u0142a do \u0142\u0105cze\u0144 p\u0142yt gipsowo-kartonoych w naro\u017cnikach wewn\u0119trznych i rogach zewn\u0119trznych. Ta\u015bma wyr\u00f3wnuje, prostuje i usztywnia skomplikowane, trudne do wyprowadzenia naro\u017cniki<br \/>\nwewn\u0119trzne, rogi zewn\u0119trzne \u015bcian i sufit\u00f3w o k\u0105tach o dowolnym stopniu rozwarcia.<br \/>\nORIGINAL znajduje zastosowanie w miejscach nara\u017conych na wilgo\u0107, gdzie ta\u015bma papierowa mog\u0142aby ulec<br \/>\nzniszczeniu np. w okolicach wanien i prysznic\u00f3w.<\/p>\n<h2>Spos\u00f3b uzycia:<\/h2>\n<p>1. Utnij ta\u015bm\u0119 na odpowiedni\u0105 d\u0142ugo\u015b\u0107 i przytnij ko\u0144c\u00f3wki pod k\u0105tem 45 stopni.<br \/>\n2. Z\u0142\u00f3\u017c ta\u015bm\u0119 wzd\u0142u\u017c napisami do \u015brodka, a nast\u0119pnie zastosuj<br \/>\nstron\u0105 bez napis\u00f3w do \u015bciany w naro\u017cnikach wewn\u0119trznych,<br \/>\nna rogach zewn\u0119trznych stosuj napisami do \u015bciany.<br \/>\n3. W celu przyklejenia zastosuj mas\u0119 gipsow\u0105, po czym umie\u015b\u0107<br \/>\nZASTOSOWANIE TA\u015aMY ORIGINAL<br \/>\nTa\u015bma ORIGINAL jest doskona\u0142a do \u0142\u0105cze\u0144 p\u0142yt gipsowo-kartonoych w naro\u017cnikach wewn\u0119trznych i rogach zewn\u0119trznych. Ta\u015bma wyr\u00f3wnuje, prostuje i usztywnia skomplikowane, trudne do wyprowadzenia naro\u017cniki<br \/>\nwewn\u0119trzne, rogi zewn\u0119trzne \u015bcian i sufit\u00f3w o k\u0105tach o dowolnym stopniu rozwarcia.<br \/>\nORIGINAL znajduje zastosowanie w miejscach nara\u017conych na wilgo\u0107, gdzie ta\u015bma papierowa mog\u0142aby ulec<br \/>\nzniszczeniu np. w okolicach wanien i prysznic\u00f3w.<br \/>\nta\u015bma ORIGINAL<br \/>\nta\u015bm\u0119 w miejscu przeznaczenia, dociskaj\u0105c do rogu zewn\u0119trznego lub naro\u017cnika wewn\u0119trznego.<br \/>\n4. Dopasuj ta\u015bm\u0119 tak, aby stworzy\u0107 prost\u0105 lini\u0119 rogow\u0105<br \/>\nna za\u0142amaniu.<br \/>\n5. Usu\u0144 nadmiar masy gipsowej za pomoc\u0105 szpachelki,<br \/>\nnie pozostawiaj\u0105c p\u0119cherzyk\u00f3w powietrza pod ta\u015bm\u0105.<br \/>\n6. Pokryj przyklejon\u0105 ta\u015bm\u0119 cienk\u0105 warstw\u0105 masy gipsowej o grubo\u015bci do 0,6 mm wyr\u00f3wnuj\u0105c z p\u0142aszczyzn\u0105 \u015bciany, pozostaw do wyschni\u0119cia.<br \/>\n7. W przypadku naro\u017cnik\u00f3w wewn\u0119trznych \u2013 nie wype\u0142niaj samego rogu mas\u0105 gipsow\u0105 ju\u017c po zainstalowaniu<br \/>\nta\u015bmy. Pozwoli to zachowa\u0107 prost\u0105 linie rogow\u0105.<br \/>\n8. W razie potrzeby zastosuj ponownie mas\u0119 gipsow\u0105<br \/>\ni pozostaw do wyschni\u0119cia.<br \/>\n9. Wyr\u00f3wnaj nier\u00f3wno\u015bci papierem \u015bciernym o gradacji, co najmniej 180.<br \/>\n10. Wewn\u0119trzn\u0105 lini\u0119 zagi\u0119cia ta\u015bmy przeszlifuj kraw\u0119dzi\u0105 zgi\u0119tego papieru \u015bciernego.<\/p>\n","protected":false},"excerpt":{"rendered":"<p>Ta\u015bma do rog\u00f3w wew. SOH ORIGINAL jest doskona\u0142a do \u0142\u0105cze\u0144 p\u0142yt gipsowo-kartonoych w naro\u017cnikach wewn\u0119trznych i rogach zewn\u0119trznych. Ta\u015bma wyr\u00f3wnuje, prostuje i usztywnia skomplikowane, trudne do wyprowadzenia naro\u017cniki<br \/>\nwewn\u0119trzne, rogi zewn\u0119trzne \u015bcian i sufit\u00f3w o k\u0105tach o dowolnym stopniu rozwarcia.<\/p>\n","protected":false},"featured_media":22101,"comment_status":"open","ping_status":"closed","template":"","meta":{"_acf_changed":false,"inline_featured_image":false},"product_cat":[2282],"product_tag":[2052,2071,2053],"class_list":{"0":"post-21283","1":"product","2":"type-product","3":"status-publish","4":"has-post-thumbnail","6":"product_cat-tasmy-i-flizeliny","7":"product_tag-center-flex","8":"product_tag-soh-original","9":"product_tag-tasma-do-rogow","11":"first","12":"instock","13":"shipping-taxable","14":"product-type-simple"},"acf":[],"_links":{"self":[{"href":"https:\/\/e-adams.pl\/de\/wp-json\/wp\/v2\/product\/21283","targetHints":{"allow":["GET"]}}],"collection":[{"href":"https:\/\/e-adams.pl\/de\/wp-json\/wp\/v2\/product"}],"about":[{"href":"https:\/\/e-adams.pl\/de\/wp-json\/wp\/v2\/types\/product"}],"replies":[{"embeddable":true,"href":"https:\/\/e-adams.pl\/de\/wp-json\/wp\/v2\/comments?post=21283"}],"wp:featuredmedia":[{"embeddable":true,"href":"https:\/\/e-adams.pl\/de\/wp-json\/wp\/v2\/media\/22101"}],"wp:attachment":[{"href":"https:\/\/e-adams.pl\/de\/wp-json\/wp\/v2\/media?parent=21283"}],"wp:term":[{"taxonomy":"product_cat","embeddable":true,"href":"https:\/\/e-adams.pl\/de\/wp-json\/wp\/v2\/product_cat?post=21283"},{"taxonomy":"product_tag","embeddable":true,"href":"https:\/\/e-adams.pl\/de\/wp-json\/wp\/v2\/product_tag?post=21283"}],"curies":[{"name":"wp","href":"https:\/\/api.w.org\/{rel}","templated":true}]}}