{"id":21284,"date":"2023-09-12T12:15:11","date_gmt":"2023-09-12T10:15:11","guid":{"rendered":"https:\/\/e-adams.pl\/produkt\/sopro-263-s-grunt-pro-gleboko-penetrujacy-4kg\/"},"modified":"2024-07-15T11:31:33","modified_gmt":"2024-07-15T09:31:33","slug":"grunt-gleboko-penetrujacy-sopro-gp263-4kg","status":"publish","type":"product","link":"https:\/\/e-adams.pl\/de\/produkt\/grunt-gleboko-penetrujacy-sopro-gp263-4kg\/","title":{"rendered":"Grunt g\u0142\u0119boko penetruj\u0105cy SOPRO GP263 4kg"},"content":{"rendered":"<h3>OPIS:<\/h3>\n<p>Grunt g\u0142\u0119boko penetruj\u0105cy SOPRO GP263 na bazie \u017cywicy syntetycznej ma za zadanie przygotowa\u0107 pod\u0142o\u017ce na zastosowanie kleju czy masy szpachlowej i w efekcie u\u0142atwi\u0107 monta\u017c p\u0142ytek, paneli winylowych lub innych materia\u0142\u00f3w. B\u0119dzie idealnym wyborem dla fachowc\u00f3w i sprawdzi si\u0119 na pod\u0142o\u017cach takich jak beton, tynk, p\u0142yta gipsowo-kartonowa, mur czy jastrych cementowy.<\/p>\n<h3>DANE TECHNICZNE:<\/h3>\n<p>\u2022 Obj\u0119to\u015b\u0107: 4L<br \/>\n\u2022 Waga (kg): 4kg<br \/>\n\u2022 Czas schni\u0119cia: 10 min<br \/>\n\u2022 Marka: Sopro<br \/>\n\u2022 Kod EAN: 5907674320630<\/p>\n","protected":false},"excerpt":{"rendered":"<p>Grunt g\u0142\u0119boko penetruj\u0105cy SOPRO GP263 na bazie \u017cywicy syntetycznej ma za zadanie przygotowa\u0107 pod\u0142o\u017ce na zastosowanie kleju czy masy szpachlowej i w efekcie u\u0142atwi\u0107 monta\u017c p\u0142ytek, paneli winylowych lub innych materia\u0142\u00f3w. B\u0119dzie idealnym wyborem dla fachowc\u00f3w i sprawdzi si\u0119 na pod\u0142o\u017cach takich jak beton, tynk, p\u0142yta gipsowo-kartonowa, mur czy jastrych cementowy.<\/p>\n","protected":false},"featured_media":22477,"comment_status":"open","ping_status":"closed","template":"","meta":{"_acf_changed":false,"inline_featured_image":false},"product_cat":[1455],"product_tag":[2139,2058],"class_list":{"0":"post-21284","1":"product","2":"type-product","3":"status-publish","4":"has-post-thumbnail","6":"product_cat-grunty-2","7":"product_tag-grunt-gleboko-penetrujacy","8":"product_tag-sopro","10":"first","11":"instock","12":"shipping-taxable","13":"purchasable","14":"product-type-simple"},"acf":[],"_links":{"self":[{"href":"https:\/\/e-adams.pl\/de\/wp-json\/wp\/v2\/product\/21284","targetHints":{"allow":["GET"]}}],"collection":[{"href":"https:\/\/e-adams.pl\/de\/wp-json\/wp\/v2\/product"}],"about":[{"href":"https:\/\/e-adams.pl\/de\/wp-json\/wp\/v2\/types\/product"}],"replies":[{"embeddable":true,"href":"https:\/\/e-adams.pl\/de\/wp-json\/wp\/v2\/comments?post=21284"}],"wp:featuredmedia":[{"embeddable":true,"href":"https:\/\/e-adams.pl\/de\/wp-json\/wp\/v2\/media\/22477"}],"wp:attachment":[{"href":"https:\/\/e-adams.pl\/de\/wp-json\/wp\/v2\/media?parent=21284"}],"wp:term":[{"taxonomy":"product_cat","embeddable":true,"href":"https:\/\/e-adams.pl\/de\/wp-json\/wp\/v2\/product_cat?post=21284"},{"taxonomy":"product_tag","embeddable":true,"href":"https:\/\/e-adams.pl\/de\/wp-json\/wp\/v2\/product_tag?post=21284"}],"curies":[{"name":"wp","href":"https:\/\/api.w.org\/{rel}","templated":true}]}}