{"id":21285,"date":"2023-09-12T12:15:12","date_gmt":"2023-09-12T10:15:12","guid":{"rendered":"https:\/\/e-adams.pl\/produkt\/sopro-aeb-148-tasma-uszczelniajaca-120mm-rol-50m\/"},"modified":"2025-06-23T13:02:03","modified_gmt":"2025-06-23T11:02:03","slug":"tasma-uszczelniajaca-sopro-aeb-148-50m","status":"publish","type":"product","link":"https:\/\/e-adams.pl\/de\/produkt\/tasma-uszczelniajaca-sopro-aeb-148-50m\/","title":{"rendered":"Ta\u015bma uszczelniaj\u0105ca SOPRO AEB 148 50m"},"content":{"rendered":"<h3>OPIS:<\/h3>\n<p>Elastyczna ta\u015bma \u00a0uszczelniaj\u0105ca SOPRO AEB 148 50m, dwustronnie pokryta specjaln\u0105 pow\u0142ok\u0105 z flizeliny do niezawodnego uszczelnienia szczelin dylatacyjnych i naro\u017cy, stosowana w systemie z uszczelnieniami wst\u0119gowymi w postaci mat Sopro AEB\u00ae i Sopro AEB\u00ae plus oraz uszczelnieniami w postaci p\u0142ynnej Sopro DSF\u00ae 423\/523, Sopro TDS 823, Sopro FDF 525 i Sopro PU-FD pod p\u0142ytki i p\u0142yty ceramiczne oraz z kamienia naturalnego.<\/p>\n<h3>DANE TECHNICZNE:<\/h3>\n<ul>\n<li>Szeroko\u015b\u0107: 120 mm<\/li>\n<li>D\u0142ugo\u015b\u0107: 50 m<\/li>\n<li>Jednostka handlowa: sztuka<\/li>\n<li>Elastyczna<\/li>\n<li>Na \u015bciany i pod\u0142ogi<\/li>\n<li>Odporna na dzia\u0142anie wody i warunki atmosferyczne<\/li>\n<\/ul>\n","protected":false},"excerpt":{"rendered":"<p>Elastyczna ta\u015bma uszczelniaj\u0105ca SOPRO AEB 148 50m, dwustronnie pokryta specjaln\u0105 pow\u0142ok\u0105 z flizeliny do niezawodnego uszczelnienia szczelin dylatacyjnych i naro\u017cy, stosowana w systemie z uszczelnieniami wst\u0119gowymi.<\/p>\n","protected":false},"featured_media":22097,"comment_status":"open","ping_status":"closed","template":"","meta":{"_acf_changed":false,"inline_featured_image":false},"product_cat":[1473],"product_tag":[2069,2068],"class_list":{"0":"post-21285","1":"product","2":"type-product","3":"status-publish","4":"has-post-thumbnail","6":"product_cat-tasmy-uszczelniajace-i-narozniki","7":"product_tag-sopro-aeb","8":"product_tag-tasma-uszczelniajaca","10":"first","11":"instock","12":"shipping-taxable","13":"product-type-simple"},"acf":[],"_links":{"self":[{"href":"https:\/\/e-adams.pl\/de\/wp-json\/wp\/v2\/product\/21285","targetHints":{"allow":["GET"]}}],"collection":[{"href":"https:\/\/e-adams.pl\/de\/wp-json\/wp\/v2\/product"}],"about":[{"href":"https:\/\/e-adams.pl\/de\/wp-json\/wp\/v2\/types\/product"}],"replies":[{"embeddable":true,"href":"https:\/\/e-adams.pl\/de\/wp-json\/wp\/v2\/comments?post=21285"}],"wp:featuredmedia":[{"embeddable":true,"href":"https:\/\/e-adams.pl\/de\/wp-json\/wp\/v2\/media\/22097"}],"wp:attachment":[{"href":"https:\/\/e-adams.pl\/de\/wp-json\/wp\/v2\/media?parent=21285"}],"wp:term":[{"taxonomy":"product_cat","embeddable":true,"href":"https:\/\/e-adams.pl\/de\/wp-json\/wp\/v2\/product_cat?post=21285"},{"taxonomy":"product_tag","embeddable":true,"href":"https:\/\/e-adams.pl\/de\/wp-json\/wp\/v2\/product_tag?post=21285"}],"curies":[{"name":"wp","href":"https:\/\/api.w.org\/{rel}","templated":true}]}}