{"id":21287,"date":"2023-09-12T12:15:13","date_gmt":"2023-09-12T10:15:13","guid":{"rendered":"https:\/\/e-adams.pl\/produkt\/sopro-fdf-525-folia-w-plynie-5l\/"},"modified":"2024-07-15T11:31:32","modified_gmt":"2024-07-15T09:31:32","slug":"folia-w-plynie-sopro-fdf-525-5l","status":"publish","type":"product","link":"https:\/\/e-adams.pl\/de\/produkt\/folia-w-plynie-sopro-fdf-525-5l\/","title":{"rendered":"Folia w p\u0142ynie SOPRO FDF 525 5l"},"content":{"rendered":"<h3>OPIS:<\/h3>\n<p>Folia w p\u0142ynie SOPRO FDF 525 to wysoko elastyczna, jednosk\u0142adnikowa, mostkuj\u0105ca rysy p\u0142ynna pow\u0142oka z tworzywa sztucznego bez rozpuszczalnik\u00f3w, do uszczelniania \u015bcian i pod\u0142\u00f3g wyk\u0142adanych p\u0142ytkami i p\u0142ytami. Chroni przed wod\u0105 dzia\u0142aj\u0105c\u0105 bez ci\u015bnienia w obci\u0105\u017conych wilgoci\u0105 pomieszczeniach, np. \u0142azienkach, natryskach, umywalniach, pomieszczeniach sanitarnych\u00ad.<\/p>\n<h3>W\u0141A\u015aCIWO\u015aCI:<\/h3>\n<ul>\n<li>Uszczelnienie zespolone pod p\u0142ytki i p\u0142yty<\/li>\n<li>Mostkuje rysy i p\u0119kni\u0119cia<\/li>\n<li>Grubo\u015b\u0107 pow\u0142oki min. 0,5 mm<\/li>\n<li>Szybkoschn\u0105ca (1 warstwa 1,5-2,5 godziny, 2 warstwa 3-5 godzin)<\/li>\n<li>Do nanoszenia wa\u0142kiem, szpachl\u0105, do malowania i natryskiwania<\/li>\n<li>R\u00f3wnie\u017c nadaje si\u0119 na pod\u0142ogi ogrzewane<\/li>\n<li>W pomieszczeniach, na \u015bciany i posadzki<\/li>\n<li>Posiada Europejsk\u0105 Aprobat\u0119 Techniczn\u0105 ETA-13\/0155<\/li>\n<\/ul>\n","protected":false},"excerpt":{"rendered":"<p>Folia w p\u0142ynie SOPRO FDF 525 to wysoko elastyczna, jednosk\u0142adnikowa, mostkuj\u0105ca rysy p\u0142ynna pow\u0142oka z tworzywa sztucznego bez rozpuszczalnik\u00f3w, do uszczelniania \u015bcian i pod\u0142\u00f3g wyk\u0142adanych p\u0142ytkami i p\u0142ytami. Chroni przed wod\u0105 dzia\u0142aj\u0105c\u0105 bez ci\u015bnienia w obci\u0105\u017conych wilgoci\u0105 pomieszczeniach<\/p>\n","protected":false},"featured_media":21845,"comment_status":"open","ping_status":"closed","template":"","meta":{"_acf_changed":false,"inline_featured_image":false},"product_cat":[288],"product_tag":[2035,1966],"class_list":{"0":"post-21287","1":"product","2":"type-product","3":"status-publish","4":"has-post-thumbnail","6":"product_cat-ochrona-antywilgociowa","7":"product_tag-folia-w-plynie","8":"product_tag-sopro-fdf-525","10":"first","11":"instock","12":"shipping-taxable","13":"purchasable","14":"product-type-simple"},"acf":[],"_links":{"self":[{"href":"https:\/\/e-adams.pl\/de\/wp-json\/wp\/v2\/product\/21287","targetHints":{"allow":["GET"]}}],"collection":[{"href":"https:\/\/e-adams.pl\/de\/wp-json\/wp\/v2\/product"}],"about":[{"href":"https:\/\/e-adams.pl\/de\/wp-json\/wp\/v2\/types\/product"}],"replies":[{"embeddable":true,"href":"https:\/\/e-adams.pl\/de\/wp-json\/wp\/v2\/comments?post=21287"}],"wp:featuredmedia":[{"embeddable":true,"href":"https:\/\/e-adams.pl\/de\/wp-json\/wp\/v2\/media\/21845"}],"wp:attachment":[{"href":"https:\/\/e-adams.pl\/de\/wp-json\/wp\/v2\/media?parent=21287"}],"wp:term":[{"taxonomy":"product_cat","embeddable":true,"href":"https:\/\/e-adams.pl\/de\/wp-json\/wp\/v2\/product_cat?post=21287"},{"taxonomy":"product_tag","embeddable":true,"href":"https:\/\/e-adams.pl\/de\/wp-json\/wp\/v2\/product_tag?post=21287"}],"curies":[{"name":"wp","href":"https:\/\/api.w.org\/{rel}","templated":true}]}}