{"id":21288,"date":"2023-09-12T12:15:14","date_gmt":"2023-09-12T10:15:14","guid":{"rendered":"https:\/\/e-adams.pl\/produkt\/sopro-gm-026-preparat-do-wygladzania-silikonu-05l\/"},"modified":"2024-07-15T11:31:32","modified_gmt":"2024-07-15T09:31:32","slug":"srodek-do-formowania-fug-silikonowych-sopro-gm-026-500ml","status":"publish","type":"product","link":"https:\/\/e-adams.pl\/de\/produkt\/srodek-do-formowania-fug-silikonowych-sopro-gm-026-500ml\/","title":{"rendered":"\u015arodek do formowania fug silikonowych SOPRO GM 026 500ml"},"content":{"rendered":"<h3>OPIS:<\/h3>\n<p>\u015arodek do formowania fug silikonowych SOPRO GM 026 to preparat do formowania silikonu Sopro to wydajny produkt, kt\u00f3ry pomo\u017ce Ci szybko wyprofilowa\u0107 i ukszta\u0142towa\u0107 silikonowe fugi. Jego u\u017cycie wp\u0142ywa pozytywnie na wygl\u0105d p\u0142ytek w kuchni lub w \u0142azience. Zapobiega matowieniu fug w przysz\u0142o\u015bci. To szczeg\u00f3lnie wa\u017cne, je\u015bli wybierasz bezbarwny wariant. Produkt jest gotowy do u\u017cycia od razu po zakupie.<\/p>\n<h3>DANE TECHNICZNE:<\/h3>\n<p>\u2022 Rodzaj: elastyczna<br \/>\n\u2022 Pojemno\u015b\u0107 opakowania: 500ml<br \/>\n\u2022 Kod producenta: 7538<br \/>\n\u2022 Kod EAN: 4005734026506<br \/>\n<b>\u2022 <\/b>Opakowanie:\u00a0butelka z atomizerem<br \/>\n\u2022 Dawkowanie: ok. 20 ml\/mb fugi<br \/>\n\u2022 Minimalna temperatura aplikacji: 5\u00b0C<\/p>\n","protected":false},"excerpt":{"rendered":"<p>\u015arodek do formowania fug silikonowych SOPRO GM 026 to preparat do formowania silikonu Sopro to wydajny produkt, kt\u00f3ry pomo\u017ce Ci szybko wyprofilowa\u0107 i ukszta\u0142towa\u0107 silikonowe fugi. Jego u\u017cycie wp\u0142ywa pozytywnie na wygl\u0105d p\u0142ytek w kuchni lub w \u0142azience. Zapobiega matowieniu fug w przysz\u0142o\u015bci. To szczeg\u00f3lnie wa\u017cne, je\u015bli wybierasz bezbarwny wariant.<\/p>\n","protected":false},"featured_media":22532,"comment_status":"open","ping_status":"closed","template":"","meta":{"_acf_changed":false,"inline_featured_image":false},"product_cat":[1453],"product_tag":[2058,2304],"class_list":{"0":"post-21288","1":"product","2":"type-product","3":"status-publish","4":"has-post-thumbnail","6":"product_cat-fugi-i-silikony","7":"product_tag-sopro","8":"product_tag-srodek-do-fug-silikonowych","10":"first","11":"instock","12":"shipping-taxable","13":"purchasable","14":"product-type-simple"},"acf":[],"_links":{"self":[{"href":"https:\/\/e-adams.pl\/de\/wp-json\/wp\/v2\/product\/21288","targetHints":{"allow":["GET"]}}],"collection":[{"href":"https:\/\/e-adams.pl\/de\/wp-json\/wp\/v2\/product"}],"about":[{"href":"https:\/\/e-adams.pl\/de\/wp-json\/wp\/v2\/types\/product"}],"replies":[{"embeddable":true,"href":"https:\/\/e-adams.pl\/de\/wp-json\/wp\/v2\/comments?post=21288"}],"wp:featuredmedia":[{"embeddable":true,"href":"https:\/\/e-adams.pl\/de\/wp-json\/wp\/v2\/media\/22532"}],"wp:attachment":[{"href":"https:\/\/e-adams.pl\/de\/wp-json\/wp\/v2\/media?parent=21288"}],"wp:term":[{"taxonomy":"product_cat","embeddable":true,"href":"https:\/\/e-adams.pl\/de\/wp-json\/wp\/v2\/product_cat?post=21288"},{"taxonomy":"product_tag","embeddable":true,"href":"https:\/\/e-adams.pl\/de\/wp-json\/wp\/v2\/product_tag?post=21288"}],"curies":[{"name":"wp","href":"https:\/\/api.w.org\/{rel}","templated":true}]}}