{"id":21289,"date":"2023-09-12T12:15:14","date_gmt":"2023-09-12T10:15:14","guid":{"rendered":"https:\/\/e-adams.pl\/produkt\/sopro-sg-602-grunt-odcinajacy-5l\/"},"modified":"2024-07-15T11:31:33","modified_gmt":"2024-07-15T09:31:33","slug":"grunt-odcinajacy-sopro-sg-602-5l","status":"publish","type":"product","link":"https:\/\/e-adams.pl\/de\/produkt\/grunt-odcinajacy-sopro-sg-602-5l\/","title":{"rendered":"Grunt odcinaj\u0105cy SOPRO SG 602 5l"},"content":{"rendered":"<h3>OPIS:<\/h3>\n<p>Grunt odcinaj\u0105cy SOPRO SG 602 na bazie wysokiej jako\u015bci \u017cywicy syntetycznej na pod\u0142o\u017ca o du\u017cej i zr\u00f3\u017cnicowanej ch\u0142onno\u015bci. Szczeg\u00f3lnie zalecany pod nast\u0119pnie nak\u0142adane mineralne zaprawy klejowe, masy szpachlowe i uszczelnienia zespolone.<\/p>\n<h2>Zalecenia i w\u0142a\u015bciwo\u015bci:<\/h2>\n<ul>\n<li>Zalecany na tynki gipsowe pod ok\u0142adziny ceramiczne<\/li>\n<li>Szczeg\u00f3lnie na jastrychy anhydrytowe (pod p\u0142yty o powierzchni \u2264 1,0 m<sup>2<\/sup>)<\/li>\n<li>R\u00f3wnie\u017c na pod\u0142o\u017ca niech\u0142onne<\/li>\n<li>Dzia\u0142a odcinaj\u0105co na wnikanie w pod\u0142o\u017ce wilgoci z zaprawy cementowej<\/li>\n<li>Redukuje nadmiern\u0105 ch\u0142onno\u015b\u0107 i wyr\u00f3wnuje zr\u00f3\u017cnicowan\u0105 ch\u0142onno\u015b\u0107 pod\u0142o\u017ca<\/li>\n<li>Mo\u017cliwo\u015b\u0107 prowadzenia nast\u0119pnych prac po 2-5 godzinach<\/li>\n<li>Zwi\u0119ksza przyczepno\u015b\u0107<\/li>\n<li>W zale\u017cno\u015bci od zastosowania mo\u017cliwo\u015b\u0107 rozcie\u0144czania wod\u0105<\/li>\n<li>Zapobiega tworzeniu si\u0119 p\u0119cherzyk\u00f3w powietrza na powierzchni wylewek samopoziomuj\u0105cych<\/li>\n<\/ul>\n","protected":false},"excerpt":{"rendered":"<p>Grunt odcinaj\u0105cy SOPRO SG 602 na bazie wysokiej jako\u015bci \u017cywicy syntetycznej na pod\u0142o\u017ca o du\u017cej i zr\u00f3\u017cnicowanej ch\u0142onno\u015bci. Szczeg\u00f3lnie zalecany pod nast\u0119pnie nak\u0142adane mineralne zaprawy klejowe, masy szpachlowe i uszczelnienia zespolone.<\/p>\n","protected":false},"featured_media":22085,"comment_status":"open","ping_status":"closed","template":"","meta":{"_acf_changed":false,"inline_featured_image":false},"product_cat":[1455,279,327],"product_tag":[2057,2058],"class_list":{"0":"post-21289","1":"product","2":"type-product","3":"status-publish","4":"has-post-thumbnail","6":"product_cat-grunty-2","7":"product_cat-podklady-gruntujace-zaprawy-kleje-cementy","8":"product_cat-grunty","9":"product_tag-grunt-odcinajacy","10":"product_tag-sopro","12":"first","13":"instock","14":"shipping-taxable","15":"purchasable","16":"product-type-simple"},"acf":[],"_links":{"self":[{"href":"https:\/\/e-adams.pl\/de\/wp-json\/wp\/v2\/product\/21289","targetHints":{"allow":["GET"]}}],"collection":[{"href":"https:\/\/e-adams.pl\/de\/wp-json\/wp\/v2\/product"}],"about":[{"href":"https:\/\/e-adams.pl\/de\/wp-json\/wp\/v2\/types\/product"}],"replies":[{"embeddable":true,"href":"https:\/\/e-adams.pl\/de\/wp-json\/wp\/v2\/comments?post=21289"}],"wp:featuredmedia":[{"embeddable":true,"href":"https:\/\/e-adams.pl\/de\/wp-json\/wp\/v2\/media\/22085"}],"wp:attachment":[{"href":"https:\/\/e-adams.pl\/de\/wp-json\/wp\/v2\/media?parent=21289"}],"wp:term":[{"taxonomy":"product_cat","embeddable":true,"href":"https:\/\/e-adams.pl\/de\/wp-json\/wp\/v2\/product_cat?post=21289"},{"taxonomy":"product_tag","embeddable":true,"href":"https:\/\/e-adams.pl\/de\/wp-json\/wp\/v2\/product_tag?post=21289"}],"curies":[{"name":"wp","href":"https:\/\/api.w.org\/{rel}","templated":true}]}}