{"id":21292,"date":"2023-09-12T12:15:16","date_gmt":"2023-09-12T10:15:16","guid":{"rendered":"https:\/\/e-adams.pl\/produkt\/szpachelka-nierdz-120mm-abs-5574\/"},"modified":"2024-07-15T11:31:22","modified_gmt":"2024-07-15T09:31:22","slug":"szpachelka-nierdzewna-abs-solid-120mm","status":"publish","type":"product","link":"https:\/\/e-adams.pl\/de\/produkt\/szpachelka-nierdzewna-abs-solid-120mm\/","title":{"rendered":"Szpachelka nierdzewna ABS SOLID 120mm"},"content":{"rendered":"<h3>OPIS:<\/h3>\n<p>Szpachelka nierdzewna ABS <a href=\"https:\/\/e-adams.pl\/solid\">SOLID<\/a>\u00a0to narz\u0119dzie niezb\u0119dne podczas wi\u0119kszo\u015bci ma\u0142ych i du\u017cych prac remontowych, malarskich i budowlanych. Do uzupe\u0142niania drobnych ubytk\u00f3w g\u0142adzi\u0105 lub gipsem, zaklejania dziur, wype\u0142niania bruzd, zeskrobywania ze \u015bcian starych, \u0142uszcz\u0105cych si\u0119 warstw i zanieczyszcze\u0144, zdzierania nadmiaru gipsu, zaprawy czy zaciek\u00f3w od farby w celu wyr\u00f3wnania powierzchni.<\/p>\n<p>Praca ni\u0105 jest efektywna i daje poczucie kontroli nad wykonywan\u0105 czynno\u015bci\u0105.<\/p>\n<h3>DANE TECHNICZNE:<\/h3>\n<ul>\n<li>stal nierdzewna<\/li>\n<li>super elastyczna<\/li>\n<li>rozmiar 120mm<\/li>\n<li>kod EAN: 5906554518266<\/li>\n<li>kod producenta: 5574<\/li>\n<\/ul>\n","protected":false},"excerpt":{"rendered":"<p>Szpachelka nierdzewna ABS SOLID to narz\u0119dzie niezb\u0119dne podczas wi\u0119kszo\u015bci ma\u0142ych i du\u017cych prac remontowych, malarskich i budowlanych. Do uzupe\u0142niania drobnych ubytk\u00f3w g\u0142adzi\u0105 lub gipsem, zaklejania dziur, wype\u0142niania bruzd, zeskrobywania ze \u015bcian starych, \u0142uszcz\u0105cych si\u0119 warstw i zanieczyszcze\u0144, zdzierania nadmiaru gipsu, zaprawy czy zaciek\u00f3w od farby w celu wyr\u00f3wnania powierzchni.<\/p>\n","protected":false},"featured_media":22574,"comment_status":"open","ping_status":"closed","template":"","meta":{"_acf_changed":false,"inline_featured_image":false},"product_cat":[196],"product_tag":[1815,2317],"class_list":{"0":"post-21292","1":"product","2":"type-product","3":"status-publish","4":"has-post-thumbnail","6":"product_cat-narzedzia-reczne","7":"product_tag-solid","8":"product_tag-szpachelka-nierdzewna-abs","10":"first","11":"instock","12":"shipping-taxable","13":"purchasable","14":"product-type-simple"},"acf":[],"_links":{"self":[{"href":"https:\/\/e-adams.pl\/de\/wp-json\/wp\/v2\/product\/21292","targetHints":{"allow":["GET"]}}],"collection":[{"href":"https:\/\/e-adams.pl\/de\/wp-json\/wp\/v2\/product"}],"about":[{"href":"https:\/\/e-adams.pl\/de\/wp-json\/wp\/v2\/types\/product"}],"replies":[{"embeddable":true,"href":"https:\/\/e-adams.pl\/de\/wp-json\/wp\/v2\/comments?post=21292"}],"wp:featuredmedia":[{"embeddable":true,"href":"https:\/\/e-adams.pl\/de\/wp-json\/wp\/v2\/media\/22574"}],"wp:attachment":[{"href":"https:\/\/e-adams.pl\/de\/wp-json\/wp\/v2\/media?parent=21292"}],"wp:term":[{"taxonomy":"product_cat","embeddable":true,"href":"https:\/\/e-adams.pl\/de\/wp-json\/wp\/v2\/product_cat?post=21292"},{"taxonomy":"product_tag","embeddable":true,"href":"https:\/\/e-adams.pl\/de\/wp-json\/wp\/v2\/product_tag?post=21292"}],"curies":[{"name":"wp","href":"https:\/\/api.w.org\/{rel}","templated":true}]}}