{"id":21293,"date":"2023-09-12T12:15:17","date_gmt":"2023-09-12T10:15:17","guid":{"rendered":"https:\/\/e-adams.pl\/produkt\/szpachelka-nierdz-150mm-2k-z-bitem-ph2-6278\/"},"modified":"2024-07-15T11:31:32","modified_gmt":"2024-07-15T09:31:32","slug":"szpachelka-malarska-ph2-solid-z-bitem-150mm-2k","status":"publish","type":"product","link":"https:\/\/e-adams.pl\/de\/produkt\/szpachelka-malarska-ph2-solid-z-bitem-150mm-2k\/","title":{"rendered":"Szpachelka malarska PH2 SOLID z bitem 150mm 2K"},"content":{"rendered":"<h3>OPIS:<\/h3>\n<p>Szpachelka malarska PH2 SOLID z bitem &#8211; narz\u0119dzie to jest wykorzystywane do wybierania r\u00f3\u017cnych substancji, takich jak farby, kleje, masy szpachlowe czy cement, z wn\u0119trza wiadra. Dzi\u0119ki szerokiej g\u0142owicy mo\u017cna \u0142atwo odrywa\u0107 substancje od \u015bcianek pojemnika, a nast\u0119pnie przek\u0142ada\u0107 je w inne miejsce. Szpachelka wybierak jest szczeg\u00f3lnie przydatna przy czyszczeniu wiadra po pracy.<\/p>\n<p>Do uzupe\u0142niania drobnych ubytk\u00f3w g\u0142adzi\u0105 lub gipsem, zaklejania dziur, wype\u0142niania bruzd, zeskrobywania ze \u015bcian starych, \u0142uszcz\u0105cych si\u0119 warstw i zanieczyszcze\u0144, zdzierania nadmiaru gipsu, zaprawy czy zaciek\u00f3w od farby w celu wyr\u00f3wnania powierzchni.<\/p>\n<p>Praca ni\u0105 jest efektywna i daje poczucie kontroli nad wykonywan\u0105 czynno\u015bci\u0105.<\/p>\n<h3>DANE TECHNICZNE:<\/h3>\n<ul>\n<li>stal nierdzewna<\/li>\n<li>rozmiar 150mm<\/li>\n<li>kod EAN: 5903076903075<\/li>\n<li>kod producenta: 6278<\/li>\n<\/ul>\n","protected":false},"excerpt":{"rendered":"<p>Szpachelka malarska PH2 SOLID z bitem &#8211; narz\u0119dzie to jest wykorzystywane do wybierania r\u00f3\u017cnych substancji, takich jak farby, kleje, masy szpachlowe czy cement, z wn\u0119trza wiadra. Dzi\u0119ki szerokiej g\u0142owicy mo\u017cna \u0142atwo odrywa\u0107 substancje od \u015bcianek pojemnika, a nast\u0119pnie przek\u0142ada\u0107 je w inne miejsce. Szpachelka wybierak jest szczeg\u00f3lnie przydatna przy czyszczeniu wiadra po pracy.<\/p>\n","protected":false},"featured_media":22571,"comment_status":"open","ping_status":"closed","template":"","meta":{"_acf_changed":false,"inline_featured_image":false},"product_cat":[196],"product_tag":[1815,2316],"class_list":{"0":"post-21293","1":"product","2":"type-product","3":"status-publish","4":"has-post-thumbnail","6":"product_cat-narzedzia-reczne","7":"product_tag-solid","8":"product_tag-szpachelka-malarska","10":"first","11":"instock","12":"shipping-taxable","13":"purchasable","14":"product-type-simple"},"acf":[],"_links":{"self":[{"href":"https:\/\/e-adams.pl\/de\/wp-json\/wp\/v2\/product\/21293","targetHints":{"allow":["GET"]}}],"collection":[{"href":"https:\/\/e-adams.pl\/de\/wp-json\/wp\/v2\/product"}],"about":[{"href":"https:\/\/e-adams.pl\/de\/wp-json\/wp\/v2\/types\/product"}],"replies":[{"embeddable":true,"href":"https:\/\/e-adams.pl\/de\/wp-json\/wp\/v2\/comments?post=21293"}],"wp:featuredmedia":[{"embeddable":true,"href":"https:\/\/e-adams.pl\/de\/wp-json\/wp\/v2\/media\/22571"}],"wp:attachment":[{"href":"https:\/\/e-adams.pl\/de\/wp-json\/wp\/v2\/media?parent=21293"}],"wp:term":[{"taxonomy":"product_cat","embeddable":true,"href":"https:\/\/e-adams.pl\/de\/wp-json\/wp\/v2\/product_cat?post=21293"},{"taxonomy":"product_tag","embeddable":true,"href":"https:\/\/e-adams.pl\/de\/wp-json\/wp\/v2\/product_tag?post=21293"}],"curies":[{"name":"wp","href":"https:\/\/api.w.org\/{rel}","templated":true}]}}