{"id":21295,"date":"2023-09-12T12:15:18","date_gmt":"2023-09-12T10:15:18","guid":{"rendered":"https:\/\/e-adams.pl\/produkt\/szpachelka-wenecka-srednia-100-magnat-style\/"},"modified":"2024-07-15T11:31:20","modified_gmt":"2024-07-15T09:31:20","slug":"szpachelka-wenecka-magnat-100mm","status":"publish","type":"product","link":"https:\/\/e-adams.pl\/de\/produkt\/szpachelka-wenecka-magnat-100mm\/","title":{"rendered":"Szpachelka wenecka MAGNAT 100mm"},"content":{"rendered":"<h3>OPIS:<\/h3>\n<p>Szpachelka wenecka MAGNAT to narz\u0119dzie niezb\u0119dne podczas wi\u0119kszo\u015bci ma\u0142ych i du\u017cych prac remontowych, malarskich i budowlanych. Do uzupe\u0142niania drobnych ubytk\u00f3w g\u0142adzi\u0105 lub gipsem, zaklejania dziur, wype\u0142niania bruzd, zeskrobywania ze \u015bcian starych, \u0142uszcz\u0105cych si\u0119 warstw i zanieczyszcze\u0144, zdzierania nadmiaru gipsu, zaprawy czy zaciek\u00f3w od farby w celu wyr\u00f3wnania powierzchni. Praca ni\u0105 jest efektywna i daje poczucie kontroli nad wykonywan\u0105 czynno\u015bci\u0105.<\/p>\n<h3>DANE TECHNICZNE:<\/h3>\n<ul>\n<li>stal nierdzewna<\/li>\n<li>uchwyt\u00a0\u00a0drewniany<\/li>\n<li>super elastyczna<\/li>\n<li>rozmiar 100mm<\/li>\n<\/ul>\n","protected":false},"excerpt":{"rendered":"<p>Szpachelka wenecka MAGNAT to narz\u0119dzie niezb\u0119dne podczas wi\u0119kszo\u015bci ma\u0142ych i du\u017cych prac remontowych, malarskich i budowlanych. Do uzupe\u0142niania drobnych ubytk\u00f3w g\u0142adzi\u0105 lub gipsem, zaklejania dziur, wype\u0142niania bruzd, zeskrobywania ze \u015bcian starych, \u0142uszcz\u0105cych si\u0119 warstw i zanieczyszcze\u0144, zdzierania nadmiaru gipsu, zaprawy czy zaciek\u00f3w od farby w celu wyr\u00f3wnania powierzchni. Praca ni\u0105 jest efektywna i daje poczucie kontroli nad wykonywan\u0105 czynno\u015bci\u0105.<\/p>\n","protected":false},"featured_media":22479,"comment_status":"open","ping_status":"closed","template":"","meta":{"_acf_changed":false,"inline_featured_image":false},"product_cat":[196],"product_tag":[166,2259],"class_list":{"0":"post-21295","1":"product","2":"type-product","3":"status-publish","4":"has-post-thumbnail","6":"product_cat-narzedzia-reczne","7":"product_tag-magnat","8":"product_tag-szpachelka-wenecka","10":"first","11":"outofstock","12":"shipping-taxable","13":"purchasable","14":"product-type-simple"},"acf":[],"_links":{"self":[{"href":"https:\/\/e-adams.pl\/de\/wp-json\/wp\/v2\/product\/21295","targetHints":{"allow":["GET"]}}],"collection":[{"href":"https:\/\/e-adams.pl\/de\/wp-json\/wp\/v2\/product"}],"about":[{"href":"https:\/\/e-adams.pl\/de\/wp-json\/wp\/v2\/types\/product"}],"replies":[{"embeddable":true,"href":"https:\/\/e-adams.pl\/de\/wp-json\/wp\/v2\/comments?post=21295"}],"wp:featuredmedia":[{"embeddable":true,"href":"https:\/\/e-adams.pl\/de\/wp-json\/wp\/v2\/media\/22479"}],"wp:attachment":[{"href":"https:\/\/e-adams.pl\/de\/wp-json\/wp\/v2\/media?parent=21295"}],"wp:term":[{"taxonomy":"product_cat","embeddable":true,"href":"https:\/\/e-adams.pl\/de\/wp-json\/wp\/v2\/product_cat?post=21295"},{"taxonomy":"product_tag","embeddable":true,"href":"https:\/\/e-adams.pl\/de\/wp-json\/wp\/v2\/product_tag?post=21295"}],"curies":[{"name":"wp","href":"https:\/\/api.w.org\/{rel}","templated":true}]}}