{"id":21296,"date":"2023-09-12T12:15:19","date_gmt":"2023-09-12T10:15:19","guid":{"rendered":"https:\/\/e-adams.pl\/produkt\/szpachla-do-gladzi-150-90mm-r-2k-k-5-6099\/"},"modified":"2024-02-15T11:49:22","modified_gmt":"2024-02-15T10:49:22","slug":"szpachla-do-gladzi-solid-150-90mm-r-2k","status":"publish","type":"product","link":"https:\/\/e-adams.pl\/de\/produkt\/szpachla-do-gladzi-solid-150-90mm-r-2k\/","title":{"rendered":"Szpachla do g\u0142adzi SOLID 150\/90mm r.2K"},"content":{"rendered":"<h3>OPIS:<\/h3>\n<p>Szpachla do g\u0142adzi <a href=\"https:\/\/e-adams.pl\/solid\">SOLID<\/a> ze stali nierdzewnej, kwasoodpornej z odlewanym gryfem i r\u0105czk\u0105 pokryt\u0105 antypo\u015blizgow\u0105 gum\u0105. Podobnie do wszystkich narz\u0119dzi z firmy SOLID kielnia to produkt najwy\u017cszej jako\u015bci przeznaczony profesjonalist\u00f3w oraz majsterkowicz\u00f3w ceni\u0105cych sobie niezawodno\u015b\u0107 i najwy\u017cszy poziom wykonania.<\/p>\n<h3>DANE TECHNICZNE:<\/h3>\n<p>\u2022 Kod Producenta: 42885<br \/>\n\u2022 Waga: 0.5<br \/>\n\u2022 EAN: 5906554516231<br \/>\n\u2022 Szeroko\u015b\u0107: 150 mm<br \/>\n\u2022 Blacha: nierdzewna, kwasoodporna<br \/>\n\u2022 Grubo\u015b\u0107 blachy: 0,4 mm<br \/>\n\u2022 R\u0105czka: dwukomponentowa antypo\u015blizgowa<\/p>\n","protected":false},"excerpt":{"rendered":"<p>Szpachla do g\u0142adzi SOLID ze stali nierdzewnej, kwasoodpornej z odlewanym gryfem i r\u0105czk\u0105 pokryt\u0105 antypo\u015blizgow\u0105 gum\u0105. Podobnie do wszystkich narz\u0119dzi z firmy SOLID kielnia to produkt najwy\u017cszej jako\u015bci przeznaczony profesjonalist\u00f3w oraz majsterkowicz\u00f3w ceni\u0105cych sobie niezawodno\u015b\u0107 i najwy\u017cszy poziom wykonania.<\/p>\n","protected":false},"featured_media":22366,"comment_status":"open","ping_status":"closed","template":"","meta":{"_acf_changed":false,"inline_featured_image":false},"product_cat":[196],"product_tag":[1815,1829],"class_list":{"0":"post-21296","1":"product","2":"type-product","3":"status-publish","4":"has-post-thumbnail","6":"product_cat-narzedzia-reczne","7":"product_tag-solid","8":"product_tag-szpachla-do-gladzi","10":"first","11":"instock","12":"shipping-taxable","13":"purchasable","14":"product-type-simple"},"acf":[],"_links":{"self":[{"href":"https:\/\/e-adams.pl\/de\/wp-json\/wp\/v2\/product\/21296","targetHints":{"allow":["GET"]}}],"collection":[{"href":"https:\/\/e-adams.pl\/de\/wp-json\/wp\/v2\/product"}],"about":[{"href":"https:\/\/e-adams.pl\/de\/wp-json\/wp\/v2\/types\/product"}],"replies":[{"embeddable":true,"href":"https:\/\/e-adams.pl\/de\/wp-json\/wp\/v2\/comments?post=21296"}],"wp:featuredmedia":[{"embeddable":true,"href":"https:\/\/e-adams.pl\/de\/wp-json\/wp\/v2\/media\/22366"}],"wp:attachment":[{"href":"https:\/\/e-adams.pl\/de\/wp-json\/wp\/v2\/media?parent=21296"}],"wp:term":[{"taxonomy":"product_cat","embeddable":true,"href":"https:\/\/e-adams.pl\/de\/wp-json\/wp\/v2\/product_cat?post=21296"},{"taxonomy":"product_tag","embeddable":true,"href":"https:\/\/e-adams.pl\/de\/wp-json\/wp\/v2\/product_tag?post=21296"}],"curies":[{"name":"wp","href":"https:\/\/api.w.org\/{rel}","templated":true}]}}