{"id":21302,"date":"2023-09-12T12:15:23","date_gmt":"2023-09-12T10:15:23","guid":{"rendered":"https:\/\/e-adams.pl\/produkt\/szpachla-nierdz-fasadowa-350-60mm-r-2k-k-5-6090\/"},"modified":"2024-05-10T11:02:22","modified_gmt":"2024-05-10T09:02:22","slug":"szpachla-fasadowa-solid-350-60mm-r-2k","status":"publish","type":"product","link":"https:\/\/e-adams.pl\/de\/produkt\/szpachla-fasadowa-solid-350-60mm-r-2k\/","title":{"rendered":"Szpachla fasadowa SOLID 350\/60mm r. 2K"},"content":{"rendered":"<h3>OPIS:<\/h3>\n<p>Szpachla fasadowa <a href=\"https:\/\/e-adams.pl\/solid\">SOLID<\/a> kt\u00f3rej ostrze wykonane jest ze elastycznej stali nierdzewnej, kwasoodpornej o grubo\u015bci 0,5 mm. Doskonale nadaje si\u0119 do g\u0142adzi gipsowych i nak\u0142adania tynk\u00f3w. Pozostawia idealnie g\u0142adk\u0105 powierzchni\u0119 robocz\u0105. Profil wykonany jest z aluminium o podwy\u017cszonej sztywno\u015bci.<\/p>\n<p>Szpachla wyposa\u017cona jest w r\u0105czk\u0119 dwukomponentow\u0105, dzi\u0119ki czemu wygodnie i pewnie le\u017cy w d\u0142oni. Szpachla fasadowa przeznaczona do nak\u0142adania i rozprowadzania g\u0142adzi gipsowych.<\/p>\n<h3>DANE TECHNICZNE:<\/h3>\n<ul>\n<li>symbol: 6090<\/li>\n<li>EAN: 5906554514114<\/li>\n<li>materia\u0142 ostrza: stal nierdzewna, kwasoodporna<\/li>\n<li>grubo\u015b\u0107: 0,5 mm<\/li>\n<li>profil: aluminium o podwy\u017cszonej sztywno\u015bci<\/li>\n<li>r\u0105czka: dwukomponentowa<\/li>\n<\/ul>\n","protected":false},"excerpt":{"rendered":"<p>Szpachla fasadowa <a href=\"https:\/\/e-adams.pl\/solid\">SOLID<\/a> kt\u00f3rej ostrze wykonane jest ze elastycznej stali nierdzewnej, kwasoodpornej o grubo\u015bci 0,5 mm. Doskonale nadaje si\u0119 do g\u0142adzi gipsowych i nak\u0142adania tynk\u00f3w. Pozostawia idealnie g\u0142adk\u0105 powierzchni\u0119 robocz\u0105. Profil wykonany jest z aluminium o podwy\u017cszonej sztywno\u015bci.<\/p>\n","protected":false},"featured_media":22377,"comment_status":"open","ping_status":"closed","template":"","meta":{"_acf_changed":false,"inline_featured_image":false},"product_cat":[196],"product_tag":[1815,2198],"class_list":{"0":"post-21302","1":"product","2":"type-product","3":"status-publish","4":"has-post-thumbnail","6":"product_cat-narzedzia-reczne","7":"product_tag-solid","8":"product_tag-szpachla-fasadowa","10":"first","11":"instock","12":"shipping-taxable","13":"purchasable","14":"product-type-simple"},"acf":[],"_links":{"self":[{"href":"https:\/\/e-adams.pl\/de\/wp-json\/wp\/v2\/product\/21302","targetHints":{"allow":["GET"]}}],"collection":[{"href":"https:\/\/e-adams.pl\/de\/wp-json\/wp\/v2\/product"}],"about":[{"href":"https:\/\/e-adams.pl\/de\/wp-json\/wp\/v2\/types\/product"}],"replies":[{"embeddable":true,"href":"https:\/\/e-adams.pl\/de\/wp-json\/wp\/v2\/comments?post=21302"}],"wp:featuredmedia":[{"embeddable":true,"href":"https:\/\/e-adams.pl\/de\/wp-json\/wp\/v2\/media\/22377"}],"wp:attachment":[{"href":"https:\/\/e-adams.pl\/de\/wp-json\/wp\/v2\/media?parent=21302"}],"wp:term":[{"taxonomy":"product_cat","embeddable":true,"href":"https:\/\/e-adams.pl\/de\/wp-json\/wp\/v2\/product_cat?post=21302"},{"taxonomy":"product_tag","embeddable":true,"href":"https:\/\/e-adams.pl\/de\/wp-json\/wp\/v2\/product_tag?post=21302"}],"curies":[{"name":"wp","href":"https:\/\/api.w.org\/{rel}","templated":true}]}}