{"id":21306,"date":"2023-09-12T12:15:27","date_gmt":"2023-09-12T10:15:27","guid":{"rendered":"https:\/\/e-adams.pl\/produkt\/szpachla-nierdz-130-37-a-70-5323\/"},"modified":"2024-07-15T11:31:18","modified_gmt":"2024-07-15T09:31:18","slug":"szpachla-nierdzewna-solid-130-37mm","status":"publish","type":"product","link":"https:\/\/e-adams.pl\/de\/produkt\/szpachla-nierdzewna-solid-130-37mm\/","title":{"rendered":"Szpachla nierdzewna SOLID 130\/37mm"},"content":{"rendered":"<h3>OPIS:<\/h3>\n<p><a href=\"https:\/\/e-adams.pl\/solid\">Szpachla nierdzewna SOLID<\/a> kt\u00f3rej ostrze wykonane jest ze elastycznej stali nierdzewnej. Doskonale nadaje si\u0119 do g\u0142adzi gipsowych i nak\u0142adania tynk\u00f3w. Pozostawia idealnie g\u0142adk\u0105 powierzchni\u0119 robocz\u0105. Szpachla wyposa\u017cona jest w r\u0105czk\u0119 dzi\u0119ki kt\u00f3rej wygodnie i pewnie le\u017cy w d\u0142oni. Narz\u0119dzie niezb\u0119dne podczas wi\u0119kszo\u015bci ma\u0142ych i du\u017cych prac remontowych, malarskich i budowlanych.<\/p>\n<h3>DANE TECHNICZNE:<\/h3>\n<p>\u2022 kod producenta: 5323<br \/>\n\u2022 kod EAN : 5906554514763<\/p>\n","protected":false},"excerpt":{"rendered":"<p><a href=\"https:\/\/e-adams.pl\/solid\">Szpachla nierdzewna SOLID<\/a> kt\u00f3rej ostrze wykonane jest ze elastycznej stali nierdzewnej. Doskonale nadaje si\u0119 do g\u0142adzi gipsowych i nak\u0142adania tynk\u00f3w. Pozostawia idealnie g\u0142adk\u0105 powierzchni\u0119 robocz\u0105. Szpachla wyposa\u017cona jest w r\u0105czk\u0119 dzi\u0119ki kt\u00f3rej wygodnie i pewnie le\u017cy w d\u0142oni. Narz\u0119dzie niezb\u0119dne podczas wi\u0119kszo\u015bci ma\u0142ych i du\u017cych prac remontowych, malarskich i budowlanych.<\/p>\n","protected":false},"featured_media":22379,"comment_status":"open","ping_status":"closed","template":"","meta":{"_acf_changed":false,"inline_featured_image":false},"product_cat":[196],"product_tag":[1815,2199],"class_list":{"0":"post-21306","1":"product","2":"type-product","3":"status-publish","4":"has-post-thumbnail","6":"product_cat-narzedzia-reczne","7":"product_tag-solid","8":"product_tag-szpachla-nierdzewna","10":"first","11":"instock","12":"shipping-taxable","13":"purchasable","14":"product-type-simple"},"acf":[],"_links":{"self":[{"href":"https:\/\/e-adams.pl\/de\/wp-json\/wp\/v2\/product\/21306","targetHints":{"allow":["GET"]}}],"collection":[{"href":"https:\/\/e-adams.pl\/de\/wp-json\/wp\/v2\/product"}],"about":[{"href":"https:\/\/e-adams.pl\/de\/wp-json\/wp\/v2\/types\/product"}],"replies":[{"embeddable":true,"href":"https:\/\/e-adams.pl\/de\/wp-json\/wp\/v2\/comments?post=21306"}],"wp:featuredmedia":[{"embeddable":true,"href":"https:\/\/e-adams.pl\/de\/wp-json\/wp\/v2\/media\/22379"}],"wp:attachment":[{"href":"https:\/\/e-adams.pl\/de\/wp-json\/wp\/v2\/media?parent=21306"}],"wp:term":[{"taxonomy":"product_cat","embeddable":true,"href":"https:\/\/e-adams.pl\/de\/wp-json\/wp\/v2\/product_cat?post=21306"},{"taxonomy":"product_tag","embeddable":true,"href":"https:\/\/e-adams.pl\/de\/wp-json\/wp\/v2\/product_tag?post=21306"}],"curies":[{"name":"wp","href":"https:\/\/api.w.org\/{rel}","templated":true}]}}