{"id":21310,"date":"2023-09-12T12:15:30","date_gmt":"2023-09-12T10:15:30","guid":{"rendered":"https:\/\/e-adams.pl\/produkt\/szpachla-premium-do-gladzi-550-90mm-r-2k-k-5-6353\/"},"modified":"2024-05-10T11:02:24","modified_gmt":"2024-05-10T09:02:24","slug":"szpachla-premium-do-gladzi-solid-professional-series-r-2k-550-90mm","status":"publish","type":"product","link":"https:\/\/e-adams.pl\/de\/produkt\/szpachla-premium-do-gladzi-solid-professional-series-r-2k-550-90mm\/","title":{"rendered":"Szpachla Premium do g\u0142adzi SOLID PROFESSIONAL SERIES r. 2K 550 &#8211; 90mm"},"content":{"rendered":"<h3>Opis:<\/h3>\n<p>Szpachla do g\u0142adzi <a href=\"https:\/\/e-adams.pl\/solid\/\">Solid Professional Series<\/a>, zwana tak\u017ce szpachelk\u0105 lub \u0142opatk\u0105 szpachlow\u0105, to narz\u0119dzie u\u017cywane w celu wyg\u0142adzenia powierzchni r\u00f3\u017cnych materia\u0142\u00f3w budowlanych, takich jak \u015bciany, sufit czy elementy drewniane. Szpachla jest dost\u0119pna w r\u00f3\u017cnych rozmiarach i kszta\u0142tach, co pozwala na jej wszechstronne zastosowanie w wielu rodzajach prac remontowe i budowlanych. Jest niezb\u0119dna przy monta\u017cu p\u0142yt gipsowo-kartonowych, gdzie stosuje si\u0119 j\u0105 do zaszpachlowania szw\u00f3w i po\u0142\u0105cze\u0144 mi\u0119dzy p\u0142ytami oraz do wyg\u0142adzania powierzchni przed malowaniem lub tapetowaniem.<\/p>\n<h2>Zastosowanie:<\/h2>\n<p>Szpachla jest u\u017cywana do nak\u0142adania masy szpachlowej lub gipsowej na powierzchnie \u015bcian i sufit\u00f3w w celu usuni\u0119cia nier\u00f3wno\u015bci, p\u0119kni\u0119\u0107, ubytk\u00f3w czy innych defekt\u00f3w.<\/p>\n<h3>W\u0142a\u015bciwo\u015bci:<\/h3>\n<p>&#8211; stal nierdzewna, kwasoodporna, grubo\u015b\u0107: 0,3 mm,<\/p>\n<p>&#8211; profil aluminiowy o podwy\u017cszonej sztywno\u015bci,<\/p>\n<p>&#8211; zaokr\u0105glone kraw\u0119dzie.<\/p>\n","protected":false},"excerpt":{"rendered":"<p>Szpachla Solid Professional Series to podstawowe narz\u0119dzie w bran\u017cy budowlanej i remontowej, kt\u00f3re pozwala na osi\u0105gni\u0119cie estetycznych i trwa\u0142ych efekt\u00f3w poprzez wyg\u0142adzanie i przygotowywanie powierzchni do dalszych prac wyko\u0144czeniowych. Wa\u017cne jest umiej\u0119tne pos\u0142ugiwanie si\u0119 szpachelk\u0105 oraz dob\u00f3r odpowiedniej masy szpachlowej do konkretnego zadania, aby uzyska\u0107 najlepsze rezultaty.<\/p>\n","protected":false},"featured_media":21460,"comment_status":"open","ping_status":"closed","template":"","meta":{"_acf_changed":false,"inline_featured_image":false},"product_cat":[196],"product_tag":[1828,1826,1829],"class_list":{"0":"post-21310","1":"product","2":"type-product","3":"status-publish","4":"has-post-thumbnail","6":"product_cat-narzedzia-reczne","7":"product_tag-nakladania-masy","8":"product_tag-powierzchnie-scian","9":"product_tag-szpachla-do-gladzi","11":"first","12":"instock","13":"shipping-taxable","14":"purchasable","15":"product-type-simple"},"acf":[],"_links":{"self":[{"href":"https:\/\/e-adams.pl\/de\/wp-json\/wp\/v2\/product\/21310","targetHints":{"allow":["GET"]}}],"collection":[{"href":"https:\/\/e-adams.pl\/de\/wp-json\/wp\/v2\/product"}],"about":[{"href":"https:\/\/e-adams.pl\/de\/wp-json\/wp\/v2\/types\/product"}],"replies":[{"embeddable":true,"href":"https:\/\/e-adams.pl\/de\/wp-json\/wp\/v2\/comments?post=21310"}],"wp:featuredmedia":[{"embeddable":true,"href":"https:\/\/e-adams.pl\/de\/wp-json\/wp\/v2\/media\/21460"}],"wp:attachment":[{"href":"https:\/\/e-adams.pl\/de\/wp-json\/wp\/v2\/media?parent=21310"}],"wp:term":[{"taxonomy":"product_cat","embeddable":true,"href":"https:\/\/e-adams.pl\/de\/wp-json\/wp\/v2\/product_cat?post=21310"},{"taxonomy":"product_tag","embeddable":true,"href":"https:\/\/e-adams.pl\/de\/wp-json\/wp\/v2\/product_tag?post=21310"}],"curies":[{"name":"wp","href":"https:\/\/api.w.org\/{rel}","templated":true}]}}