{"id":21312,"date":"2023-09-12T12:15:31","date_gmt":"2023-09-12T10:15:31","guid":{"rendered":"https:\/\/e-adams.pl\/produkt\/tapemix-plus-naroznik-zewnetrzny-jurga\/"},"modified":"2024-07-15T11:31:16","modified_gmt":"2024-07-15T09:31:16","slug":"naroznik-zewnetrzny-jurga-tapemix-plus","status":"publish","type":"product","link":"https:\/\/e-adams.pl\/de\/produkt\/naroznik-zewnetrzny-jurga-tapemix-plus\/","title":{"rendered":"Naro\u017cnik zewn\u0119trzny JURGA TAPEMIX PLUS"},"content":{"rendered":"<h3>OPIS:<\/h3>\n<p>Naro\u017cnik zewn\u0119trzny JURGA TAPEMIX PLUS to wodoszczelna, wysoko elastyczna i wytrzyma\u0142a ta\u015bma z w\u0142\u00f3kniny PP z termoplastycznym elastomerem. Zwi\u0119ksza szczelno\u015b\u0107 miejsc szczeg\u00f3lnie nara\u017conych na zawilgocenie pod ok\u0142adzinami ceramicznymi (naro\u017ca, styki \u015bcian ze \u015bcian\u0105 i \u015bcian z pod\u0142og\u0105 itp.).<\/p>\n<p>Mo\u017ce by\u0107 stosowana na pod\u0142ogach i \u015bcianach, wewn\u0105trz i na zewn\u0105trz budynku.<\/p>\n<h2>Spos\u00f3b u\u017cycia:<\/h2>\n<p>Pod\u0142o\u017ce musi by\u0107 mocne, suche, czyste, wolne od olej\u00f3w, smar\u00f3w i innych pozosta\u0142o\u015bci zmniejszaj\u0105cych przyczepno\u015b\u0107. W miejscu styku posadzki ze \u015bcian\u0105 lub \u015bciany ze \u015bcian\u0105 nanie\u015b\u0107 na obu p\u0142aszczyznach mas\u0119 uszczelniaj\u0105c\u0105. TAPEMIX zatopi\u0107 w \u015bwie\u017cej masie uszczelniaj\u0105cej i docisn\u0105\u0107.<\/p>\n<p>Do uciskania ta\u015bmy nie u\u017cywa\u0107 narz\u0119dzi o ostrych kraw\u0119dziach. Po doci\u015bni\u0119ciu ta\u015bmy pokry\u0107 naro\u017ce i zatopion\u0105 ta\u015bm\u0119 jeszcze jedn\u0105 warstw\u0105 uszczelniaj\u0105c\u0105. W naro\u017cach zastosowa\u0107 odpowiednie elementy systemy: naro\u017cniki wewn\u0119trzne lub zewn\u0119trzne. Do uszczelnienia wyprowadze\u0144 rur, zastosowa\u0107 odpowiednie mankiety \u015bcienne lub pod\u0142ogowe.<\/p>\n<p>&nbsp;<\/p>\n","protected":false},"excerpt":{"rendered":"<p>Naro\u017cnik zewn\u0119trzny JURGA TAPEMIX PLUS to wodoszczelna, wysoko elastyczna i wytrzyma\u0142a ta\u015bma z w\u0142\u00f3kniny PP z termoplastycznym elastomerem. Zwi\u0119ksza szczelno\u015b\u0107 miejsc szczeg\u00f3lnie nara\u017conych na zawilgocenie pod ok\u0142adzinami ceramicznymi (naro\u017ca, styki \u015bcian ze \u015bcian\u0105 i \u015bcian z pod\u0142og\u0105 itp.).<\/p>\n","protected":false},"featured_media":22603,"comment_status":"open","ping_status":"closed","template":"","meta":{"_acf_changed":false,"inline_featured_image":false},"product_cat":[1473],"product_tag":[2339,2251,2338],"class_list":{"0":"post-21312","1":"product","2":"type-product","3":"status-publish","4":"has-post-thumbnail","6":"product_cat-tasmy-uszczelniajace-i-narozniki","7":"product_tag-juega","8":"product_tag-naroznik-zewnetrzny","9":"product_tag-tapemix-plus","11":"first","12":"instock","13":"shipping-taxable","14":"purchasable","15":"product-type-simple"},"acf":[],"_links":{"self":[{"href":"https:\/\/e-adams.pl\/de\/wp-json\/wp\/v2\/product\/21312","targetHints":{"allow":["GET"]}}],"collection":[{"href":"https:\/\/e-adams.pl\/de\/wp-json\/wp\/v2\/product"}],"about":[{"href":"https:\/\/e-adams.pl\/de\/wp-json\/wp\/v2\/types\/product"}],"replies":[{"embeddable":true,"href":"https:\/\/e-adams.pl\/de\/wp-json\/wp\/v2\/comments?post=21312"}],"wp:featuredmedia":[{"embeddable":true,"href":"https:\/\/e-adams.pl\/de\/wp-json\/wp\/v2\/media\/22603"}],"wp:attachment":[{"href":"https:\/\/e-adams.pl\/de\/wp-json\/wp\/v2\/media?parent=21312"}],"wp:term":[{"taxonomy":"product_cat","embeddable":true,"href":"https:\/\/e-adams.pl\/de\/wp-json\/wp\/v2\/product_cat?post=21312"},{"taxonomy":"product_tag","embeddable":true,"href":"https:\/\/e-adams.pl\/de\/wp-json\/wp\/v2\/product_tag?post=21312"}],"curies":[{"name":"wp","href":"https:\/\/api.w.org\/{rel}","templated":true}]}}