{"id":21313,"date":"2023-09-12T12:15:32","date_gmt":"2023-09-12T10:15:32","guid":{"rendered":"https:\/\/e-adams.pl\/produkt\/tapemix-plus-pierscien-scienny-120x120\/"},"modified":"2024-07-15T11:31:18","modified_gmt":"2024-07-15T09:31:18","slug":"mankiet-uszczelniajacy-scienny-jurga-tapemix-plus-pl3-120x120","status":"publish","type":"product","link":"https:\/\/e-adams.pl\/de\/produkt\/mankiet-uszczelniajacy-scienny-jurga-tapemix-plus-pl3-120x120\/","title":{"rendered":"Mankiet uszczelniaj\u0105cy \u015bcienny JURGA TAPEMIX plus PL3 120X120"},"content":{"rendered":"<h3>OPIS:<\/h3>\n<p>Mankiet uszczelniaj\u0105cy \u015bcienny JURGA TAPEMIX to wodoszczelny, s\u0142u\u017c\u0105cy do trwa\u0142ego i elastycznego uszczelniania przej\u015b\u0107 pomi\u0119dzy \u015bcian\u0105 a rur\u0105 wodn\u0105 . Mankiet przeznaczony jest do zatapiania w folii w p\u0142ynie. Takie po\u0142\u0105czenie zapewnia trwa\u0142e i szczelne zabezpieczenie przed przedostawaniem si\u0119 wody na mury, \u015bciany czy p\u0142yty GK.<\/p>\n<p>Mankiety mo\u017cna stosowa\u0107 zar\u00f3wno\u00a0<b>wewn\u0105trz i na zewn\u0105trz pomieszcze\u0144<\/b>.<\/p>\n<h3>DANE TECHNICZNE:<\/h3>\n<p>\u2022 Kod producenta: 5902802192042<br \/>\n\u2022 Kod producenta:<\/p>\n","protected":false},"excerpt":{"rendered":"<p>Mankiet uszczelniaj\u0105cy \u015bcienny JURGA TAPEMIX to wodoszczelny, s\u0142u\u017c\u0105cy do trwa\u0142ego i elastycznego uszczelniania przej\u015b\u0107 pomi\u0119dzy \u015bcian\u0105 a rur\u0105 wodn\u0105 . Mankiet przeznaczony jest do zatapiania w folii w p\u0142ynie. Takie po\u0142\u0105czenie zapewnia trwa\u0142e i szczelne zabezpieczenie przed przedostawaniem si\u0119 wody na mury, \u015bciany czy p\u0142yty GK.<\/p>\n","protected":false},"featured_media":22599,"comment_status":"open","ping_status":"closed","template":"","meta":{"_acf_changed":false,"inline_featured_image":false},"product_cat":[1473],"product_tag":[953,2329],"class_list":{"0":"post-21313","1":"product","2":"type-product","3":"status-publish","4":"has-post-thumbnail","6":"product_cat-tasmy-uszczelniajace-i-narozniki","7":"product_tag-jurga","8":"product_tag-mankiet-uszczelniajacy-scienny","10":"first","11":"instock","12":"shipping-taxable","13":"purchasable","14":"product-type-simple"},"acf":[],"_links":{"self":[{"href":"https:\/\/e-adams.pl\/de\/wp-json\/wp\/v2\/product\/21313","targetHints":{"allow":["GET"]}}],"collection":[{"href":"https:\/\/e-adams.pl\/de\/wp-json\/wp\/v2\/product"}],"about":[{"href":"https:\/\/e-adams.pl\/de\/wp-json\/wp\/v2\/types\/product"}],"replies":[{"embeddable":true,"href":"https:\/\/e-adams.pl\/de\/wp-json\/wp\/v2\/comments?post=21313"}],"wp:featuredmedia":[{"embeddable":true,"href":"https:\/\/e-adams.pl\/de\/wp-json\/wp\/v2\/media\/22599"}],"wp:attachment":[{"href":"https:\/\/e-adams.pl\/de\/wp-json\/wp\/v2\/media?parent=21313"}],"wp:term":[{"taxonomy":"product_cat","embeddable":true,"href":"https:\/\/e-adams.pl\/de\/wp-json\/wp\/v2\/product_cat?post=21313"},{"taxonomy":"product_tag","embeddable":true,"href":"https:\/\/e-adams.pl\/de\/wp-json\/wp\/v2\/product_tag?post=21313"}],"curies":[{"name":"wp","href":"https:\/\/api.w.org\/{rel}","templated":true}]}}