{"id":21314,"date":"2023-09-12T12:15:33","date_gmt":"2023-09-12T10:15:33","guid":{"rendered":"https:\/\/e-adams.pl\/produkt\/tarnik-nierdzewny-do-welny-i-styropianu-180-330-a-5-6260\/"},"modified":"2024-02-15T11:49:24","modified_gmt":"2024-02-15T10:49:24","slug":"tarnik-do-welny-i-styropianu-solid-180-330","status":"publish","type":"product","link":"https:\/\/e-adams.pl\/de\/produkt\/tarnik-do-welny-i-styropianu-solid-180-330\/","title":{"rendered":"Tarnik do we\u0142ny i styropianu SOLID 180-330"},"content":{"rendered":"<h3>OPIS:<\/h3>\n<section class=\"section\">\n<div class=\"item item-6\">\n<section class=\"text-item\">Tarnik nierdzewny do we\u0142ny i styropianu <a href=\"https:\/\/e-adams.pl\/solid\/\">SOLID<\/a> posiada korpus wykonany ze stali nierdzewnej, kwasoodpornej, w postaci mocnej i sztywnej kratownicy, co\u00a0chroni przed zapychaniem\u00a0si\u0119 podczas szlifowana styropianu.\u00a0Ostre z\u0119by pozwalaj\u0105 na tarcie wi\u0119kszych powierzchni i nier\u00f3wno\u015bci. R\u0105czka wykonana jest z tworzywa sztucznego.<\/section>\n<\/div>\n<\/section>\n<h3>DANE TECHNICZNE:<\/h3>\n<ul>\n<li>Symbol: 6260<\/li>\n<li>D\u0142ugo\u015b\u0107:\u00a0<b>330 mm<\/b><\/li>\n<li>Szeroko\u015b\u0107:\u00a0<b>180 mm<\/b><\/li>\n<li>Materia\u0142 tarnika: stal nierdzewna, kwasoodporna<\/li>\n<li>R\u0105czka: tworzywo sztuczne<\/li>\n<li>EAN: 5906554511229<\/li>\n<\/ul>\n","protected":false},"excerpt":{"rendered":"<p>Tarnik nierdzewny do we\u0142ny i styropianu SOLID posiada korpus wykonany ze stali nierdzewnej, kwasoodpornej, w postaci mocnej i sztywnej kratownicy, co\u00a0chroni przed zapychaniem\u00a0si\u0119 podczas szlifowana styropianu.\u00a0Ostre z\u0119by\u00a0pozwalaj\u0105 na tarcie wi\u0119kszych powierzchni i nier\u00f3wno\u015bci. R\u0105czka tarnika wykonana jest\u00a0z tworzywa sztucznego.<\/p>\n","protected":false},"featured_media":22109,"comment_status":"open","ping_status":"closed","template":"","meta":{"_acf_changed":false,"inline_featured_image":false},"product_cat":[196],"product_tag":[1815,2078],"class_list":{"0":"post-21314","1":"product","2":"type-product","3":"status-publish","4":"has-post-thumbnail","6":"product_cat-narzedzia-reczne","7":"product_tag-solid","8":"product_tag-tarnik","10":"first","11":"instock","12":"shipping-taxable","13":"purchasable","14":"product-type-simple"},"acf":[],"_links":{"self":[{"href":"https:\/\/e-adams.pl\/de\/wp-json\/wp\/v2\/product\/21314","targetHints":{"allow":["GET"]}}],"collection":[{"href":"https:\/\/e-adams.pl\/de\/wp-json\/wp\/v2\/product"}],"about":[{"href":"https:\/\/e-adams.pl\/de\/wp-json\/wp\/v2\/types\/product"}],"replies":[{"embeddable":true,"href":"https:\/\/e-adams.pl\/de\/wp-json\/wp\/v2\/comments?post=21314"}],"wp:featuredmedia":[{"embeddable":true,"href":"https:\/\/e-adams.pl\/de\/wp-json\/wp\/v2\/media\/22109"}],"wp:attachment":[{"href":"https:\/\/e-adams.pl\/de\/wp-json\/wp\/v2\/media?parent=21314"}],"wp:term":[{"taxonomy":"product_cat","embeddable":true,"href":"https:\/\/e-adams.pl\/de\/wp-json\/wp\/v2\/product_cat?post=21314"},{"taxonomy":"product_tag","embeddable":true,"href":"https:\/\/e-adams.pl\/de\/wp-json\/wp\/v2\/product_tag?post=21314"}],"curies":[{"name":"wp","href":"https:\/\/api.w.org\/{rel}","templated":true}]}}