{"id":21315,"date":"2023-09-12T12:15:33","date_gmt":"2023-09-12T10:15:33","guid":{"rendered":"https:\/\/e-adams.pl\/produkt\/tasma-butylowa-100-08-samoprzylepna-20mb\/"},"modified":"2025-06-23T13:01:57","modified_gmt":"2025-06-23T11:01:57","slug":"tasma-butylowa-samoprzylepna-100-80-20m","status":"publish","type":"product","link":"https:\/\/e-adams.pl\/de\/produkt\/tasma-butylowa-samoprzylepna-100-80-20m\/","title":{"rendered":"Ta\u015bma butylowa samoprzylepna 100-80  20m"},"content":{"rendered":"<h3>OPIS:<\/h3>\n<div>Ta\u015bma butylowa samoprzylepna to uszczelniacz z masy butylowej pokryty w\u0142\u00f3knin\u0105 polipropylenow\u0105 niepowlekan\u0105. Butyl tworzy warstw\u0119 hydroizolacyjn\u0105 w konstrukcjach. Po zamontowaniu ta\u015bm\u0119 butylow\u0105 mo\u017cna tynkowa\u0107, gipsowa\u0107 i malowa\u0107.<\/div>\n<div><\/div>\n<p>Do uszczelniania spoin mi\u0119dzy powierzchniami poziomymi i pionowymi na tarasach, balkonach, \u0142azienkach i w kabinach prysznicowych. Ta\u015bma jest produktem \u00a0przeznaczona do stosowania na \u0142\u0105czeniach\u00a0 hydroizolacji z\u00a0 materia\u0142ami niech\u0142onnymi takimi jak aluminium, mied\u017a, stal, tworzywa sztuczne, materia\u0142y ceramiczne, bitumy jak te\u017c materia\u0142ami ch\u0142onnymi, takimi jak beton, ceg\u0142y, gazobeton, panele fibrocementowe i tynki.<\/p>\n<h3>DANE TECHNICZNE:<\/h3>\n<p>\u2022 NO\u015aNIK &#8211; MASA BUTYLOWA<br \/>\n\u2022 GRUBO\u015a\u0106 TA\u015aMY &#8211; 100 \/ 80 mm<br \/>\n\u2022 PRZYLEPNO\u015a\u0106 &#8211; BDB<br \/>\n\u2022 DYNAMICZNA SI\u0141A \u015aCINANIA &#8211; 12 N\/ cm2<br \/>\n\u2022 TEMPERATURA PRACY &#8211; -35\u00b0C \u2026 +90\u00b0C<br \/>\n\u2022 D\u0141UGO\u015a\u0106 &#8211; 20 m<\/p>\n","protected":false},"excerpt":{"rendered":"<p>Ta\u015bma butylowa samoprzylepna to uszczelniacz z masy butylowej pokryty w\u0142\u00f3knin\u0105 polipropylenow\u0105 niepowlekan\u0105. Butyl tworzy warstw\u0119 hydroizolacyjn\u0105 w konstrukcjach. Po zamontowaniu ta\u015bm\u0119 butylow\u0105 mo\u017cna tynkowa\u0107, gipsowa\u0107 i malowa\u0107.<\/p>\n","protected":false},"featured_media":22099,"comment_status":"open","ping_status":"closed","template":"","meta":{"_acf_changed":false,"inline_featured_image":false},"product_cat":[1473],"product_tag":[2070],"class_list":{"0":"post-21315","1":"product","2":"type-product","3":"status-publish","4":"has-post-thumbnail","6":"product_cat-tasmy-uszczelniajace-i-narozniki","7":"product_tag-tasma-butylowa","9":"first","10":"instock","11":"shipping-taxable","12":"product-type-simple"},"acf":[],"_links":{"self":[{"href":"https:\/\/e-adams.pl\/de\/wp-json\/wp\/v2\/product\/21315","targetHints":{"allow":["GET"]}}],"collection":[{"href":"https:\/\/e-adams.pl\/de\/wp-json\/wp\/v2\/product"}],"about":[{"href":"https:\/\/e-adams.pl\/de\/wp-json\/wp\/v2\/types\/product"}],"replies":[{"embeddable":true,"href":"https:\/\/e-adams.pl\/de\/wp-json\/wp\/v2\/comments?post=21315"}],"wp:featuredmedia":[{"embeddable":true,"href":"https:\/\/e-adams.pl\/de\/wp-json\/wp\/v2\/media\/22099"}],"wp:attachment":[{"href":"https:\/\/e-adams.pl\/de\/wp-json\/wp\/v2\/media?parent=21315"}],"wp:term":[{"taxonomy":"product_cat","embeddable":true,"href":"https:\/\/e-adams.pl\/de\/wp-json\/wp\/v2\/product_cat?post=21315"},{"taxonomy":"product_tag","embeddable":true,"href":"https:\/\/e-adams.pl\/de\/wp-json\/wp\/v2\/product_tag?post=21315"}],"curies":[{"name":"wp","href":"https:\/\/api.w.org\/{rel}","templated":true}]}}