{"id":21316,"date":"2023-09-12T12:15:34","date_gmt":"2023-09-12T10:15:34","guid":{"rendered":"https:\/\/e-adams.pl\/produkt\/tasma-flizelinowa-perforowana-150mm-25m-5557\/"},"modified":"2025-06-23T13:01:55","modified_gmt":"2025-06-23T11:01:55","slug":"tasma-flizelinowa-solid-150mm-25m-perforowana","status":"publish","type":"product","link":"https:\/\/e-adams.pl\/de\/produkt\/tasma-flizelinowa-solid-150mm-25m-perforowana\/","title":{"rendered":"Ta\u015bma flizelinowa SOLID 150mm\/25m perforowana"},"content":{"rendered":"<h3>OPIS:<\/h3>\n<p>Ta\u015bma flizelinowa <a href=\"https:\/\/e-adams.pl\/solid\">SOLID<\/a> perforowana do po\u0142\u0105cze\u0144 p\u0142yt kartonowo-gipsowych, produkt stosowany podczas instalacji i wyko\u0144czenia \u015bcian jak i sufit\u00f3w wykonanych z p\u0142yt gipsowo-kartonowych. Jest to kluczowy element w procesie tworzenia g\u0142adkich i trwa\u0142ych powierzchni w konstrukcji suchego tynku. Ta\u015bma nie tylko wzmacnia po\u0142\u0105czenia mi\u0119dzy p\u0142ytami oraz pomaga w wype\u0142nieniu szw\u00f3w i zak\u0142adek, tworz\u0105c jednolit\u0105 powierzchni\u0119 gotow\u0105 do malowania lub pokrycia tapet\u0105.<\/p>\n<p>Celem ta\u015bmy do po\u0142\u0105cze\u0144 jest wzmocnienie i zabezpieczenie \u0142\u0105cze\u0144 mi\u0119dzy p\u0142ytami kartonowo-gipsowymi oraz pokrycie szw\u00f3w i zak\u0142adek, aby uzyska\u0107 jednolit\u0105 i g\u0142adk\u0105 powierzchni\u0119. Ta\u015bma nie tylko wzmacnia po\u0142\u0105czenia mi\u0119dzy p\u0142ytami oraz pomaga w wype\u0142nieniu szw\u00f3w i zak\u0142adek, tworz\u0105c jednolit\u0105 powierzchni\u0119 gotow\u0105 do malowania lub pokrycia tapet\u0105.<\/p>\n<h3>W\u0142a\u015bciwo\u015bci:<\/h3>\n<ul>\n<li>nie przesuwa si\u0119, nie ma efektu po\u015blizgu<\/li>\n<li>wysokoelastyczna<\/li>\n<li>dostosowuje si\u0119 do nier\u00f3wnych powierzchni<\/li>\n<li>do stosowania w wilgotnych pomieszczeniach<\/li>\n<li>\u0142\u0105czy p\u0142yty gipsowo-kartonowe<\/li>\n<li>doskona\u0142a do napraw<\/li>\n<li>idealnie sprawdzi si\u0119 przy zadrapaniach i p\u0119kni\u0119ciach<\/li>\n<\/ul>\n<h3>DANE TECHNICZNE:<\/h3>\n<p>&nbsp;<\/p>\n","protected":false},"excerpt":{"rendered":"<p>Ta\u015bma flizelinowa SOLID perforowana do po\u0142\u0105cze\u0144 p\u0142yt kartonowo-gipsowych, produkt stosowany podczas instalacji i wyko\u0144czenia \u015bcian jak i sufit\u00f3w wykonanych z p\u0142yt gipsowo-kartonowych. Jest to kluczowy element w procesie tworzenia g\u0142adkich i trwa\u0142ych powierzchni w konstrukcji suchego tynku.<\/p>\n","protected":false},"featured_media":22594,"comment_status":"open","ping_status":"closed","template":"","meta":{"_acf_changed":false,"inline_featured_image":false},"product_cat":[2282],"product_tag":[2328,1815,2327],"class_list":{"0":"post-21316","1":"product","2":"type-product","3":"status-publish","4":"has-post-thumbnail","6":"product_cat-tasmy-i-flizeliny","7":"product_tag-laczenie-plyt","8":"product_tag-solid","9":"product_tag-tasma-flizelinowa","11":"first","12":"instock","13":"shipping-taxable","14":"product-type-simple"},"acf":[],"_links":{"self":[{"href":"https:\/\/e-adams.pl\/de\/wp-json\/wp\/v2\/product\/21316","targetHints":{"allow":["GET"]}}],"collection":[{"href":"https:\/\/e-adams.pl\/de\/wp-json\/wp\/v2\/product"}],"about":[{"href":"https:\/\/e-adams.pl\/de\/wp-json\/wp\/v2\/types\/product"}],"replies":[{"embeddable":true,"href":"https:\/\/e-adams.pl\/de\/wp-json\/wp\/v2\/comments?post=21316"}],"wp:featuredmedia":[{"embeddable":true,"href":"https:\/\/e-adams.pl\/de\/wp-json\/wp\/v2\/media\/22594"}],"wp:attachment":[{"href":"https:\/\/e-adams.pl\/de\/wp-json\/wp\/v2\/media?parent=21316"}],"wp:term":[{"taxonomy":"product_cat","embeddable":true,"href":"https:\/\/e-adams.pl\/de\/wp-json\/wp\/v2\/product_cat?post=21316"},{"taxonomy":"product_tag","embeddable":true,"href":"https:\/\/e-adams.pl\/de\/wp-json\/wp\/v2\/product_tag?post=21316"}],"curies":[{"name":"wp","href":"https:\/\/api.w.org\/{rel}","templated":true}]}}