{"id":21317,"date":"2023-09-12T12:15:35","date_gmt":"2023-09-12T10:15:35","guid":{"rendered":"https:\/\/e-adams.pl\/produkt\/tasma-laczeniowa-karton-gips-45-mm-x-90m-5062\/"},"modified":"2024-07-15T11:31:20","modified_gmt":"2024-07-15T09:31:20","slug":"tasma-laczeniowa-karton-gips-solid-45mm-90m","status":"publish","type":"product","link":"https:\/\/e-adams.pl\/de\/produkt\/tasma-laczeniowa-karton-gips-solid-45mm-90m\/","title":{"rendered":"Ta\u015bma \u0142\u0105czeniowa karton-gips SOLID 45mm &#8211; 90m"},"content":{"rendered":"<h3>Opis :<\/h3>\n<p>Ta\u015bma \u0142\u0105czeniowa karton-gips <a href=\"https:\/\/e-adams.pl\/solid\/\">SOLID<\/a> do po\u0142\u0105cze\u0144 p\u0142yt kartonowo-gipsowych, produkt stosowany podczas instalacji i wyko\u0144czenia \u015bcian jak i sufit\u00f3w wykonanych z p\u0142yt gipsowo-kartonowych. Jest to kluczowy element w procesie tworzenia g\u0142adkich i trwa\u0142ych powierzchni w konstrukcji suchego tynku. G\u0142\u00f3wne cechy i funkcje ta\u015bmy do po\u0142\u0105cze\u0144 p\u0142yt kartonowo-gipsowych. Celem ta\u015bmy do po\u0142\u0105cze\u0144 jest wzmocnienie i zabezpieczenie \u0142\u0105cze\u0144 mi\u0119dzy p\u0142ytami kartonowo-gipsowymi oraz pokrycie szw\u00f3w i zak\u0142adek, aby uzyska\u0107 jednolit\u0105 i g\u0142adk\u0105 powierzchni\u0119. Ta\u015bma nie tylko wzmacnia po\u0142\u0105czenia mi\u0119dzy p\u0142ytami oraz pomaga w wype\u0142nieniu szw\u00f3w i zak\u0142adek, tworz\u0105c jednolit\u0105 powierzchni\u0119 gotow\u0105 do malowania lub pokrycia tapet\u0105.<\/p>\n<h3>Parametry ta\u015bmy:<\/h3>\n<ul>\n<li>szeroko\u015b\u0107: 45mm<\/li>\n<li>d\u0142ugo\u015b\u0107: 90m<\/li>\n<\/ul>\n<h2>W\u0142a\u015bciwo\u015bci Ta\u015bmy:<\/h2>\n<ul>\n<li>wysoce wytrzyma\u0142a;<\/li>\n<li>\u0142atwa w\u00a0stosowaniu;<\/li>\n<li>do\u00a0stosowania wewn\u0105trz.<\/li>\n<li>wytrzyma\u0142e \u0142\u0105czenie.<\/li>\n<\/ul>\n","protected":false},"excerpt":{"rendered":"<p>Ta\u015bma firmy jest stosowana g\u0142ownie w po\u0142\u0105czeniach mi\u0119dzy p\u0142ytami gipsowo-kartonowymi oraz w miejscach, gdzie p\u0142yty spotykaj\u0105 si\u0119 z r\u00f3\u017cnymi elementami konstrukcyjnymi, takimi jak naro\u017cniki i okna. Oraz jako ta\u015bma naprawcza, u\u017cywana razem z zwi\u0105zkami gipsowymi.<\/p>\n","protected":false},"featured_media":21456,"comment_status":"open","ping_status":"closed","template":"","meta":{"_acf_changed":false,"inline_featured_image":false},"product_cat":[2282],"product_tag":[1821,1815,1819],"class_list":{"0":"post-21317","1":"product","2":"type-product","3":"status-publish","4":"has-post-thumbnail","6":"product_cat-tasmy-i-flizeliny","7":"product_tag-polaczenia-miedzy-plytami","8":"product_tag-solid","9":"product_tag-tasma-naprawcza","11":"first","12":"instock","13":"shipping-taxable","14":"purchasable","15":"product-type-simple"},"acf":[],"_links":{"self":[{"href":"https:\/\/e-adams.pl\/de\/wp-json\/wp\/v2\/product\/21317","targetHints":{"allow":["GET"]}}],"collection":[{"href":"https:\/\/e-adams.pl\/de\/wp-json\/wp\/v2\/product"}],"about":[{"href":"https:\/\/e-adams.pl\/de\/wp-json\/wp\/v2\/types\/product"}],"replies":[{"embeddable":true,"href":"https:\/\/e-adams.pl\/de\/wp-json\/wp\/v2\/comments?post=21317"}],"wp:featuredmedia":[{"embeddable":true,"href":"https:\/\/e-adams.pl\/de\/wp-json\/wp\/v2\/media\/21456"}],"wp:attachment":[{"href":"https:\/\/e-adams.pl\/de\/wp-json\/wp\/v2\/media?parent=21317"}],"wp:term":[{"taxonomy":"product_cat","embeddable":true,"href":"https:\/\/e-adams.pl\/de\/wp-json\/wp\/v2\/product_cat?post=21317"},{"taxonomy":"product_tag","embeddable":true,"href":"https:\/\/e-adams.pl\/de\/wp-json\/wp\/v2\/product_tag?post=21317"}],"curies":[{"name":"wp","href":"https:\/\/api.w.org\/{rel}","templated":true}]}}