{"id":21320,"date":"2023-09-12T12:15:37","date_gmt":"2023-09-12T10:15:37","guid":{"rendered":"https:\/\/e-adams.pl\/produkt\/tasma-laczeniowa-q-25\/"},"modified":"2025-06-23T13:01:52","modified_gmt":"2025-06-23T11:01:52","slug":"tasma-laczeniowa-q-25-50mm-25m","status":"publish","type":"product","link":"https:\/\/e-adams.pl\/de\/produkt\/tasma-laczeniowa-q-25-50mm-25m\/","title":{"rendered":"Ta\u015bma \u0142\u0105czeniowa Q-25 50mm 25m"},"content":{"rendered":"<h3>OPIS:<\/h3>\n<p>Ta\u015bma \u0142\u0105czeniowa Q-25 mo\u017cna stosowa\u0107 do wyprowadzania i wzmacniania naro\u017cy wewn\u0119trznych i zewn\u0119trznych w miejscu wszelkiego rodzaju naro\u017cnik\u00f3w, dopasowuje si\u0119 do naro\u017cy pod ka\u017cdym k\u0105tem. Jej innym miejscem jej zastosowania s\u0105 p\u0142yt K-G trwale \u0142\u0105czy p\u0142yty, przeciwdzia\u0142a powstawaniu p\u0119kni\u0119\u0107 i rys.<\/p>\n<p>U\u017cycie jej do wyprowadzania rog\u00f3w wewn\u0119trznych\u00a0&#8211; oszcz\u0119dza czas, pozwala na szybkie wykonanie i uzyskanie trwa\u0142ego, estetycznego i prostego naro\u017ca\u00a0d) maskowanie p\u0119kni\u0119\u0107\u00a0&#8211; naprawia istniej\u0105ce niedoskona\u0142o\u015bci.<\/p>\n<h2>SPOS\u00d3B U\u017bYCIA:<\/h2>\n<ul>\n<li>przytnij ta\u015bm\u0119 do odpowiedniej d\u0142ugo\u015bci<\/li>\n<li>w przypadku potrzeby zegnij wzd\u0142u\u017c przet\u0142oczenia do uzyskania po\u017c\u0105danego k\u0105ta<\/li>\n<li>po\u0142\u00f3\u017c w miejscu przeznaczenia cienk\u0105 warstw\u0119 masy gipsowej i umie\u015b\u0107 na niej ta\u015bm\u0119<\/li>\n<li>wyr\u00f3wnaj szpachelk\u0105 usuwaj\u0105c nadmiar masy i p\u0119cherzy powietrza<\/li>\n<li>pokryj cienk\u0105 warstw\u0105 masy gipsowej i pozosta\u0107 do wyschni\u0119cia<\/li>\n<li>nier\u00f3wno\u015bci wyszlifuj papierem \u015bciernym, w przypadku potrzeby gipsowanie nale\u017cy powt\u00f3rzy\u0107.<\/li>\n<\/ul>\n<h3>DANE TECHNICZNE:<\/h3>\n<ul>\n<li><strong>EAN:<\/strong>\u00a05901289361842<\/li>\n<\/ul>\n","protected":false},"excerpt":{"rendered":"<p>Ta\u015bma \u0142\u0105czeniowa Q-25 mo\u017cna stosowa\u0107 do wyprowadzania i wzmacniania naro\u017cy wewn\u0119trznych i zewn\u0119trznych w miejscu wszelkiego rodzaju naro\u017cnik\u00f3w, dopasowuje si\u0119 do naro\u017cy pod ka\u017cdym k\u0105tem . Jej innym miejscem jej zastosowania s\u0105 p\u0142yt K-G trwale \u0142\u0105czy p\u0142yty, przeciwdzia\u0142a powstawaniu p\u0119kni\u0119\u0107 i rys.<\/p>\n","protected":false},"featured_media":22403,"comment_status":"open","ping_status":"closed","template":"","meta":{"_acf_changed":false,"inline_featured_image":false},"product_cat":[2282],"product_tag":[2223,2221,2222],"class_list":{"0":"post-21320","1":"product","2":"type-product","3":"status-publish","4":"has-post-thumbnail","6":"product_cat-tasmy-i-flizeliny","7":"product_tag-laczenie-plyt-g-k","8":"product_tag-simetapes","9":"product_tag-tasma-laczeniowa","11":"first","12":"instock","13":"shipping-taxable","14":"product-type-simple"},"acf":[],"_links":{"self":[{"href":"https:\/\/e-adams.pl\/de\/wp-json\/wp\/v2\/product\/21320","targetHints":{"allow":["GET"]}}],"collection":[{"href":"https:\/\/e-adams.pl\/de\/wp-json\/wp\/v2\/product"}],"about":[{"href":"https:\/\/e-adams.pl\/de\/wp-json\/wp\/v2\/types\/product"}],"replies":[{"embeddable":true,"href":"https:\/\/e-adams.pl\/de\/wp-json\/wp\/v2\/comments?post=21320"}],"wp:featuredmedia":[{"embeddable":true,"href":"https:\/\/e-adams.pl\/de\/wp-json\/wp\/v2\/media\/22403"}],"wp:attachment":[{"href":"https:\/\/e-adams.pl\/de\/wp-json\/wp\/v2\/media?parent=21320"}],"wp:term":[{"taxonomy":"product_cat","embeddable":true,"href":"https:\/\/e-adams.pl\/de\/wp-json\/wp\/v2\/product_cat?post=21320"},{"taxonomy":"product_tag","embeddable":true,"href":"https:\/\/e-adams.pl\/de\/wp-json\/wp\/v2\/product_tag?post=21320"}],"curies":[{"name":"wp","href":"https:\/\/api.w.org\/{rel}","templated":true}]}}