{"id":21323,"date":"2023-09-12T12:15:40","date_gmt":"2023-09-12T10:15:40","guid":{"rendered":"https:\/\/e-adams.pl\/produkt\/tasma-naprawcza-k-g-do-tynkow-200mm-20mb-5720\/"},"modified":"2024-07-15T11:31:20","modified_gmt":"2024-07-15T09:31:20","slug":"tasma-naprawcza-solid-k-g-do-tynkow-200mm-20m","status":"publish","type":"product","link":"https:\/\/e-adams.pl\/de\/produkt\/tasma-naprawcza-solid-k-g-do-tynkow-200mm-20m\/","title":{"rendered":"Ta\u015bma naprawcza Solid K-G do tynk\u00f3w 200mm &#8211; 20m"},"content":{"rendered":"<h3>Opis :<\/h3>\n<p>Ta\u015bma naprawcza <a href=\"https:\/\/e-adams.pl\/solid\/\">Solid<\/a> do po\u0142\u0105cze\u0144 p\u0142yt kartonowo-gipsowych, nazywana tak\u017ce ta\u015bm\u0105 gipsow\u0105, to materia\u0142 stosowany podczas instalacji i wyko\u0144czenia \u015bcian i sufit\u00f3w wykonanych z p\u0142yt gipsowo-kartonowych. Jest to kluczowy element w procesie tworzenia g\u0142adkich i trwa\u0142ych powierzchni w konstrukcji suchego tynku. Oto g\u0142\u00f3wne cechy i funkcje ta\u015bmy do po\u0142\u0105cze\u0144 p\u0142yt kartonowo-gipsowych. G\u0142\u00f3wnym celem ta\u015bmy do po\u0142\u0105cze\u0144 jest wzmocnienie i zabezpieczenie po\u0142\u0105cze\u0144 mi\u0119dzy p\u0142ytami kartonowo-gipsowymi oraz pokrycie szw\u00f3w i zak\u0142adek, aby uzyska\u0107 jednolit\u0105 i g\u0142adk\u0105 powierzchni\u0119. Ta\u015bma nie tylko wzmacnia po\u0142\u0105czenia mi\u0119dzy p\u0142ytami, ale tak\u017ce pomaga w wype\u0142nieniu szw\u00f3w i zak\u0142adek, tworz\u0105c jednolit\u0105 powierzchni\u0119 gotow\u0105 do malowania lub pokrycia tapet\u0105.<\/p>\n<h3>Parametry ta\u015bmy:<\/h3>\n<ul>\n<li>szeroko\u015b\u0107: 200mm<\/li>\n<li>d\u0142ugo\u015b\u0107: 20m<\/li>\n<\/ul>\n<h2>W\u0142a\u015bciwo\u015bci Ta\u015bmy:<\/h2>\n<ul>\n<li>wysoce wytrzyma\u0142a;<\/li>\n<li>\u0142atwa w\u00a0stosowaniu;<\/li>\n<li>do\u00a0stosowania wewn\u0105trz.<\/li>\n<\/ul>\n<p>&nbsp;<\/p>\n","protected":false},"excerpt":{"rendered":"<p>Ta\u015bma Solid jest stosowana w po\u0142\u0105czeniach mi\u0119dzy p\u0142ytami gipsowo-kartonowymi oraz w miejscach, gdzie p\u0142yty spotykaj\u0105 si\u0119 z r\u00f3\u017cnymi elementami konstrukcyjnymi, takimi jak naro\u017cniki i okna. Jest u\u017cywana razem z zwi\u0105zkami gipsowymi.<\/p>\n","protected":false},"featured_media":21456,"comment_status":"open","ping_status":"closed","template":"","meta":{"_acf_changed":false,"inline_featured_image":false},"product_cat":[2282],"product_tag":[1815,1819,1820],"class_list":{"0":"post-21323","1":"product","2":"type-product","3":"status-publish","4":"has-post-thumbnail","6":"product_cat-tasmy-i-flizeliny","7":"product_tag-solid","8":"product_tag-tasma-naprawcza","9":"product_tag-zabezpieczenie-polaczen","11":"first","12":"instock","13":"shipping-taxable","14":"purchasable","15":"product-type-simple"},"acf":[],"_links":{"self":[{"href":"https:\/\/e-adams.pl\/de\/wp-json\/wp\/v2\/product\/21323","targetHints":{"allow":["GET"]}}],"collection":[{"href":"https:\/\/e-adams.pl\/de\/wp-json\/wp\/v2\/product"}],"about":[{"href":"https:\/\/e-adams.pl\/de\/wp-json\/wp\/v2\/types\/product"}],"replies":[{"embeddable":true,"href":"https:\/\/e-adams.pl\/de\/wp-json\/wp\/v2\/comments?post=21323"}],"wp:featuredmedia":[{"embeddable":true,"href":"https:\/\/e-adams.pl\/de\/wp-json\/wp\/v2\/media\/21456"}],"wp:attachment":[{"href":"https:\/\/e-adams.pl\/de\/wp-json\/wp\/v2\/media?parent=21323"}],"wp:term":[{"taxonomy":"product_cat","embeddable":true,"href":"https:\/\/e-adams.pl\/de\/wp-json\/wp\/v2\/product_cat?post=21323"},{"taxonomy":"product_tag","embeddable":true,"href":"https:\/\/e-adams.pl\/de\/wp-json\/wp\/v2\/product_tag?post=21323"}],"curies":[{"name":"wp","href":"https:\/\/api.w.org\/{rel}","templated":true}]}}