{"id":21324,"date":"2023-09-12T12:15:41","date_gmt":"2023-09-12T10:15:41","guid":{"rendered":"https:\/\/e-adams.pl\/produkt\/tasma-naroznikowa-v-25\/"},"modified":"2024-07-15T11:31:19","modified_gmt":"2024-07-15T09:31:19","slug":"tasma-naroznikowa-v-25","status":"publish","type":"product","link":"https:\/\/e-adams.pl\/de\/produkt\/tasma-naroznikowa-v-25\/","title":{"rendered":"Ta\u015bma naro\u017cnikowa SIMETAPE V-25"},"content":{"rendered":"<h3>OPIS:<\/h3>\n<p>Ta\u015bma naro\u017cnikowa SIMETAPE V-25 jest nowoczesnym kompozytowym produktem, kt\u00f3ry ma zastosowanie jako element \u0142\u0105czeniowy w zabudowach wn\u0119trz technologi\u0105 p\u0142yt G-K. Baz\u0105 ta\u015bm jest bia\u0142a elastyczna, bardzo odporna na zginanie i p\u0119kni\u0119cia folia z wytrzyma\u0142ego tworzywa sztucznego stanowi\u0105ca rdze\u0144 no\u015bny, a zewn\u0119trzna pow\u0142oka wykonana jest z kompozytu surowc\u00f3w bawe\u0142nianych z domieszk\u0105 surowc\u00f3w uszlachetniaj\u0105cych zapewniaj\u0105c bardzo dobr\u0105 przyczepno\u015b\u0107 do masy gipsowej.<\/p>\n<p>Perforacja na kraw\u0119dziach ta\u015bmy, umo\u017cliwia przenikanie masy szpachlowej i wraz z ch\u0142onn\u0105 i szorstk\u0105\u00a0 powierzchni\u0105, zwi\u0119ksza przyczepno\u015b\u0107 do pod\u0142o\u017ca i wytrzyma\u0142o\u015b\u0107 po\u0142\u0105czenia.<\/p>\n<h2>Spos\u00f3b u\u017cycia :<\/h2>\n<ul>\n<li>przytnij ta\u015bm\u0119 do odpowiedniej d\u0142ugo\u015bci<\/li>\n<li>w przypadku potrzeby zegnij wzd\u0142u\u017c przet\u0142oczenia do uzyskania po\u017c\u0105danego k\u0105ta<\/li>\n<li>po\u0142\u00f3\u017c w miejscu przeznaczenia cienk\u0105 warstw\u0119 masy gipsowej i umie\u015b\u0107 na niej ta\u015bm\u0119<\/li>\n<li>wyr\u00f3wnaj szpachelk\u0105 usuwaj\u0105c nadmiar masy i p\u0119cherzy powietrza<\/li>\n<li>pokryj cienk\u0105 warstw\u0105 masy gipsowej i pozosta\u0107 do wyschni\u0119cia<\/li>\n<li>nier\u00f3wno\u015bci wyszlifuj papierem \u015bciernym, w przypadku potrzeby gipsowanie nale\u017cy powt\u00f3rzy\u0107.<\/li>\n<li>Kod producenta: 5901289362207<\/li>\n<\/ul>\n","protected":false},"excerpt":{"rendered":"<p>Ta\u015bma naro\u017cnikowa SIMETAPE V-25 jest nowoczesnym kompozytowym produktem, kt\u00f3ry ma zastosowanie jako element \u0142\u0105czeniowy w zabudowach wn\u0119trz technologi\u0105 p\u0142yt G-K. Baz\u0105 ta\u015bm jest bia\u0142a elastyczna, bardzo odporna na zginanie i p\u0119kni\u0119cia folia z wytrzyma\u0142ego tworzywa sztucznego stanowi\u0105ca rdze\u0144 no\u015bny, a zewn\u0119trzna pow\u0142oka wykonana jest z kompozytu surowc\u00f3w bawe\u0142nianych z domieszk\u0105 surowc\u00f3w uszlachetniaj\u0105cych zapewniaj\u0105c bardzo dobr\u0105 przyczepno\u015b\u0107 do masy gipsowej.<\/p>\n","protected":false},"featured_media":22388,"comment_status":"open","ping_status":"closed","template":"","meta":{"_acf_changed":false,"inline_featured_image":false},"product_cat":[2282],"product_tag":[2220,2206,2208],"class_list":{"0":"post-21324","1":"product","2":"type-product","3":"status-publish","4":"has-post-thumbnail","6":"product_cat-tasmy-i-flizeliny","7":"product_tag-simetape","8":"product_tag-tasma-naroznikowa","9":"product_tag-v-25","11":"first","12":"instock","13":"shipping-taxable","14":"purchasable","15":"product-type-simple"},"acf":[],"_links":{"self":[{"href":"https:\/\/e-adams.pl\/de\/wp-json\/wp\/v2\/product\/21324","targetHints":{"allow":["GET"]}}],"collection":[{"href":"https:\/\/e-adams.pl\/de\/wp-json\/wp\/v2\/product"}],"about":[{"href":"https:\/\/e-adams.pl\/de\/wp-json\/wp\/v2\/types\/product"}],"replies":[{"embeddable":true,"href":"https:\/\/e-adams.pl\/de\/wp-json\/wp\/v2\/comments?post=21324"}],"wp:featuredmedia":[{"embeddable":true,"href":"https:\/\/e-adams.pl\/de\/wp-json\/wp\/v2\/media\/22388"}],"wp:attachment":[{"href":"https:\/\/e-adams.pl\/de\/wp-json\/wp\/v2\/media?parent=21324"}],"wp:term":[{"taxonomy":"product_cat","embeddable":true,"href":"https:\/\/e-adams.pl\/de\/wp-json\/wp\/v2\/product_cat?post=21324"},{"taxonomy":"product_tag","embeddable":true,"href":"https:\/\/e-adams.pl\/de\/wp-json\/wp\/v2\/product_tag?post=21324"}],"curies":[{"name":"wp","href":"https:\/\/api.w.org\/{rel}","templated":true}]}}