{"id":21325,"date":"2023-09-12T12:15:42","date_gmt":"2023-09-12T10:15:42","guid":{"rendered":"https:\/\/e-adams.pl\/produkt\/tasma-papierowa-na-laczenia-75mm-5708\/"},"modified":"2024-07-15T11:31:21","modified_gmt":"2024-07-15T09:31:21","slug":"tasma-papierowa-na-laczenia-solid-75mm","status":"publish","type":"product","link":"https:\/\/e-adams.pl\/de\/produkt\/tasma-papierowa-na-laczenia-solid-75mm\/","title":{"rendered":"Ta\u015bma papierowa na \u0142\u0105czenia SOLID 75mm"},"content":{"rendered":"<h3>OPIS:<\/h3>\n<p>Ta\u015bma papierowa na \u0142\u0105czenia <a href=\"https:\/\/e-adams.pl\/solid\">SOLID<\/a> wzmacnia szpachlowane miejsca na styku \u015bcian z sufitem i w r\u00f3\u017cnego rodzaju \u0142\u0105czeniach p\u0142yt gipsowo-kartonowych. Dzi\u0119ki zastosowaniu wzmocnienia przy pomocy ta\u015bmy papierowej na \u0142\u0105czeniu p\u0142yt gipsowo-kartonowych zmniejszamy ryzyko powstania sp\u0119ka\u0144 i rys.<\/p>\n<h2>Cechy:<\/h2>\n<ul>\n<li>Niezwykle trwa\u0142a \u2013 nie p\u0119ka.<\/li>\n<li>Doskonale maskuje p\u0119kni\u0119cia p\u0142yt.<\/li>\n<li>\u0141atwa i szybka w monta\u017cu.<\/li>\n<li>Posiada unikaln\u0105 struktur\u0119 tworz\u0105c\u0105 sztywne i g\u0142adkie powierzchnie.<\/li>\n<li>Pozwalana pokrycie dowolna farb\u0105.<\/li>\n<li>Nie wymaga stosowania dodatkowych narz\u0119dzi, jak spinacze czy ta\u015bmy montuj\u0105ce.<\/li>\n<li>Wygodna w u\u017cyciu, transporcie i przechowywaniu dzi\u0119ki nawini\u0119ciu na rolk\u0119.<\/li>\n<\/ul>\n<h3>DANE TECHNICZNE:<\/h3>\n<p>\u2022 Kod EAN: 5906554516170<br \/>\n\u2022 Kod produktu: 5708<\/p>\n","protected":false},"excerpt":{"rendered":"<p>Ta\u015bma papierowa na \u0142\u0105czenia SOLID wzmacnia szpachlowane miejsca na styku \u015bcian z sufitem i w r\u00f3\u017cnego rodzaju \u0142\u0105czeniach p\u0142yt gipsowo-kartonowych. Dzi\u0119ki zastosowaniu wzmocnienia przy pomocy ta\u015bmy papierowej na \u0142\u0105czeniu p\u0142yt gipsowo-kartonowych zmniejszamy ryzyko powstania sp\u0119ka\u0144 i rys.<\/p>\n","protected":false},"featured_media":22588,"comment_status":"open","ping_status":"closed","template":"","meta":{"_acf_changed":false,"inline_featured_image":false},"product_cat":[2282],"product_tag":[2223,1815,2325],"class_list":{"0":"post-21325","1":"product","2":"type-product","3":"status-publish","4":"has-post-thumbnail","6":"product_cat-tasmy-i-flizeliny","7":"product_tag-laczenie-plyt-g-k","8":"product_tag-solid","9":"product_tag-tasma-papierowa","11":"first","12":"instock","13":"shipping-taxable","14":"purchasable","15":"product-type-simple"},"acf":[],"_links":{"self":[{"href":"https:\/\/e-adams.pl\/de\/wp-json\/wp\/v2\/product\/21325","targetHints":{"allow":["GET"]}}],"collection":[{"href":"https:\/\/e-adams.pl\/de\/wp-json\/wp\/v2\/product"}],"about":[{"href":"https:\/\/e-adams.pl\/de\/wp-json\/wp\/v2\/types\/product"}],"replies":[{"embeddable":true,"href":"https:\/\/e-adams.pl\/de\/wp-json\/wp\/v2\/comments?post=21325"}],"wp:featuredmedia":[{"embeddable":true,"href":"https:\/\/e-adams.pl\/de\/wp-json\/wp\/v2\/media\/22588"}],"wp:attachment":[{"href":"https:\/\/e-adams.pl\/de\/wp-json\/wp\/v2\/media?parent=21325"}],"wp:term":[{"taxonomy":"product_cat","embeddable":true,"href":"https:\/\/e-adams.pl\/de\/wp-json\/wp\/v2\/product_cat?post=21325"},{"taxonomy":"product_tag","embeddable":true,"href":"https:\/\/e-adams.pl\/de\/wp-json\/wp\/v2\/product_tag?post=21325"}],"curies":[{"name":"wp","href":"https:\/\/api.w.org\/{rel}","templated":true}]}}