{"id":21327,"date":"2023-09-12T12:15:43","date_gmt":"2023-09-12T10:15:43","guid":{"rendered":"https:\/\/e-adams.pl\/produkt\/tt-tuff-20mb-do-rogow-wew-plyt-k-g-czerwona\/"},"modified":"2024-07-15T11:31:15","modified_gmt":"2024-07-15T09:31:15","slug":"tasma-do-rogow-wew-plyt-k-g-tt-tuff-tape-20mb","status":"publish","type":"product","link":"https:\/\/e-adams.pl\/de\/produkt\/tasma-do-rogow-wew-plyt-k-g-tt-tuff-tape-20mb\/","title":{"rendered":"Ta\u015bma do rog\u00f3w wew. p\u0142yt K-G TT-TUFF TAPE- 20MB"},"content":{"rendered":"<h3>OPIS:<\/h3>\n<p>Ta\u015bma<strong>\u00a0Tuff\u00a0Tape (TT)\u00a0<\/strong>marki\u00a0Center-flex stosowana jest\u00a0podczas \u0142\u0105czenia p\u0142yt gipsowo-kartonowych na p\u0142askich powierzchniach (takich jak sufity i \u015bciany) w miejsce siatki, fizeliny, ta\u015bmy papierowej, ta\u015bmy papierowej z wk\u0142adk\u0105 aluminiow\u0105 oraz do wyka\u0144czania naro\u017cnik\u00f3w wewn\u0119trznych.<\/p>\n<p>Ta\u015bma Tuff Tape doskonale nadaje si\u0119 do maskowania p\u0119kni\u0119\u0107 i rys na sufitach i \u015bcianach, a tak\u017ce do napraw powierzchni w miejscach, gdzie papier lub siatka uleg\u0142y zniszczeniu.<br \/>\nTa\u015bma Tuff Tape ze wzgl\u0119du na brak reakcji z wod\u0105 znajduje zastosowanie w miejscach nara\u017conych na wilgo\u0107, tam gdzie ta\u015bma papierowa mog\u0142aby ulec zniszczeniu (np. w okolicach wanien i prysznic\u00f3w).<\/p>\n<p>Ta\u015bmy Strait-flex to oryginalne, ameryka\u0144skie produkty od wielu lat ciesz\u0105ce si\u0119 uznaniem fachowc\u00f3w na ca\u0142ym \u015bwiecie. Wysoka jako\u015b\u0107 technologii produkcji pozwala na niezwykle wydajn\u0105 i efektywn\u0105 prac\u0119.<\/p>\n<p><strong>Cechy charakterystyczne:<\/strong><\/p>\n<ul>\n<li>niezwykle trwa\u0142a, nie p\u0119ka<\/li>\n<li>doskonale maskuje p\u0119kni\u0119cia p\u0142yt<\/li>\n<li>\u0142atwa i szybka w monta\u017cu<\/li>\n<li>posiada unikaln\u0105 struktur\u0119 tworz\u0105c\u0105 sztywne i g\u0142adkie powierzchnie<\/li>\n<li>zapewnia proste linie naro\u017cnik\u00f3w wewn\u0119trznych<\/li>\n<li>odporna na\u00a0dzia\u0142anie wody i rdzy<\/li>\n<li>wydajna &#8211; pozwala na wykorzystanie 100% materia\u0142u<\/li>\n<li>wielokrotnie mocniejsza ni\u017c zwyk\u0142a ta\u015bma papierowa<\/li>\n<li>nie wymaga moczenia w wodzie<\/li>\n<li>pozwala na pokrycie dowoln\u0105 farb\u0105<\/li>\n<li>nie wymaga stosowania dodatkowych narz\u0119dzi jak spinacze czy ta\u015bmy montuj\u0105ce<\/li>\n<li>wygodna w u\u017cyciu i transporcie<\/li>\n<\/ul>\n<p>&nbsp;<\/p>\n<h2>Spos\u00f3b u\u017cycia:<\/h2>\n<ol>\n<li>Utnij ta\u015bm\u0119 na odpowiedni\u0105 d\u0142ugo\u015b\u0107 i przytnij ko\u0144c\u00f3wki pod k\u0105tem 45\u00b0.<\/li>\n<li>W celu przyklejenia ta\u015bmy zastosuj mas\u0119 gipsow\u0105 (z wyj\u0105tkiem gips\u00f3w szybkoschn\u0105cych &#8211; np. gipsu budowlanego) i umie\u015b\u0107 ta\u015bm\u0119 Tuff Tape w miejscu przeznaczenia.<\/li>\n<li>W przypadku naro\u017cnik\u00f3w wewn\u0119trznych &#8211; z\u0142\u00f3\u017c ta\u015bm\u0119 wzd\u0142u\u017c (napisami do \u015brodka) nast\u0119pnie delikatnie wyprostuj i przyklej, dociskaj\u0105c do rogu wewn\u0119trznego. Dopasuj ta\u015bm\u0119 tak, aby stworzy\u0107 prost\u0105 lini\u0119 rogow\u0105 na za\u0142amaniu.<\/li>\n<li>Usu\u0144 nadmiar masy gipsowej za pomoc\u0105 szpachelki, nie pozostawiaj\u0105c p\u0119cherzyk\u00f3w powietrza pod ta\u015bm\u0105.<\/li>\n<li>Pokryj ta\u015bm\u0119 cienk\u0105 warstw\u0105 masy gipsowej o grubo\u015bci ok. 1 mm, wyr\u00f3wnuj\u0105c z p\u0142aszczyzn\u0105 \u015bciany. Pozostaw do wyschni\u0119cia.<\/li>\n<li>W przypadku naro\u017cnik\u00f3w wewn\u0119trznych &#8211; nie wype\u0142niaj samego rogu mas\u0105 gipsow\u0105 po zainstalowaniu ta\u015bmy. Pozwoli to zachowa\u0107 prost\u0105 lini\u0119 rogow\u0105.<\/li>\n<li>W razie potrzeby zastosuj ponownie mas\u0119 gipsow\u0105 i pozostaw do wyschni\u0119cia.<\/li>\n<li>Wyr\u00f3wnaj nier\u00f3wno\u015bci papierem \u015bciernym o gradacji co najmniej 180.<\/li>\n<li>Wewn\u0119trzn\u0105 lini\u0119 zagi\u0119cia ta\u015bmy przeszlifuj kraw\u0119dzi\u0105 zgi\u0119tego papieru \u015bciernego.<\/li>\n<li>Przy utworzeniu p\u0142askiej powierzchni z p\u0142yt G-K w miejscu ich \u0142\u0105czenia zako\u0144czonego oryginaln\u0105 faz\u0105, kt\u00f3re \u0142\u0105czy si\u0119 z inn\u0105 \u015bcian\u0105 pod r\u00f3\u017cnym k\u0105tem, ta\u015bm\u0119 zastosowan\u0105 w naro\u017cniku wewn\u0119trznym lub rogu zewn\u0119trznym nale\u017cy za\u0142o\u017cy\u0107 na ta\u015bm\u0119 \u0142\u0105cz\u0105c\u0105 p\u0142yty, kt\u00f3re stanowi\u0105 p\u0142ask\u0105 powierzchni\u0119.<\/li>\n<li>Przy utworzeniu p\u0142askiej powierzchni z p\u0142yt G-K, kt\u00f3re nie posiadaj\u0105 fazy. W miejscu ich \u0142\u0105czenia z inn\u0105 \u015bcian\u0105 pod r\u00f3\u017cnym k\u0105tem, ta\u015bm\u0119 \u0142\u0105cz\u0105c\u0105 p\u0142yty stanowi\u0105c\u0105 p\u0142ask\u0105 powierzchni\u0119 nale\u017cy dosun\u0105\u0107 na styk do ta\u015bmy zastosowanej w naro\u017cniku wewn\u0119trznym lub rogu zewn\u0119trznym.<\/li>\n<\/ol>\n","protected":false},"excerpt":{"rendered":"<p>Ta\u015bma<strong> Tuff\u00a0Tape (TT)\u00a0<\/strong> jest doskona\u0142a do maskowania p\u0119kni\u0119\u0107 i rys na sufitach i \u015bcianach, a tak\u017ce do napraw powierzchni, gdzie siatka lub papier uleg\u0142y zniszczeniu. TUFF-TAPE, ze wzgl\u0119du na brak reakcji z wod\u0105, znajduje zastosowanie w miejscach nara\u017conych na wilgo\u0107, tam gdzie ta\u015bma papierowa mog\u0142aby ulec zniszczeniu (np. w okolicach wanien i prysznic\u00f3w). Doskonale nadaje si\u0119 do maskowania p\u0119kni\u0119\u0107 i rys na sufitach i \u015bcianach, a tak\u017ce do napraw powierzchni w miejscach, gdzie papier lub siatka uleg\u0142y zniszczeniu.<\/p>\n","protected":false},"featured_media":21444,"comment_status":"open","ping_status":"closed","template":"","meta":{"_acf_changed":false,"inline_featured_image":false},"product_cat":[2282],"product_tag":[1810,1811,1807],"class_list":{"0":"post-21327","1":"product","2":"type-product","3":"status-publish","4":"has-post-thumbnail","6":"product_cat-tasmy-i-flizeliny","7":"product_tag-maskuje-pekniecia","8":"product_tag-naprawa-powierzchni","9":"product_tag-tuff-tape","11":"first","12":"instock","13":"shipping-taxable","14":"purchasable","15":"product-type-simple"},"acf":[],"_links":{"self":[{"href":"https:\/\/e-adams.pl\/de\/wp-json\/wp\/v2\/product\/21327","targetHints":{"allow":["GET"]}}],"collection":[{"href":"https:\/\/e-adams.pl\/de\/wp-json\/wp\/v2\/product"}],"about":[{"href":"https:\/\/e-adams.pl\/de\/wp-json\/wp\/v2\/types\/product"}],"replies":[{"embeddable":true,"href":"https:\/\/e-adams.pl\/de\/wp-json\/wp\/v2\/comments?post=21327"}],"wp:featuredmedia":[{"embeddable":true,"href":"https:\/\/e-adams.pl\/de\/wp-json\/wp\/v2\/media\/21444"}],"wp:attachment":[{"href":"https:\/\/e-adams.pl\/de\/wp-json\/wp\/v2\/media?parent=21327"}],"wp:term":[{"taxonomy":"product_cat","embeddable":true,"href":"https:\/\/e-adams.pl\/de\/wp-json\/wp\/v2\/product_cat?post=21327"},{"taxonomy":"product_tag","embeddable":true,"href":"https:\/\/e-adams.pl\/de\/wp-json\/wp\/v2\/product_tag?post=21327"}],"curies":[{"name":"wp","href":"https:\/\/api.w.org\/{rel}","templated":true}]}}