{"id":21329,"date":"2023-09-12T12:15:45","date_gmt":"2023-09-12T10:15:45","guid":{"rendered":"https:\/\/e-adams.pl\/produkt\/tytan-no-name-klej-vicol-200g\/"},"modified":"2024-07-15T11:31:20","modified_gmt":"2024-07-15T09:31:20","slug":"klej-vicol-tytan-200g","status":"publish","type":"product","link":"https:\/\/e-adams.pl\/de\/produkt\/klej-vicol-tytan-200g\/","title":{"rendered":"Klej Vicol TYTAN &#8211; 200g"},"content":{"rendered":"<h3>Opis:<\/h3>\n<p>Klej VICOL TYTAN przeznaczony do klejenia na zimno drewna i laminat\u00f3w. Po utwardzeniu daje<br \/>\nelastyczn\u0105 i trwa\u0142\u0105 spoin\u0119. Bardzo szybko osi\u0105ga wytrzyma\u0142o\u015b\u0107 ko\u0144cow\u0105.<br \/>\nPrzeznaczony do prac w pomieszczeniu.<\/p>\n<h3>Zastosowanie<\/h3>\n<p>Klejenie monta\u017cowe mebli, r\u00f3\u017cnych gatunk\u00f3w drewna krajowego, sklejki, p\u0142yt<br \/>\nwi\u00f3rowych i innych materia\u0142\u00f3w drewnopochodnych. Laminowanie p\u0142yt wi\u00f3rowych.<br \/>\nKlejenie stykowe drewna mi\u0119kkiego, p\u0142yt wi\u00f3rowych.<\/p>\n<h3>UWAGI<\/h3>\n<p>Wilgotno\u015b\u0107 klejonego drewna nie mo\u017ce<br \/>\nprzekroczy\u0107 10% &#8211; 12%<br \/>\nUnika\u0107 bezpo\u015bredniego kontaktu ze stal\u0105 ze<br \/>\nwzgl\u0119du na ryzyko wyst\u0105pienia<br \/>\nkorozji lub czernienie po\u0142\u0105cze\u0144.<br \/>\nProdukt w postaci nieutwardzonej mo\u017cna usuwa\u0107<br \/>\nza pomoc\u0105 wody. Po utwardzeniu klej nale\u017cy<br \/>\nusun\u0105\u0107 mechanicznie.<\/p>\n<h3>OPAKOWANIE \/ PRZECHOWYWANIE<\/h3>\n<p>Klej mo\u017cna przechowywa\u0107 do 12 miesi\u0119cy od daty produkcji<br \/>\nw oryginalnie zamkni\u0119tym opakowaniu w<br \/>\nsuchych, dobrze wentylowanych<br \/>\npomieszczeniach, w temperaturze od +5 \u00b0C do<br \/>\n+30\u00b0C<\/p>\n","protected":false},"excerpt":{"rendered":"<p>Uniwersalny klej stolarski przeznaczony przede wszystkim do klejenia na zimno drewna i laminat\u00f3w. Bardzo szybko osi\u0105ga wytrzyma\u0142o\u015b\u0107 ko\u0144cow\u0105. Po utwardzeniu tworzy trwa\u0142\u0105 i elastyczn\u0105 spoin\u0119, odporn\u0105 na temperatury do +100\u00b0C.<\/p>\n","protected":false},"featured_media":21441,"comment_status":"open","ping_status":"closed","template":"","meta":{"_acf_changed":false,"inline_featured_image":false},"product_cat":[1475],"product_tag":[1500,1802],"class_list":{"0":"post-21329","1":"product","2":"type-product","3":"status-publish","4":"has-post-thumbnail","6":"product_cat-kleje-montazowe","7":"product_tag-klej-montazowy","8":"product_tag-vicol-tytan","10":"first","11":"instock","12":"shipping-taxable","13":"purchasable","14":"product-type-simple"},"acf":[],"_links":{"self":[{"href":"https:\/\/e-adams.pl\/de\/wp-json\/wp\/v2\/product\/21329","targetHints":{"allow":["GET"]}}],"collection":[{"href":"https:\/\/e-adams.pl\/de\/wp-json\/wp\/v2\/product"}],"about":[{"href":"https:\/\/e-adams.pl\/de\/wp-json\/wp\/v2\/types\/product"}],"replies":[{"embeddable":true,"href":"https:\/\/e-adams.pl\/de\/wp-json\/wp\/v2\/comments?post=21329"}],"wp:featuredmedia":[{"embeddable":true,"href":"https:\/\/e-adams.pl\/de\/wp-json\/wp\/v2\/media\/21441"}],"wp:attachment":[{"href":"https:\/\/e-adams.pl\/de\/wp-json\/wp\/v2\/media?parent=21329"}],"wp:term":[{"taxonomy":"product_cat","embeddable":true,"href":"https:\/\/e-adams.pl\/de\/wp-json\/wp\/v2\/product_cat?post=21329"},{"taxonomy":"product_tag","embeddable":true,"href":"https:\/\/e-adams.pl\/de\/wp-json\/wp\/v2\/product_tag?post=21329"}],"curies":[{"name":"wp","href":"https:\/\/api.w.org\/{rel}","templated":true}]}}