{"id":21331,"date":"2023-09-12T12:15:46","date_gmt":"2023-09-12T10:15:46","guid":{"rendered":"https:\/\/e-adams.pl\/produkt\/tytan-professional-szpachla-dekarska-1kg-czarny\/"},"modified":"2024-02-15T11:49:24","modified_gmt":"2024-02-15T10:49:24","slug":"tytan-professional-szpachla-dekarska-1kg-czarny","status":"publish","type":"product","link":"https:\/\/e-adams.pl\/de\/produkt\/tytan-professional-szpachla-dekarska-1kg-czarny\/","title":{"rendered":"Szpachla dekarska TYTAN PROFESSIONAL &#8211; 1kg czarny"},"content":{"rendered":"<h3>OPIS<\/h3>\n<p>Jednosk\u0142adnikowa Szpachla dekarska uszczelniaj\u0105co-klej\u0105ca TYTAN PROFESSIONAL z dodatkiem w\u0142\u00f3kien naturalnych przeznaczona do szpachlowania, \u0142\u0105czenia, zabezpieczania i uszczelniania dach\u00f3w oraz innych element\u00f3w bitumicznych i metalowych. Dzi\u0119ki zastosowaniu modyfikowanego asfaltu szpachla ma bardzo dobr\u0105 przyczepno\u015b\u0107 do wi\u0119kszo\u015bci typowych powierzchni budowlanych np. betonu, drewna, papy, pow\u0142ok bitumicznych, blachy ocynkowanej, galwanizowanej, stali tworz\u0105c trwa\u0142\u0105, elastyczn\u0105, wytrzyma\u0142\u0105 i wodoszczeln\u0105 spoin\u0119, odporn\u0105 na promieniowanie UV i zmienne warunki atmosferyczne. Jest bezpieczna dla styropianu.<\/p>\n<h3>ZALETY<\/h3>\n<p>wzmocniona w\u0142\u00f3knami<br \/>\nnatychmiastowe uszczelnienie<br \/>\ndoskona\u0142a przyczepno\u015b\u0107 do szerokiej gamy materia\u0142\u00f3w budowlanych<br \/>\nna wilgotne i suche pod\u0142o\u017ca<br \/>\nkompatybilna z materia\u0142ami bitumicznymi<br \/>\nmo\u017cna stosowa\u0107 w kontakcie ze styropianem<br \/>\nwysoka odporno\u015b\u0107 na temperatur\u0119 i promieniowanie UV<\/p>\n<h2>ZASTOSOWANIE<\/h2>\n<p>Szpachla dekarska TYTAN PROFESSIONAL umozliwia wype\u0142nianie z\u0142\u0105czy i szczelin w pokryciach dachowych<br \/>\nmocowanie dach\u00f3wek, blacho-dach\u00f3wek i gont\u00f3w bitumicznych<br \/>\n\u0142\u0105czenie i podklejanie pokry\u0107 papowych oraz \u0142\u0105czenie z innymi elementami konstrukcyjnymi<br \/>\nwype\u0142nianie dylatacji, bruzd i styk\u00f3w<br \/>\nprzeprowadzanie awaryjnych napraw dekarskich w pokryciach papowych, usuwanie p\u0119kni\u0119\u0107, uszczelnianie przeciek\u00f3w<br \/>\nwype\u0142nianie z\u0142\u0105czy przy obr\u00f3bkach dekarskich np. przy \u0142\u0105czeniu p\u0142yt falistych, po\u0142\u0105cze\u0144 po\u0142aci dachowej z powierzchni\u0105<br \/>\nkomin\u00f3w, \u015bwietlik\u00f3w i okien dach\u00f3w<\/p>\n<h3>DANE TECHNICZNE<\/h3>\n<ul>\n<li>Sk\u0142ad:\u00a0 <b>mieszanina\u00a0 asfalt\u00f3w,\u00a0 kauczuku\u00a0 syntetycznego,\u00a0 \u017cywic\u00a0 i w\u0142\u00f3kien syntetycznych w rozpuszczalnikach organicznych \u00a0<\/b><\/li>\n<li>Kolor:\u00a0 <b>czarny<\/b><\/li>\n<li>Konsystencja:\u00a0<b> jednorodna masa plastyczna<\/b><\/li>\n<li>Odporno\u015b\u0107 termiczna:\u00a0 <b>od -50\u00b0C do +90\u00b0C<\/b><\/li>\n<li>Temperatura nak\u0142adania:\u00a0 <b>od +5\u00b0C do +35\u00b0C<\/b><\/li>\n<li>Czas obr\u00f3bki:\u00a0 <b>do 2 h<\/b><\/li>\n<li>Py\u0142osucho\u015b\u0107:\u00a0 <b>po 6 h<\/b><\/li>\n<li>Zu\u017cycie:\u00a0 <b>1,1-1,2 kg\/m\u00b2 przy grubo\u015bci warstwy 1 mm<\/b><\/li>\n<li>Czyszczenie: <b>narz\u0119dzi\u00a0 benzyn\u0105\u00a0 lakow\u0105\u00a0 lub\u00a0 innym\u00a0 rozcie\u0144czalnikiem organicznym<\/b><\/li>\n<\/ul>\n","protected":false},"excerpt":{"rendered":"<p>Jednosk\u0142adnikowa Szpachla dekarska uszczelniaj\u0105co-klej\u0105ca TYTAN PROFESSIONAL z dodatkiem w\u0142\u00f3kien naturalnych przeznaczona do szpachlowania, \u0142\u0105czenia, zabezpieczania i uszczelniania dach\u00f3w oraz innych element\u00f3w bitumicznych i metalowych.<\/p>\n","protected":false},"featured_media":21435,"comment_status":"open","ping_status":"closed","template":"","meta":{"_acf_changed":false,"inline_featured_image":false},"product_cat":[1472],"product_tag":[1800,1610,1097],"class_list":{"0":"post-21331","1":"product","2":"type-product","3":"status-publish","4":"has-post-thumbnail","6":"product_cat-masy-uszczelniajace","7":"product_tag-szpachla-dekarska","8":"product_tag-tytan-professional","9":"product_tag-uszczelniacz","11":"first","12":"instock","13":"shipping-taxable","14":"purchasable","15":"product-type-simple"},"acf":[],"_links":{"self":[{"href":"https:\/\/e-adams.pl\/de\/wp-json\/wp\/v2\/product\/21331","targetHints":{"allow":["GET"]}}],"collection":[{"href":"https:\/\/e-adams.pl\/de\/wp-json\/wp\/v2\/product"}],"about":[{"href":"https:\/\/e-adams.pl\/de\/wp-json\/wp\/v2\/types\/product"}],"replies":[{"embeddable":true,"href":"https:\/\/e-adams.pl\/de\/wp-json\/wp\/v2\/comments?post=21331"}],"wp:featuredmedia":[{"embeddable":true,"href":"https:\/\/e-adams.pl\/de\/wp-json\/wp\/v2\/media\/21435"}],"wp:attachment":[{"href":"https:\/\/e-adams.pl\/de\/wp-json\/wp\/v2\/media?parent=21331"}],"wp:term":[{"taxonomy":"product_cat","embeddable":true,"href":"https:\/\/e-adams.pl\/de\/wp-json\/wp\/v2\/product_cat?post=21331"},{"taxonomy":"product_tag","embeddable":true,"href":"https:\/\/e-adams.pl\/de\/wp-json\/wp\/v2\/product_tag?post=21331"}],"curies":[{"name":"wp","href":"https:\/\/api.w.org\/{rel}","templated":true}]}}