{"id":21332,"date":"2023-09-12T12:15:47","date_gmt":"2023-09-12T10:15:47","guid":{"rendered":"https:\/\/e-adams.pl\/produkt\/tytan-professional-woda-stop-1kg-czarny\/"},"modified":"2024-05-10T11:02:23","modified_gmt":"2024-05-10T09:02:23","slug":"woda-stop-tytan-professional-1kg-czarny","status":"publish","type":"product","link":"https:\/\/e-adams.pl\/de\/produkt\/woda-stop-tytan-professional-1kg-czarny\/","title":{"rendered":"Woda stop TYTAN PROFESSIONAL &#8211; 1kg czarny"},"content":{"rendered":"<h3>OPIS:<\/h3>\n<p>Gotowa do u\u017cycia uszczelniaj\u0105ca masa asfaltowa TYTAN PROFESSIONAL przeznaczona do natychmiastowych napraw pokry\u0107 dachowych, rynien itp. Specjalne dodatki chemiczne umo\u017cliwiaj\u0105ce stosowanie na wilgotnych pod\u0142o\u017cach oraz tworzenie elastycznych, wzmocnionych w\u0142\u00f3knami pow\u0142ok wodochronnych sprawiaj\u0105, \u017ce masa jest idealna do szybkich i dora\u017anych napraw. Nie stosowa\u0107 w kontakcie ze styropianem, smo\u0142\u0105 i do pap smo\u0142owych.<\/p>\n<h3>ZALETY:<\/h3>\n<p>-Mo\u017cna stosowa\u0107 w czasie deszczu<\/p>\n<p>-Gotowa do natychmiastowego u\u017cycia<\/p>\n<p>-Odporna na zmienne warunki atmosferyczne<\/p>\n<h2>ZASTOSOWANIE:<\/h2>\n<p>-Awaryjne naprawy przeciekaj\u0105cych pokry\u0107 dachowych<\/p>\n<p>-Uszczelnianie po\u0142\u0105cze\u0144 rynien, koszy i rur spustowych<\/p>\n<p>-Naprawcze podklejanie papy do papy, betonu<\/p>\n<p>-Uszczelnianie p\u0119kni\u0119\u0107 i rys w pokryciach dekarskich i murach<\/p>\n<p>-Uszczelnianie z\u0142\u0105czy pomi\u0119dzy materia\u0142ami dekarskimi takimi jak np. papa, dach\u00f3wka, blacha, p\u0142yty azbestowe itp.<\/p>\n<h3>Paramatry:<\/h3>\n<ul>\n<li>Rodzaj masa bitumiczna<\/li>\n<li>Pojemno\u015b\u0107 1 l<\/li>\n<li>Kolor czarny<\/li>\n<li>Waga produktu z opakowaniem jednostkowym 1 kg<\/li>\n<\/ul>\n","protected":false},"excerpt":{"rendered":"<p>Gotowa do u\u017cycia uszczelniaj\u0105ca masa asfaltowa TYTAN PROFESSJANAL przeznaczona do natychmiastowych napraw pokry\u0107 dachowych, rynien.<\/p>\n","protected":false},"featured_media":21432,"comment_status":"open","ping_status":"closed","template":"","meta":{"_acf_changed":false,"inline_featured_image":false},"product_cat":[1472],"product_tag":[],"class_list":{"0":"post-21332","1":"product","2":"type-product","3":"status-publish","4":"has-post-thumbnail","6":"product_cat-masy-uszczelniajace","8":"first","9":"outofstock","10":"shipping-taxable","11":"purchasable","12":"product-type-simple"},"acf":[],"_links":{"self":[{"href":"https:\/\/e-adams.pl\/de\/wp-json\/wp\/v2\/product\/21332","targetHints":{"allow":["GET"]}}],"collection":[{"href":"https:\/\/e-adams.pl\/de\/wp-json\/wp\/v2\/product"}],"about":[{"href":"https:\/\/e-adams.pl\/de\/wp-json\/wp\/v2\/types\/product"}],"replies":[{"embeddable":true,"href":"https:\/\/e-adams.pl\/de\/wp-json\/wp\/v2\/comments?post=21332"}],"wp:featuredmedia":[{"embeddable":true,"href":"https:\/\/e-adams.pl\/de\/wp-json\/wp\/v2\/media\/21432"}],"wp:attachment":[{"href":"https:\/\/e-adams.pl\/de\/wp-json\/wp\/v2\/media?parent=21332"}],"wp:term":[{"taxonomy":"product_cat","embeddable":true,"href":"https:\/\/e-adams.pl\/de\/wp-json\/wp\/v2\/product_cat?post=21332"},{"taxonomy":"product_tag","embeddable":true,"href":"https:\/\/e-adams.pl\/de\/wp-json\/wp\/v2\/product_tag?post=21332"}],"curies":[{"name":"wp","href":"https:\/\/api.w.org\/{rel}","templated":true}]}}