{"id":21334,"date":"2023-09-12T12:15:48","date_gmt":"2023-09-12T10:15:48","guid":{"rendered":"https:\/\/e-adams.pl\/produkt\/ub-uno-bead-30mb-tasma-do-rogow-zew-i-wew\/"},"modified":"2024-02-15T11:49:02","modified_gmt":"2024-02-15T10:49:02","slug":"tasma-do-rogow-ub-uno-bead-30m","status":"publish","type":"product","link":"https:\/\/e-adams.pl\/de\/produkt\/tasma-do-rogow-ub-uno-bead-30m\/","title":{"rendered":"Ta\u015bma do rog\u00f3w UB-UNO BEAD 30m"},"content":{"rendered":"<h3>OPIS:<\/h3>\n<p>Ta\u015bma do rog\u00f3w UB-UNO BEAD jest doskona\u0142a do \u0142\u0105cze\u0144 p\u0142yt gipsowo-kartonowych na rogach zewn\u0119trznych i w naro\u017cnikach wewn\u0119trznych.<br \/>\nTa\u015bma wyr\u00f3wnuje, prostuje i usztywnia skomplikowane, trudne do wyprowadzenia rogi zewn\u0119trzne, naro\u017cniki wewn\u0119trzne \u015bcian i sufit\u00f3w o k\u0105tach o dowolnym stopniu rozwarcia.<br \/>\nUNO-BEAD znajduje zastosowanie w miejscach nara\u017conych na wilgo\u0107, np.: w okolicach wanien i prysznic\u00f3w<\/p>\n<h2>SPOS\u00d3B U\u017bYCIA:<\/h2>\n<p>1. Utnij ta\u015bm\u0119 na odpowiedni\u0105 d\u0142ugo\u015b\u0107 i przytnij ko\u0144c\u00f3wki pod k\u0105tem 45 stopni.<br \/>\n2. Z\u0142\u00f3\u017c ta\u015bm\u0119 wzd\u0142u\u017c (napisami do \u015brodka na rogach<br \/>\nzewn\u0119trznych, oraz stosuj napisami na zewn\u0105trz<br \/>\nw naro\u017cnikach wewn\u0119trznych).<br \/>\n3. W celu przyklejenia zastosuj mas\u0119 gipsow\u0105, po czym<br \/>\numie\u015b\u0107 ta\u015bm\u0119 UNO-BEAD w miejscu przeznaczenia,<br \/>\nZASTOSOWANIE TA\u015aMY UNO-BEAD<br \/>\nTa\u015bma UNO-BEAD jest doskona\u0142a do \u0142\u0105cze\u0144 p\u0142yt gipsowo-kartonowych na rogach zewn\u0119trznych i w naro\u017cnikach<br \/>\nwewn\u0119trznych.<br \/>\nTa\u015bma wyr\u00f3wnuje, prostuje i usztywnia skomplikowane, trudne do wyprowadzenia rogi zewn\u0119trzne, naro\u017cniki wewn\u0119trzne \u015bcian i sufit\u00f3w o k\u0105tach o dowolnym stopniu rozwarcia.<br \/>\nUNO-BEAD znajduje zastosowanie w miejscach nara\u017conych na wilgo\u0107, np.: w okolicach wanien i prysznic\u00f3w.<br \/>\nta\u015bma UNO-BEAD<br \/>\ndociskaj\u0105c do naro\u017cnika wewn\u0119trznego lub rogu zewn\u0119trznego.<br \/>\n4. Dopasuj ta\u015bm\u0119 tak, aby stworzy\u0107 prost\u0105 lini\u0119 rogow\u0105<br \/>\nna za\u0142amaniu.<br \/>\n5. Usu\u0144 nadmiar masy gipsowej za pomoc\u0105 szpachelki,<br \/>\nnie pozostawiaj\u0105c p\u0119cherzyk\u00f3w powietrza pod ta\u015bm\u0105.<br \/>\n6. Pokryj przyklejon\u0105 ta\u015bm\u0119 cienk\u0105 warstw\u0105 masy<br \/>\ngipsowej o grubo\u015bci do 0,6 mm wyr\u00f3wnuj\u0105c z<br \/>\np\u0142aszczyzn\u0105 \u015bciany, pozostaw do wyschni\u0119cia.<br \/>\n7. W przypadku naro\u017cnik\u00f3w wewn\u0119trznych \u2013 nie wype\u0142niaj samego rogu mas\u0105 gipsow\u0105 ju\u017c po zainstalowaniu ta\u015bmy. Pozwoli to zachowa\u0107 prost\u0105 lini\u0119 rogow\u0105.<br \/>\n8. W razie potrzeby zastosuj ponownie mas\u0119 gipsow\u0105<br \/>\ni pozostaw do wyschni\u0119cia.<br \/>\n9. Wyr\u00f3wnaj nier\u00f3wno\u015bci papierem \u015bciernym o gradacji, co najmniej 180.<\/p>\n<h3><span style=\"font-size: 16px;\">DANE TECHNICZNE:<\/span><\/h3>\n<p>\u2022 D\u0141UGO\u015a\u0106: 30mb<br \/>\n\u2022 GRUBO\u015a\u0106: 0,8mm.<br \/>\n\u2022 ZEROKO\u015a\u0106: 61mm.<\/p>\n","protected":false},"excerpt":{"rendered":"<p>Ta\u015bma do rog\u00f3w UB-UNO BEAD jest doskona\u0142a do \u0142\u0105cze\u0144 p\u0142yt gipsowo-kartonowych na rogach zewn\u0119trznych i w naro\u017cnikach wewn\u0119trznych.<br \/>\nTa\u015bma wyr\u00f3wnuje, prostuje i usztywnia skomplikowane, trudne do wyprowadzenia rogi zewn\u0119trzne, naro\u017cniki wewn\u0119trzne \u015bcian i sufit\u00f3w o k\u0105tach o dowolnym stopniu rozwarcia.<\/p>\n","protected":false},"featured_media":22082,"comment_status":"open","ping_status":"closed","template":"","meta":{"_acf_changed":false,"inline_featured_image":false},"product_cat":[2282],"product_tag":[2052,2054,2053],"class_list":{"0":"post-21334","1":"product","2":"type-product","3":"status-publish","4":"has-post-thumbnail","6":"product_cat-tasmy-i-flizeliny","7":"product_tag-center-flex","8":"product_tag-plyty-gk","9":"product_tag-tasma-do-rogow","11":"first","12":"instock","13":"shipping-taxable","14":"purchasable","15":"product-type-simple"},"acf":[],"_links":{"self":[{"href":"https:\/\/e-adams.pl\/de\/wp-json\/wp\/v2\/product\/21334","targetHints":{"allow":["GET"]}}],"collection":[{"href":"https:\/\/e-adams.pl\/de\/wp-json\/wp\/v2\/product"}],"about":[{"href":"https:\/\/e-adams.pl\/de\/wp-json\/wp\/v2\/types\/product"}],"replies":[{"embeddable":true,"href":"https:\/\/e-adams.pl\/de\/wp-json\/wp\/v2\/comments?post=21334"}],"wp:featuredmedia":[{"embeddable":true,"href":"https:\/\/e-adams.pl\/de\/wp-json\/wp\/v2\/media\/22082"}],"wp:attachment":[{"href":"https:\/\/e-adams.pl\/de\/wp-json\/wp\/v2\/media?parent=21334"}],"wp:term":[{"taxonomy":"product_cat","embeddable":true,"href":"https:\/\/e-adams.pl\/de\/wp-json\/wp\/v2\/product_cat?post=21334"},{"taxonomy":"product_tag","embeddable":true,"href":"https:\/\/e-adams.pl\/de\/wp-json\/wp\/v2\/product_tag?post=21334"}],"curies":[{"name":"wp","href":"https:\/\/api.w.org\/{rel}","templated":true}]}}