{"id":21335,"date":"2023-09-12T12:15:49","date_gmt":"2023-09-12T10:15:49","guid":{"rendered":"https:\/\/e-adams.pl\/produkt\/uchwyt-do-mocowania-szpachli-fasadowej-5990\/"},"modified":"2024-02-15T11:49:05","modified_gmt":"2024-02-15T10:49:05","slug":"uchwyt-do-mocowania-szpachli-fasadowej-solid","status":"publish","type":"product","link":"https:\/\/e-adams.pl\/de\/produkt\/uchwyt-do-mocowania-szpachli-fasadowej-solid\/","title":{"rendered":"Uchwyt do mocowania szpachli fasadowej SOLID"},"content":{"rendered":"<h3>OPIS:<\/h3>\n<p>Uchwyt do mocowania szpachli fasadowej <a href=\"https:\/\/e-adams.pl\/solid\">SOLID<\/a> z regulacj\u0105 k\u0105ta. Uchwyt daje mo\u017cliwo\u015b\u0107 po\u0142\u0105czenia szpachli fasadowej z kijem (trzonkiem), co zwi\u0119ksza komfort i wygod\u0119 pracy. Regulacja k\u0105ta uchwytu pozwala na prac\u0119 pod wybranym wygodnym dla u\u017cytkownika k\u0105tem, co znacznie przyspieszy prace i zwi\u0119kszy jej komfort.<\/p>\n<p>Uchwyt zosta\u0142 wykonany z blachy ocynkowanej.<\/p>\n<h3>DANE TECHNICZNE:<\/h3>\n<ul class=\"information\">\n<li class=\"product_man_code_container\"><span class=\"text-muted\">Kod producenta:<\/span>\u00a0<span class=\"product_man_code\">5906554516811<\/span><\/li>\n<li><label class=\"label\">Kod producenta: <\/label>5990<\/li>\n<li>Waga: ok 0,9kg<\/li>\n<li><\/li>\n<\/ul>\n","protected":false},"excerpt":{"rendered":"<p>Uchwyt do mocowania szpachli fasadowej SOLID z regulacj\u0105 k\u0105ta. Uchwyt daje mo\u017cliwo\u015b\u0107 po\u0142\u0105czenia szpachli fasadowej z kijem (trzonkiem), co zwi\u0119ksza komfort i wygod\u0119 pracy. Regulacja k\u0105ta uchwytu pozwala na prac\u0119 pod wybranym wygodnym dla u\u017cytkownika k\u0105tem, co znacznie przyspieszy prace i zwi\u0119kszy jej komfort.<\/p>\n","protected":false},"featured_media":22385,"comment_status":"open","ping_status":"closed","template":"","meta":{"_acf_changed":false,"inline_featured_image":false},"product_cat":[196],"product_tag":[1815,2204],"class_list":{"0":"post-21335","1":"product","2":"type-product","3":"status-publish","4":"has-post-thumbnail","6":"product_cat-narzedzia-reczne","7":"product_tag-solid","8":"product_tag-uchwyt-do-mocowania-szpachli","10":"first","11":"instock","12":"shipping-taxable","13":"purchasable","14":"product-type-simple"},"acf":[],"_links":{"self":[{"href":"https:\/\/e-adams.pl\/de\/wp-json\/wp\/v2\/product\/21335","targetHints":{"allow":["GET"]}}],"collection":[{"href":"https:\/\/e-adams.pl\/de\/wp-json\/wp\/v2\/product"}],"about":[{"href":"https:\/\/e-adams.pl\/de\/wp-json\/wp\/v2\/types\/product"}],"replies":[{"embeddable":true,"href":"https:\/\/e-adams.pl\/de\/wp-json\/wp\/v2\/comments?post=21335"}],"wp:featuredmedia":[{"embeddable":true,"href":"https:\/\/e-adams.pl\/de\/wp-json\/wp\/v2\/media\/22385"}],"wp:attachment":[{"href":"https:\/\/e-adams.pl\/de\/wp-json\/wp\/v2\/media?parent=21335"}],"wp:term":[{"taxonomy":"product_cat","embeddable":true,"href":"https:\/\/e-adams.pl\/de\/wp-json\/wp\/v2\/product_cat?post=21335"},{"taxonomy":"product_tag","embeddable":true,"href":"https:\/\/e-adams.pl\/de\/wp-json\/wp\/v2\/product_tag?post=21335"}],"curies":[{"name":"wp","href":"https:\/\/api.w.org\/{rel}","templated":true}]}}