{"id":21337,"date":"2023-09-12T12:15:51","date_gmt":"2023-09-12T10:15:51","guid":{"rendered":"https:\/\/e-adams.pl\/produkt\/walek-do-gladzi-25-cm-6221\/"},"modified":"2024-07-15T11:31:18","modified_gmt":"2024-07-15T09:31:18","slug":"walek-do-gladzi-solid-25cm","status":"publish","type":"product","link":"https:\/\/e-adams.pl\/de\/produkt\/walek-do-gladzi-solid-25cm\/","title":{"rendered":"Wa\u0142ek do g\u0142adzi SOLID 25cm"},"content":{"rendered":"<h3>OPIS:<\/h3>\n<p>Wa\u0142ek do g\u0142adzi <a href=\"https:\/\/e-adams.pl\/solid\">SOLID<\/a> jest \u015bwietnym narz\u0119dziem, kt\u00f3re pozwala na r\u0119czne nak\u0142adanie g\u0142adzi czy mas szpachlowych, na powierzchni\u0119 \u015bcian i sufit\u00f3w. Sam wa\u0142ek wykonano z w\u0142\u00f3kien nylonowych, co sprawia, \u017ce jest zar\u00f3wno trwa\u0142y jak i skuteczny w pracy oraz \u0142atwy w czyszczeniu. Pasuje na zwyk\u0142\u0105 r\u0105czk\u0119 do wa\u0142ka o \u015brednicy 8mm. Kilkukrotnie skraca czas pracy w por\u00f3wnaniu do nak\u0142adania mas pac\u0105.<\/p>\n<h3>DANE TECHNICZNE:<\/h3>\n<p>\u2022 Kod produktu: 6221<br \/>\n\u2022 Kod EAN: 5903076907349<\/p>\n","protected":false},"excerpt":{"rendered":"<p>Wa\u0142ek do g\u0142adzi SOLID jest \u015bwietnym narz\u0119dziem, kt\u00f3re pozwala na r\u0119czne nak\u0142adanie g\u0142adzi czy mas szpachlowych, na powierzchni\u0119 \u015bcian i sufit\u00f3w. Sam wa\u0142ek wykonano z w\u0142\u00f3kien nylonowych, co sprawia, \u017ce jest zar\u00f3wno trwa\u0142y jak i skuteczny w pracy oraz \u0142atwy w czyszczeniu. Pasuje na zwyk\u0142\u0105 r\u0105czk\u0119 do wa\u0142ka o \u015brednicy 8mm.<\/p>\n","protected":false},"featured_media":22480,"comment_status":"open","ping_status":"closed","template":"","meta":{"_acf_changed":false,"inline_featured_image":false},"product_cat":[196],"product_tag":[2256,1815,2255],"class_list":{"0":"post-21337","1":"product","2":"type-product","3":"status-publish","4":"has-post-thumbnail","6":"product_cat-narzedzia-reczne","7":"product_tag-nakladanie-gladzi","8":"product_tag-solid","9":"product_tag-walek-do-gladzi","11":"first","12":"instock","13":"shipping-taxable","14":"purchasable","15":"product-type-simple"},"acf":[],"_links":{"self":[{"href":"https:\/\/e-adams.pl\/de\/wp-json\/wp\/v2\/product\/21337","targetHints":{"allow":["GET"]}}],"collection":[{"href":"https:\/\/e-adams.pl\/de\/wp-json\/wp\/v2\/product"}],"about":[{"href":"https:\/\/e-adams.pl\/de\/wp-json\/wp\/v2\/types\/product"}],"replies":[{"embeddable":true,"href":"https:\/\/e-adams.pl\/de\/wp-json\/wp\/v2\/comments?post=21337"}],"wp:featuredmedia":[{"embeddable":true,"href":"https:\/\/e-adams.pl\/de\/wp-json\/wp\/v2\/media\/22480"}],"wp:attachment":[{"href":"https:\/\/e-adams.pl\/de\/wp-json\/wp\/v2\/media?parent=21337"}],"wp:term":[{"taxonomy":"product_cat","embeddable":true,"href":"https:\/\/e-adams.pl\/de\/wp-json\/wp\/v2\/product_cat?post=21337"},{"taxonomy":"product_tag","embeddable":true,"href":"https:\/\/e-adams.pl\/de\/wp-json\/wp\/v2\/product_tag?post=21337"}],"curies":[{"name":"wp","href":"https:\/\/api.w.org\/{rel}","templated":true}]}}