{"id":21342,"date":"2023-09-12T12:15:54","date_gmt":"2023-09-12T10:15:54","guid":{"rendered":"https:\/\/e-adams.pl\/produkt\/zdzierak-do-posadzek-300mm-bez-trzonka-k-4-6181\/"},"modified":"2024-05-10T11:02:22","modified_gmt":"2024-05-10T09:02:22","slug":"zdzierak-do-posadzek-solid-300mm-bez-trzonka","status":"publish","type":"product","link":"https:\/\/e-adams.pl\/de\/produkt\/zdzierak-do-posadzek-solid-300mm-bez-trzonka\/","title":{"rendered":"Zdzierak do posadzek SOLID 300mm bez trzonka"},"content":{"rendered":"<h3>OPIS:<\/h3>\n<p>Zdzierak do posadzek <a href=\"https:\/\/e-adams.pl\/solid\/\">SOLID<\/a> to niezast\u0105pione narz\u0119dzie do prac brukarskich i budowlanych, a w szczeg\u00f3lno\u015bci do sprawnego i szybkiego usuwania,\u00a0zdzierania, zbijania i r\u00f3wnania posadzek betonowych. Zdzierak wykonany z mocnej, hartowanej stali nierdzewnej, dzi\u0119ki czemu jest odporny na silny docisk do pod\u0142o\u017ca. Posiada grube,\u00a0wymienne ostrze, stabilnie zamocowane.<\/p>\n<p>Dodatkowo\u00a0wzmocniony stalowymi wspornikami, co sprawia, \u017ce mo\u017ce by\u0107 wykorzystywany w naprawd\u0119 trudnych warunkach.<\/p>\n<p>Szeroko\u015b\u0107 30 cm , 300mm<\/p>\n<p>Wysoko\u015b\u0107 15cm,\u00a0 150mm<\/p>\n","protected":false},"excerpt":{"rendered":"<p>Zdzierak do posadzek <a href=\"https:\/\/e-adams.pl\/solid\/\">SOLID<\/a> to niezast\u0105pione narz\u0119dzie do prac brukarskich i budowlanych, a w szczeg\u00f3lno\u015bci do sprawnego i szybkiego usuwania,\u00a0zdzierania, zbijania i r\u00f3wnania posadzek betonowych. Zdzierak wykonany z mocnej, hartowanej stali nierdzewnej, dzi\u0119ki czemu jest odporny na silny docisk do pod\u0142o\u017ca. Posiada grube,\u00a0wymienne ostrze, stabilnie zamocowane.<\/p>\n","protected":false},"featured_media":22308,"comment_status":"open","ping_status":"closed","template":"","meta":{"_acf_changed":false,"inline_featured_image":false},"product_cat":[196],"product_tag":[1878,2179],"class_list":{"0":"post-21342","1":"product","2":"type-product","3":"status-publish","4":"has-post-thumbnail","6":"product_cat-narzedzia-reczne","7":"product_tag-rubi","8":"product_tag-zdzierak-do-posadzek","10":"first","11":"instock","12":"shipping-taxable","13":"purchasable","14":"product-type-simple"},"acf":[],"_links":{"self":[{"href":"https:\/\/e-adams.pl\/de\/wp-json\/wp\/v2\/product\/21342","targetHints":{"allow":["GET"]}}],"collection":[{"href":"https:\/\/e-adams.pl\/de\/wp-json\/wp\/v2\/product"}],"about":[{"href":"https:\/\/e-adams.pl\/de\/wp-json\/wp\/v2\/types\/product"}],"replies":[{"embeddable":true,"href":"https:\/\/e-adams.pl\/de\/wp-json\/wp\/v2\/comments?post=21342"}],"wp:featuredmedia":[{"embeddable":true,"href":"https:\/\/e-adams.pl\/de\/wp-json\/wp\/v2\/media\/22308"}],"wp:attachment":[{"href":"https:\/\/e-adams.pl\/de\/wp-json\/wp\/v2\/media?parent=21342"}],"wp:term":[{"taxonomy":"product_cat","embeddable":true,"href":"https:\/\/e-adams.pl\/de\/wp-json\/wp\/v2\/product_cat?post=21342"},{"taxonomy":"product_tag","embeddable":true,"href":"https:\/\/e-adams.pl\/de\/wp-json\/wp\/v2\/product_tag?post=21342"}],"curies":[{"name":"wp","href":"https:\/\/api.w.org\/{rel}","templated":true}]}}