{"id":21343,"date":"2023-09-12T12:15:55","date_gmt":"2023-09-12T10:15:55","guid":{"rendered":"https:\/\/e-adams.pl\/produkt\/zdzierak-do-tynkow-aluminiowy-a-5-6180\/"},"modified":"2024-02-15T11:49:23","modified_gmt":"2024-02-15T10:49:23","slug":"zdzierak-do-tynkow-aluminiowy-a-5-6180","status":"publish","type":"product","link":"https:\/\/e-adams.pl\/de\/produkt\/zdzierak-do-tynkow-aluminiowy-a-5-6180\/","title":{"rendered":"Zdzierak do tynk\u00f3w aluminiowy SOLID"},"content":{"rendered":"<h3>OPIS:<\/h3>\n<p>Zdzierak do tynk\u00f3w aluminiowy <a href=\"https:\/\/e-adams.pl\/solid\">SOLID<\/a> przeznaczony do gruntownego oczyszczania malowanych \u015bcian, usuwania starych tynk\u00f3w, wyr\u00f3wnywania powierzchni, likwidowania nier\u00f3wno\u015bci podczas prac tynkarskich i wyko\u0144czeniowych. Korpus tarnika, odlewany z aluminium, jest lekki i bardzo stabilny.<\/p>\n<p>P\u0142aszczyzna robocza wyposa\u017cona w stalowe ostrza, kt\u00f3re dzi\u0119ki specjalnemu u\u0142o\u017ceniu, skutecznie zdzieraj\u0105 nadmiar materia\u0142u (tynku, zaprawy, kleju lub farby).<\/p>\n<h3>DANE TECHNICZNE:<\/h3>\n<p>\u2022 D\u0142ugo\u015b\u0107: 450 mm<br \/>\n\u2022 Szeroko\u015b\u0107: 90 mm<br \/>\n\u2022 Indeks producenta: 6180<br \/>\n\u2022 Kod EAN: 5906554514534<\/p>\n","protected":false},"excerpt":{"rendered":"<p>Zdzierak do tynk\u00f3w aluminiowy <a href=\"https:\/\/e-adams.pl\/solid\">SOLID<\/a> przeznaczony do gruntownego oczyszczania malowanych \u015bcian, usuwania starych tynk\u00f3w, wyr\u00f3wnywania powierzchni, likwidowania nier\u00f3wno\u015bci podczas prac tynkarskich i wyko\u0144czeniowych. Korpus tarnika, odlewany z aluminium, jest lekki i bardzo stabilny.<\/p>\n","protected":false},"featured_media":22383,"comment_status":"open","ping_status":"closed","template":"","meta":{"_acf_changed":false,"inline_featured_image":false},"product_cat":[196],"product_tag":[1864,1815,2203],"class_list":{"0":"post-21343","1":"product","2":"type-product","3":"status-publish","4":"has-post-thumbnail","6":"product_cat-narzedzia-reczne","7":"product_tag-aluminiowy","8":"product_tag-solid","9":"product_tag-zdzierak-do-tynkow","11":"first","12":"instock","13":"shipping-taxable","14":"purchasable","15":"product-type-simple"},"acf":[],"_links":{"self":[{"href":"https:\/\/e-adams.pl\/de\/wp-json\/wp\/v2\/product\/21343","targetHints":{"allow":["GET"]}}],"collection":[{"href":"https:\/\/e-adams.pl\/de\/wp-json\/wp\/v2\/product"}],"about":[{"href":"https:\/\/e-adams.pl\/de\/wp-json\/wp\/v2\/types\/product"}],"replies":[{"embeddable":true,"href":"https:\/\/e-adams.pl\/de\/wp-json\/wp\/v2\/comments?post=21343"}],"wp:featuredmedia":[{"embeddable":true,"href":"https:\/\/e-adams.pl\/de\/wp-json\/wp\/v2\/media\/22383"}],"wp:attachment":[{"href":"https:\/\/e-adams.pl\/de\/wp-json\/wp\/v2\/media?parent=21343"}],"wp:term":[{"taxonomy":"product_cat","embeddable":true,"href":"https:\/\/e-adams.pl\/de\/wp-json\/wp\/v2\/product_cat?post=21343"},{"taxonomy":"product_tag","embeddable":true,"href":"https:\/\/e-adams.pl\/de\/wp-json\/wp\/v2\/product_tag?post=21343"}],"curies":[{"name":"wp","href":"https:\/\/api.w.org\/{rel}","templated":true}]}}