{"id":21344,"date":"2023-09-12T12:15:56","date_gmt":"2023-09-12T10:15:56","guid":{"rendered":"https:\/\/e-adams.pl\/produkt\/zdzierak-do-tynkow-eco-5398\/"},"modified":"2024-05-10T11:02:25","modified_gmt":"2024-05-10T09:02:25","slug":"zdzierak-do-tynkow-solid-eco","status":"publish","type":"product","link":"https:\/\/e-adams.pl\/de\/produkt\/zdzierak-do-tynkow-solid-eco\/","title":{"rendered":"Zdzierak do tynk\u00f3w SOLID ECO"},"content":{"rendered":"<h3>OPIS:<\/h3>\n<p>Zdzierak do tynk\u00f3w <a href=\"https:\/\/e-adams.pl\/solid\">SOLID<\/a> to narz\u0119dzie niezast\u0105pione podczas generalnych remont\u00f3w mieszka\u0144 \u2013 umo\u017cliwia sprawne i szybkie usuni\u0119cie starych pow\u0142ok tynkarskich. Zosta\u0142 wykonany z mocnej stali, dzi\u0119ki czemu jest odporny na mocne dociskanie go do pod\u0142o\u017ca. Wygodn\u0105 prac\u0119 zapewnia r\u0105czka wyko\u0144czona uchwytem z tworzywa sztucznego.<\/p>\n<h2><strong>Zastosowanie:<\/strong><\/h2>\n<ul>\n<li>do gruntownego oczyszczania malowanych \u015bcian<\/li>\n<li>do usuwania starych tynk\u00f3w<\/li>\n<li>do wyr\u00f3wnywania powierzchni<\/li>\n<li>do likwidowania nier\u00f3wno\u015bci podczas prac tynkarskich i wyko\u0144czeniowych<\/li>\n<\/ul>\n<h3>DANE TECHNICZNE:<\/h3>\n<p>\u2022 EAN: 5903076900043<br \/>\n\u2022 Kod producenta: 5398<\/p>\n","protected":false},"excerpt":{"rendered":"<p>Zdzierak do tynk\u00f3w <a href=\"https:\/\/e-adams.pl\/solid\">SOLID<\/a> to narz\u0119dzie niezast\u0105pione podczas generalnych remont\u00f3w mieszka\u0144 \u2013 umo\u017cliwia sprawne i szybkie usuni\u0119cie starych pow\u0142ok tynkarskich. Zosta\u0142 wykonany z mocnej stali, dzi\u0119ki czemu jest odporny na mocne dociskanie go do pod\u0142o\u017ca. Wygodn\u0105 prac\u0119 zapewnia r\u0105czka wyko\u0144czona uchwytem z tworzywa sztucznego.<\/p>\n","protected":false},"featured_media":22592,"comment_status":"open","ping_status":"closed","template":"","meta":{"_acf_changed":false,"inline_featured_image":false},"product_cat":[196],"product_tag":[1815,2203],"class_list":{"0":"post-21344","1":"product","2":"type-product","3":"status-publish","4":"has-post-thumbnail","6":"product_cat-narzedzia-reczne","7":"product_tag-solid","8":"product_tag-zdzierak-do-tynkow","10":"first","11":"instock","12":"shipping-taxable","13":"purchasable","14":"product-type-simple"},"acf":[],"_links":{"self":[{"href":"https:\/\/e-adams.pl\/de\/wp-json\/wp\/v2\/product\/21344","targetHints":{"allow":["GET"]}}],"collection":[{"href":"https:\/\/e-adams.pl\/de\/wp-json\/wp\/v2\/product"}],"about":[{"href":"https:\/\/e-adams.pl\/de\/wp-json\/wp\/v2\/types\/product"}],"replies":[{"embeddable":true,"href":"https:\/\/e-adams.pl\/de\/wp-json\/wp\/v2\/comments?post=21344"}],"wp:featuredmedia":[{"embeddable":true,"href":"https:\/\/e-adams.pl\/de\/wp-json\/wp\/v2\/media\/22592"}],"wp:attachment":[{"href":"https:\/\/e-adams.pl\/de\/wp-json\/wp\/v2\/media?parent=21344"}],"wp:term":[{"taxonomy":"product_cat","embeddable":true,"href":"https:\/\/e-adams.pl\/de\/wp-json\/wp\/v2\/product_cat?post=21344"},{"taxonomy":"product_tag","embeddable":true,"href":"https:\/\/e-adams.pl\/de\/wp-json\/wp\/v2\/product_tag?post=21344"}],"curies":[{"name":"wp","href":"https:\/\/api.w.org\/{rel}","templated":true}]}}