{"id":21346,"date":"2023-09-12T12:15:57","date_gmt":"2023-09-12T10:15:57","guid":{"rendered":"https:\/\/e-adams.pl\/produkt\/zestaw-glazurniczy-professional-5999\/"},"modified":"2024-07-15T11:31:18","modified_gmt":"2024-07-15T09:31:18","slug":"zestaw-glazurniczy-solid-professional","status":"publish","type":"product","link":"https:\/\/e-adams.pl\/de\/produkt\/zestaw-glazurniczy-solid-professional\/","title":{"rendered":"Zestaw glazurniczy SOLID PROFESSIONAL"},"content":{"rendered":"<h3>OPIS:<\/h3>\n<p>Zestaw glazurniczy firmy <a href=\"https:\/\/e-adams.pl\/solid\/\">SOLID<\/a> to narz\u0119dzia i akcesoria wykorzystywane do prac glazurniczych, czyli uk\u0142adania p\u0142ytek ceramicznych na \u015bcianach, pod\u0142ogach lub innych powierzchniach. Narz\u0119dzia zosta\u0142y wykonane z najwy\u017cszej jako\u015bci komponent\u00f3w, przez co zadowol\u0105 profesjonalnych wykonawc\u00f3w budowlanych.<\/p>\n<h3>Zestaw zawiera:<\/h3>\n<ul>\n<li>Wiadro glazurnicze 20l<\/li>\n<li>Rolki<\/li>\n<li>Kartk\u0119<\/li>\n<li>Pac\u0119 do spoinowania<\/li>\n<li>Pac\u0119 z g\u0105bk\u0105 hydroch\u0142onn\u0105 \u017c\u00f3\u0142t\u0105 nacinan\u0105<\/li>\n<li>Pac\u0119 nierdzewn\u0105 130\/270mm z\u0105b 8mm<\/li>\n<li>Kielni\u0119 nierdzewn\u0105 sztukatorsk\u0105 80mm<\/li>\n<\/ul>\n","protected":false},"excerpt":{"rendered":"<p>Zestaw glazurniczy to narz\u0119dzia i akcesoria wykorzystywane do prac glazurniczych, czyli uk\u0142adania p\u0142ytek ceramicznych na \u015bcianach, pod\u0142ogach lub innych powierzchniach. Narz\u0119dzia zosta\u0142y wykonane z najwy\u017cszej jako\u015bci komponent\u00f3w, przez co zadowol\u0105 profesjonalnych wykonawc\u00f3w budowlanych.<\/p>\n","protected":false},"featured_media":21548,"comment_status":"open","ping_status":"closed","template":"","meta":{"_acf_changed":false,"inline_featured_image":false},"product_cat":[2289,2294],"product_tag":[1875,1876,1874],"class_list":{"0":"post-21346","1":"product","2":"type-product","3":"status-publish","4":"has-post-thumbnail","6":"product_cat-pace-i-kielnie","7":"product_cat-akcesoria-do-czyszczenia-plytek-i-fug","8":"product_tag-solid-professional","9":"product_tag-ukladania-plytek","10":"product_tag-zestaw-narzedzi-glazurniczych","12":"first","13":"instock","14":"shipping-taxable","15":"purchasable","16":"product-type-simple"},"acf":[],"_links":{"self":[{"href":"https:\/\/e-adams.pl\/de\/wp-json\/wp\/v2\/product\/21346","targetHints":{"allow":["GET"]}}],"collection":[{"href":"https:\/\/e-adams.pl\/de\/wp-json\/wp\/v2\/product"}],"about":[{"href":"https:\/\/e-adams.pl\/de\/wp-json\/wp\/v2\/types\/product"}],"replies":[{"embeddable":true,"href":"https:\/\/e-adams.pl\/de\/wp-json\/wp\/v2\/comments?post=21346"}],"wp:featuredmedia":[{"embeddable":true,"href":"https:\/\/e-adams.pl\/de\/wp-json\/wp\/v2\/media\/21548"}],"wp:attachment":[{"href":"https:\/\/e-adams.pl\/de\/wp-json\/wp\/v2\/media?parent=21346"}],"wp:term":[{"taxonomy":"product_cat","embeddable":true,"href":"https:\/\/e-adams.pl\/de\/wp-json\/wp\/v2\/product_cat?post=21346"},{"taxonomy":"product_tag","embeddable":true,"href":"https:\/\/e-adams.pl\/de\/wp-json\/wp\/v2\/product_tag?post=21346"}],"curies":[{"name":"wp","href":"https:\/\/api.w.org\/{rel}","templated":true}]}}