{"id":21797,"date":"2023-10-18T11:48:40","date_gmt":"2023-10-18T09:48:40","guid":{"rendered":"https:\/\/e-adams.pl\/?post_type=product&#038;p=21797"},"modified":"2023-10-25T08:35:26","modified_gmt":"2023-10-25T06:35:26","slug":"baterie-oltens","status":"publish","type":"product","link":"https:\/\/e-adams.pl\/de\/produkt\/baterie-oltens\/","title":{"rendered":"Baterie Bidetowe Oltens"},"content":{"rendered":"<h2>Poznaj kolekcje baterii bidetowych Oltens<\/h2>\n<p>Oltens to marka, kt\u00f3ra czerpie wprost z natury &#8211; z jej si\u0142y, harmonii i ducha. <a href=\"https:\/\/e-adams.pl\/oltens\/\">G\u0142\u00f3wn\u0105 inspiracj\u0105<\/a> do tworzenia naszych produkt\u00f3w sta\u0142y si\u0119 trzy niezwykle pi\u0119kne i efektowne wodospady \u2013 energetyzuj\u0105cy, mieszcz\u0105cy si\u0119 w Indiach Jog, zjawiskowy po\u0142o\u017cony w Parku Narodowym Yosemite w Kalifornii Vernal, oraz po\u0142o\u017cony w po\u0142udniowozachodniej cz\u0119\u015bci Islandii, zwany Z\u0142otym Wodospadem Gulfoss.<\/p>\n<p>Urz\u0105dzaj\u0105c \u0142azienk\u0119 nale\u017cy zadba\u0107, aby by\u0142a jak najbardziej funkcjonalna i wygodna w u\u017cytkowaniu. Opr\u00f3cz podstawowej armatury warto uwzgl\u0119dni\u0107 w niej miejsce na bidet, kt\u00f3ry coraz cz\u0119\u015bciej mo\u017cna spotka\u0107 w prywatnych \u0142azienkach. To praktyczne urz\u0105dzenie, kt\u00f3re u\u0142atwia utrzymanie higieny intymnej, zw\u0142aszcza w przypadku os\u00f3b starszych czy niepe\u0142nosprawnych. Bidet nie zajmuje wiele miejsca i jest prosty w monta\u017cu, jednak do prawid\u0142owego dzia\u0142ania potrzebuje dodatkowych akcesori\u00f3w. By urz\u0105dzenie w pe\u0142ni dzia\u0142a\u0142o, do jego prawid\u0142owego funkcjonowania niezb\u0119dna jest bateria bidetowa, kt\u00f3r\u0105 mo\u017cesz zakupi\u0107 oddzielnie i dopasowa\u0107 do wystroju wn\u0119trza. W naszej ofercie znajdziesz szeroki wyb\u00f3r urz\u0105dze\u0144, kt\u00f3re r\u00f3\u017cni\u0105 si\u0119 konstrukcj\u0105, sposobem obs\u0142ugi oraz stylem wyko\u0144czenia.<\/p>\n<p>&nbsp;<\/p>\n","protected":false},"excerpt":{"rendered":"<p>Poznaj kolekcje baterii bidetowych Oltens Oltens to marka, kt\u00f3ra czerpie wprost z natury &#8211; z jej si\u0142y, harmonii i ducha. G\u0142\u00f3wn\u0105 inspiracj\u0105 do tworzenia naszych produkt\u00f3w sta\u0142y si\u0119 trzy niezwykle pi\u0119kne i efektowne wodospady \u2013&#8230;<\/p>\n<div class=\"text-center\"><a class=\"button-link\" href=\"https:\/\/e-adams.pl\/de\/produkt\/baterie-oltens\/\">Czytaj wi\u0119cej<\/a><\/div>\n","protected":false},"featured_media":21790,"comment_status":"closed","ping_status":"closed","template":"","meta":{"_acf_changed":false,"inline_featured_image":false},"product_cat":[1937],"product_tag":[1940,1942,1941],"class_list":{"0":"post-21797","1":"product","2":"type-product","3":"status-publish","4":"has-post-thumbnail","6":"product_cat-baterie-bidetowe","7":"product_tag-baterie-bidetowe","8":"product_tag-lazienka","9":"product_tag-oltens","11":"first","12":"instock","13":"shipping-taxable","14":"product-type-simple"},"acf":[],"_links":{"self":[{"href":"https:\/\/e-adams.pl\/de\/wp-json\/wp\/v2\/product\/21797","targetHints":{"allow":["GET"]}}],"collection":[{"href":"https:\/\/e-adams.pl\/de\/wp-json\/wp\/v2\/product"}],"about":[{"href":"https:\/\/e-adams.pl\/de\/wp-json\/wp\/v2\/types\/product"}],"replies":[{"embeddable":true,"href":"https:\/\/e-adams.pl\/de\/wp-json\/wp\/v2\/comments?post=21797"}],"wp:featuredmedia":[{"embeddable":true,"href":"https:\/\/e-adams.pl\/de\/wp-json\/wp\/v2\/media\/21790"}],"wp:attachment":[{"href":"https:\/\/e-adams.pl\/de\/wp-json\/wp\/v2\/media?parent=21797"}],"wp:term":[{"taxonomy":"product_cat","embeddable":true,"href":"https:\/\/e-adams.pl\/de\/wp-json\/wp\/v2\/product_cat?post=21797"},{"taxonomy":"product_tag","embeddable":true,"href":"https:\/\/e-adams.pl\/de\/wp-json\/wp\/v2\/product_tag?post=21797"}],"curies":[{"name":"wp","href":"https:\/\/api.w.org\/{rel}","templated":true}]}}